{"id":4100,"date":"2026-04-01T19:21:42","date_gmt":"2026-04-01T17:21:42","guid":{"rendered":"https:\/\/prinvent.lv\/product\/spiralveida-vaze-augsta\/"},"modified":"2026-04-01T19:21:42","modified_gmt":"2026-04-01T17:21:42","slug":"spiralveida-vaze-augsta","status":"publish","type":"product","link":"https:\/\/prinvent.lv\/lv\/produkts\/spiralveida-vaze-augsta\/","title":{"rendered":"Spir\u0101lveida v\u0101ze \u2013 augsta"},"content":{"rendered":"<p data-start=\"218\" data-end=\"576\">Flow Twist v\u0101zei ir dinamiska skulptur\u0101la forma, ko nosaka gludas, spir\u0101lveida l\u012bknes, kas eleganti apvij t\u0101s korpusu.<\/p>\n<p data-start=\"218\" data-end=\"576\">The twisted design creates a sense of movement, flowing naturally from the wide base to the narrow neck.Sav\u012bt\u0101 konstrukcija rada kust\u012bbas saj\u016btu, dabiski pl\u016bstot no plat\u0101s pamatnes l\u012bdz \u0161aurajam kakli\u0146am.Sav\u012bt\u0101 konstrukcija rada kust\u012bbas saj\u016btu, dabiski pl\u016bstot no plat\u0101s pamatnes l\u012bdz \u0161aurajam kakli\u0146am.<\/p>\n<p data-start=\"218\" data-end=\"576\">T\u0101s sl\u0101\u0146ain\u0101 virsmas tekst\u016bra izce\u013c 3D druk\u0101to strukt\u016bru, pie\u0161\u0137irot dzi\u013cumu un modernu industri\u0101lu est\u0113tiku.<\/p>\n<p data-start=\"218\" data-end=\"576\">\u0160\u012b v\u0101ze ir lieliski piem\u0113rota gan k\u0101 atsevi\u0161\u0137s dekorat\u012bvs elements, gan \u017e\u0101v\u0113tu ziedu kompoz\u012bcij\u0101m, pie\u0161\u0137irot jebkuram interjeram drosm\u012bgu un m\u016bsdien\u012bgu piesk\u0101rienu.<\/p>\n<p data-start=\"292\" data-end=\"674\">Izm\u0113ri: 8 x 8 x 17,5 cm<\/p>\n","protected":false},"excerpt":{"rendered":"<p data-start=\"754\" data-end=\"841\">Augsta minim\u0101listiska v\u0101ze ar gludu spir\u0101lveida v\u0113rp\u0161anas dizainu, kas lieliski ieder\u0113sies modern\u0101 interjer\u0101.<\/p>\n<p data-start=\"292\" data-end=\"674\">Izm\u0113ri: 8 x 8 x 17,5 cm<\/p>\n<p>Svars: 84 g<\/p>\n","protected":false},"featured_media":3847,"comment_status":"open","ping_status":"closed","template":"","meta":[],"product_brand":[],"product_cat":[96,94],"product_tag":[493,509,460,459,490,491],"class_list":{"0":"post-4100","1":"product","2":"type-product","3":"status-publish","4":"has-post-thumbnail","6":"product_cat-majas-dekori","7":"product_cat-maksla-dizains","8":"product_tag-3d-drukata-vaze","9":"product_tag-augsta-vaze","10":"product_tag-minimalisma-dekors","11":"product_tag-moderna-vaze","12":"product_tag-spiralveida-vaze","13":"product_tag-vita-vaze","15":"first","16":"instock","17":"virtual","18":"purchasable","19":"product-type-simple"},"_links":{"self":[{"href":"https:\/\/prinvent.lv\/lv\/wp-json\/wp\/v2\/product\/4100","targetHints":{"allow":["GET"]}}],"collection":[{"href":"https:\/\/prinvent.lv\/lv\/wp-json\/wp\/v2\/product"}],"about":[{"href":"https:\/\/prinvent.lv\/lv\/wp-json\/wp\/v2\/types\/product"}],"replies":[{"embeddable":true,"href":"https:\/\/prinvent.lv\/lv\/wp-json\/wp\/v2\/comments?post=4100"}],"wp:featuredmedia":[{"embeddable":true,"href":"https:\/\/prinvent.lv\/lv\/wp-json\/wp\/v2\/media\/3847"}],"wp:attachment":[{"href":"https:\/\/prinvent.lv\/lv\/wp-json\/wp\/v2\/media?parent=4100"}],"wp:term":[{"taxonomy":"product_brand","embeddable":true,"href":"https:\/\/prinvent.lv\/lv\/wp-json\/wp\/v2\/product_brand?post=4100"},{"taxonomy":"product_cat","embeddable":true,"href":"https:\/\/prinvent.lv\/lv\/wp-json\/wp\/v2\/product_cat?post=4100"},{"taxonomy":"product_tag","embeddable":true,"href":"https:\/\/prinvent.lv\/lv\/wp-json\/wp\/v2\/product_tag?post=4100"}],"curies":[{"name":"wp","href":"https:\/\/api.w.org\/{rel}","templated":true}]}}