{"id":4066,"date":"2026-03-31T00:13:27","date_gmt":"2026-03-30T22:13:27","guid":{"rendered":"https:\/\/prinvent.lv\/product\/kolibri-skulptura-elegants-putnu-dekors\/"},"modified":"2026-04-08T15:05:05","modified_gmt":"2026-04-08T13:05:05","slug":"kolibri-skulptura-elegants-putnu-dekors","status":"publish","type":"product","link":"https:\/\/prinvent.lv\/lv\/produkts\/kolibri-skulptura-elegants-putnu-dekors\/","title":{"rendered":"Kolibri skulpt\u016bra \u2013 Elegants putnu dekors"},"content":{"rendered":"<p data-start=\"194\" data-end=\"497\">Kolibri skulpt\u016bra atspogu\u013co viena no dabas smalk\u0101kajiem putniem skaistumu un vieglumu.<\/p>\n<p data-start=\"194\" data-end=\"497\">Izstr\u0101d\u0101ta ar glud\u0101m l\u012bnij\u0101m un modernu dekorat\u012bvo stilu, t\u0101 pie\u0161\u0137ir elegances un miera saj\u016btu jebkurai telpai.<\/p>\n<p data-start=\"194\" data-end=\"497\">Lieliski piem\u0113rota plauktiem, galdiem vai m\u0101jas interjeram, t\u0101 kalpo k\u0101 smalks, tom\u0113r uzkr\u012bto\u0161s akcents. J\u0113gpilna d\u0101vana dabas m\u012b\u013cot\u0101jiem un tiem, kas nov\u0113rt\u0113 izsmalcin\u0101tu dekoru. <\/p>\n<p data-start=\"292\" data-end=\"674\">Izm\u0113ri: 10 \u00d7 8 \u00d7 5 cm<\/p>\n<p>&nbsp;<\/p>\n","protected":false},"excerpt":{"rendered":"<p data-start=\"611\" data-end=\"708\">Graciozs kolibri dekors, kas pie\u0161\u0137ir J\u016bsu telpai vieglu un elegantu piesk\u0101rienu.<\/p>\n<p data-start=\"292\" data-end=\"674\">Izm\u0113ri: 10 \u00d7 8 \u00d7 5 cm<\/p>\n<p>Svars: 17 g<\/p>\n","protected":false},"featured_media":3570,"comment_status":"open","ping_status":"closed","template":"","meta":[],"product_brand":[],"product_cat":[94],"product_tag":[504,319,320,502,391,503],"class_list":{"0":"post-4066","1":"product","2":"type-product","3":"status-publish","4":"has-post-thumbnail","6":"product_cat-maksla-dizains","7":"product_tag-dabas-dekors","8":"product_tag-davanas-ideja","9":"product_tag-dzivnieku-dekors","10":"product_tag-kolibri-dekors","11":"product_tag-majas-dekors","12":"product_tag-putnu-skulptura","14":"first","15":"instock","16":"virtual","17":"purchasable","18":"product-type-simple"},"_links":{"self":[{"href":"https:\/\/prinvent.lv\/lv\/wp-json\/wp\/v2\/product\/4066","targetHints":{"allow":["GET"]}}],"collection":[{"href":"https:\/\/prinvent.lv\/lv\/wp-json\/wp\/v2\/product"}],"about":[{"href":"https:\/\/prinvent.lv\/lv\/wp-json\/wp\/v2\/types\/product"}],"replies":[{"embeddable":true,"href":"https:\/\/prinvent.lv\/lv\/wp-json\/wp\/v2\/comments?post=4066"}],"wp:featuredmedia":[{"embeddable":true,"href":"https:\/\/prinvent.lv\/lv\/wp-json\/wp\/v2\/media\/3570"}],"wp:attachment":[{"href":"https:\/\/prinvent.lv\/lv\/wp-json\/wp\/v2\/media?parent=4066"}],"wp:term":[{"taxonomy":"product_brand","embeddable":true,"href":"https:\/\/prinvent.lv\/lv\/wp-json\/wp\/v2\/product_brand?post=4066"},{"taxonomy":"product_cat","embeddable":true,"href":"https:\/\/prinvent.lv\/lv\/wp-json\/wp\/v2\/product_cat?post=4066"},{"taxonomy":"product_tag","embeddable":true,"href":"https:\/\/prinvent.lv\/lv\/wp-json\/wp\/v2\/product_tag?post=4066"}],"curies":[{"name":"wp","href":"https:\/\/api.w.org\/{rel}","templated":true}]}}