{"id":4065,"date":"2026-04-01T18:44:43","date_gmt":"2026-04-01T16:44:43","guid":{"rendered":"https:\/\/prinvent.lv\/product\/tekstureta-organiska-vaze-skulpturals-vilnu-dizains\/"},"modified":"2026-04-08T15:04:54","modified_gmt":"2026-04-08T13:04:54","slug":"tekstureta-organiska-vaze-skulpturals-vilnu-dizains","status":"publish","type":"product","link":"https:\/\/prinvent.lv\/lv\/produkts\/tekstureta-organiska-vaze-skulpturals-vilnu-dizains\/","title":{"rendered":"Tekstur\u0113ta organisk\u0101 v\u0101ze \u2013 Skulptur\u0101ls vi\u013c\u0146u dizains"},"content":{"rendered":"<p data-start=\"218\" data-end=\"576\">Dekorat\u012bv\u0101 v\u0101ze ar maigu organisku siluetu, apvienotu ar pl\u016bsto\u0161u skulptur\u0101lu virsmas rakstu.<\/p>\n<p data-start=\"218\" data-end=\"576\">Forma maigi papla\u0161in\u0101s no \u0161aura kakla uz noapa\u013cotu pamatni, radot l\u012bdzsvarotu un elegantu profilu.<\/p>\n<p data-start=\"218\" data-end=\"576\">T\u0101s virsmu raksturo atk\u0101rtotas vi\u013c\u0146veida tekst\u016bras, kas pie\u0161\u0137ir dzi\u013cumu un smalku kust\u012bbas saj\u016btu, pie\u0161\u0137irot v\u0101zei izsmalcin\u0101tu un modernu izskatu.<\/p>\n<p data-start=\"218\" data-end=\"576\">Glud\u0101 mat\u0113t\u0101 apdare uzlabo skulptur\u0101lo formu, padarot to par izcilu elementu minim\u0101listisk\u0101 un m\u016bsdien\u012bg\u0101 interjer\u0101.<\/p>\n<p data-start=\"292\" data-end=\"674\">Izm\u0113ri: 9 x 9 x 10 cm<\/p>\n<p>&nbsp;<\/p>\n","protected":false},"excerpt":{"rendered":"<p data-start=\"770\" data-end=\"868\">Skulptur\u0101la v\u0101ze ar maigu organisku formu un pl\u016bsto\u0161u tekstur\u0113tu virsmu modernam, elegantam izskatam.<\/p>\n<p data-start=\"292\" data-end=\"674\">Izm\u0113ri: 9 x 9 x 10 cm<\/p>\n<p>Svars: 55 g<\/p>\n","protected":false},"featured_media":3845,"comment_status":"open","ping_status":"closed","template":"","meta":[],"product_brand":[],"product_cat":[96,94],"product_tag":[460,459,475,489,462,501],"class_list":{"0":"post-4065","1":"product","2":"type-product","3":"status-publish","4":"has-post-thumbnail","6":"product_cat-majas-dekori","7":"product_cat-maksla-dizains","8":"product_tag-minimalisma-dekors","9":"product_tag-moderna-vaze","10":"product_tag-organiska-forma","11":"product_tag-skulpturala-vaze","12":"product_tag-tekstureta-vaze","13":"product_tag-vaze-ar-vilnu-rakstu","15":"first","16":"instock","17":"virtual","18":"purchasable","19":"product-type-simple"},"_links":{"self":[{"href":"https:\/\/prinvent.lv\/lv\/wp-json\/wp\/v2\/product\/4065","targetHints":{"allow":["GET"]}}],"collection":[{"href":"https:\/\/prinvent.lv\/lv\/wp-json\/wp\/v2\/product"}],"about":[{"href":"https:\/\/prinvent.lv\/lv\/wp-json\/wp\/v2\/types\/product"}],"replies":[{"embeddable":true,"href":"https:\/\/prinvent.lv\/lv\/wp-json\/wp\/v2\/comments?post=4065"}],"wp:featuredmedia":[{"embeddable":true,"href":"https:\/\/prinvent.lv\/lv\/wp-json\/wp\/v2\/media\/3845"}],"wp:attachment":[{"href":"https:\/\/prinvent.lv\/lv\/wp-json\/wp\/v2\/media?parent=4065"}],"wp:term":[{"taxonomy":"product_brand","embeddable":true,"href":"https:\/\/prinvent.lv\/lv\/wp-json\/wp\/v2\/product_brand?post=4065"},{"taxonomy":"product_cat","embeddable":true,"href":"https:\/\/prinvent.lv\/lv\/wp-json\/wp\/v2\/product_cat?post=4065"},{"taxonomy":"product_tag","embeddable":true,"href":"https:\/\/prinvent.lv\/lv\/wp-json\/wp\/v2\/product_tag?post=4065"}],"curies":[{"name":"wp","href":"https:\/\/api.w.org\/{rel}","templated":true}]}}