{"id":4061,"date":"2026-03-30T23:28:48","date_gmt":"2026-03-30T21:28:48","guid":{"rendered":"https:\/\/prinvent.lv\/product\/augusta-no-prima-portas-statuja-klasiska-romiesu-skulptura\/"},"modified":"2026-04-08T15:04:43","modified_gmt":"2026-04-08T13:04:43","slug":"augusta-no-prima-portas-statuja-klasiska-romiesu-skulptura","status":"publish","type":"product","link":"https:\/\/prinvent.lv\/lv\/produkts\/augusta-no-prima-portas-statuja-klasiska-romiesu-skulptura\/","title":{"rendered":"Augusta no Prima Portas statuja \u2013 klasisk\u0101 romie\u0161u skulpt\u016bra"},"content":{"rendered":"<p data-start=\"194\" data-end=\"497\">Augusta no Prima Portas statuja ir detaliz\u0113ts vienas no ikonisk\u0101kaj\u0101m Sen\u0101s Romas skulpt\u016br\u0101m atveidojums.<\/p>\n<p data-start=\"194\" data-end=\"497\">Izstr\u0101d\u0101ta ar klasisk\u0101m proporcij\u0101m un v\u0113sturisku precizit\u0101ti, t\u0101 iemieso romie\u0161u imperatora Augusta eleganci un autorit\u0101ti.<\/p>\n<p data-start=\"194\" data-end=\"497\">Ide\u0101li piem\u0113rota k\u0101 dekorat\u012bvs elements m\u0101jai, birojam vai kabinetam, pie\u0161\u0137irot jebkuram interjeram nadlaic\u012bgu un izsmalcin\u0101tu akcentu.<\/p>\n<p data-start=\"194\" data-end=\"497\">Lieliski piem\u0113rota v\u0113stures entuziastiem, m\u0101kslas m\u012b\u013cot\u0101jiem vai k\u0101 unik\u0101ls interjera dekors.<\/p>\n<p data-start=\"292\" data-end=\"674\">Izm\u0113ri: 22 \u00d7 12,6 \u00d7 11 cm<\/p>\n<p>&nbsp;<\/p>\n","protected":false},"excerpt":{"rendered":"<p data-start=\"611\" data-end=\"708\">Nadlaic\u012bga romie\u0161u skulpt\u016bra, kas jebkur\u0101 telp\u0101 ienes klasisku eleganci un v\u0113sturisku raksturu.<\/p>\n<p data-start=\"292\" data-end=\"674\">Izm\u0113ri: 22 \u00d7 12,6 \u00d7 11 cm<\/p>\n<p>Svars: 170 g<\/p>\n","protected":false},"featured_media":3563,"comment_status":"open","ping_status":"closed","template":"","meta":[],"product_brand":[],"product_cat":[94],"product_tag":[497,406,499,496,498,500],"class_list":{"0":"post-4061","1":"product","2":"type-product","3":"status-publish","4":"has-post-thumbnail","6":"product_cat-maksla-dizains","7":"product_tag-augusta-statuja","8":"product_tag-klasiska-skulptura","9":"product_tag-makslas-dekors","10":"product_tag-romiesu-statuja","11":"product_tag-senas-romas-dekors","12":"product_tag-vesturiska-personiba","14":"first","15":"instock","16":"virtual","17":"purchasable","18":"product-type-simple"},"_links":{"self":[{"href":"https:\/\/prinvent.lv\/lv\/wp-json\/wp\/v2\/product\/4061","targetHints":{"allow":["GET"]}}],"collection":[{"href":"https:\/\/prinvent.lv\/lv\/wp-json\/wp\/v2\/product"}],"about":[{"href":"https:\/\/prinvent.lv\/lv\/wp-json\/wp\/v2\/types\/product"}],"replies":[{"embeddable":true,"href":"https:\/\/prinvent.lv\/lv\/wp-json\/wp\/v2\/comments?post=4061"}],"wp:featuredmedia":[{"embeddable":true,"href":"https:\/\/prinvent.lv\/lv\/wp-json\/wp\/v2\/media\/3563"}],"wp:attachment":[{"href":"https:\/\/prinvent.lv\/lv\/wp-json\/wp\/v2\/media?parent=4061"}],"wp:term":[{"taxonomy":"product_brand","embeddable":true,"href":"https:\/\/prinvent.lv\/lv\/wp-json\/wp\/v2\/product_brand?post=4061"},{"taxonomy":"product_cat","embeddable":true,"href":"https:\/\/prinvent.lv\/lv\/wp-json\/wp\/v2\/product_cat?post=4061"},{"taxonomy":"product_tag","embeddable":true,"href":"https:\/\/prinvent.lv\/lv\/wp-json\/wp\/v2\/product_tag?post=4061"}],"curies":[{"name":"wp","href":"https:\/\/api.w.org\/{rel}","templated":true}]}}