{"id":4060,"date":"2026-03-29T19:40:40","date_gmt":"2026-03-29T17:40:40","guid":{"rendered":"https:\/\/prinvent.lv\/product\/vaze-ar-ovalam-atverem\/"},"modified":"2026-04-08T15:04:32","modified_gmt":"2026-04-08T13:04:32","slug":"vaze-ar-ovalam-atverem","status":"publish","type":"product","link":"https:\/\/prinvent.lv\/lv\/produkts\/vaze-ar-ovalam-atverem\/","title":{"rendered":"V\u0101ze ar ov\u0101l\u0101m atver\u0113m"},"content":{"rendered":"<p data-start=\"269\" data-end=\"656\">Dekorat\u012bva v\u0101ze ar ov\u0101liem izgriezumiem pied\u0101v\u0101 modernu un uzkr\u012bto\u0161u dizainu, kas pie\u0161\u0137ir dzi\u013cumu un tekst\u016bru jebkurai telpai.<\/p>\n<p data-start=\"269\" data-end=\"656\">Glud\u0101s, noapa\u013cot\u0101s atveres rada unik\u0101lu vizu\u0101lo efektu, padarot to par ide\u0101lu akcentu J\u016bsu galdam, plauktam vai interjera dekoram.<\/p>\n<p data-start=\"269\" data-end=\"656\">\u0160\u012b v\u0101ze, kas ir ide\u0101li piem\u0113rota kalt\u0113tiem ziediem vai k\u0101 atsevi\u0161\u0137s akcents, apvieno stilu ar minim\u0101lismu, radot t\u012bru un m\u016bsdien\u012bgu izskatu.<\/p>\n<p data-start=\"292\" data-end=\"674\">Izm\u0113ri: 17 \u00d7 9 \u00d7 9 cm<\/p>\n","protected":false},"excerpt":{"rendered":"<p data-start=\"611\" data-end=\"708\">M\u016bsdien\u012bga v\u0101ze ar glud\u0101m ov\u0101l\u0101m atver\u0113m, kas pie\u0161\u0137ir unik\u0101lu un stil\u012bgu piesk\u0101rienu jebkurai interjera telpai.<\/p>\n<p>Izm\u0113ri: 17 \u00d7 9 \u00d7 9 cm<\/p>\n","protected":false},"featured_media":3280,"comment_status":"open","ping_status":"closed","template":"","meta":[],"product_brand":[],"product_cat":[96,97],"product_tag":[426,391,460,459,494,495],"class_list":{"0":"post-4060","1":"product","2":"type-product","3":"status-publish","4":"has-post-thumbnail","6":"product_cat-majas-dekori","7":"product_cat-majsaimniecibas-preces","8":"product_tag-dekorativa-vaze","9":"product_tag-majas-dekors","10":"product_tag-minimalisma-dekors","11":"product_tag-moderna-vaze","12":"product_tag-vaze","13":"product_tag-vaze-ar-ovaliem-izgriezumiem","15":"first","16":"instock","17":"virtual","18":"purchasable","19":"product-type-simple"},"_links":{"self":[{"href":"https:\/\/prinvent.lv\/lv\/wp-json\/wp\/v2\/product\/4060","targetHints":{"allow":["GET"]}}],"collection":[{"href":"https:\/\/prinvent.lv\/lv\/wp-json\/wp\/v2\/product"}],"about":[{"href":"https:\/\/prinvent.lv\/lv\/wp-json\/wp\/v2\/types\/product"}],"replies":[{"embeddable":true,"href":"https:\/\/prinvent.lv\/lv\/wp-json\/wp\/v2\/comments?post=4060"}],"wp:featuredmedia":[{"embeddable":true,"href":"https:\/\/prinvent.lv\/lv\/wp-json\/wp\/v2\/media\/3280"}],"wp:attachment":[{"href":"https:\/\/prinvent.lv\/lv\/wp-json\/wp\/v2\/media?parent=4060"}],"wp:term":[{"taxonomy":"product_brand","embeddable":true,"href":"https:\/\/prinvent.lv\/lv\/wp-json\/wp\/v2\/product_brand?post=4060"},{"taxonomy":"product_cat","embeddable":true,"href":"https:\/\/prinvent.lv\/lv\/wp-json\/wp\/v2\/product_cat?post=4060"},{"taxonomy":"product_tag","embeddable":true,"href":"https:\/\/prinvent.lv\/lv\/wp-json\/wp\/v2\/product_tag?post=4060"}],"curies":[{"name":"wp","href":"https:\/\/api.w.org\/{rel}","templated":true}]}}