{"id":4059,"date":"2026-04-01T18:53:29","date_gmt":"2026-04-01T16:53:29","guid":{"rendered":"https:\/\/prinvent.lv\/product\/jauka-kaka-vaze-dzivnieku-dekors\/"},"modified":"2026-04-08T15:04:21","modified_gmt":"2026-04-08T13:04:21","slug":"jauka-kaka-vaze-dzivnieku-dekors","status":"publish","type":"product","link":"https:\/\/prinvent.lv\/lv\/produkts\/jauka-kaka-vaze-dzivnieku-dekors\/","title":{"rendered":"Jauka ka\u0137a v\u0101ze \u2013 Dz\u012bvnieku dekors"},"content":{"rendered":"<p data-start=\"218\" data-end=\"576\">Jauk\u0101 ka\u0137a v\u0101ze izce\u013cas ar maigu, noapa\u013cotu formu un minim\u0101listisku dz\u012bvnieku dizainu, radot mier\u012bgu un burv\u012bgu dekorat\u012bvu elementu.<\/p>\n<p data-start=\"218\" data-end=\"576\">Aizv\u0113rt\u0101s acis un glud\u0101 forma pie\u0161\u0137ir tai mier\u012bgu un m\u0101j\u012bgu saj\u016btu, padarot to ide\u0101li piem\u0113rotu modernam, rota\u013c\u012bgam vai skandin\u0101vu stila interjeram.<\/p>\n<p data-start=\"218\" data-end=\"576\">Ide\u0101li piem\u0113rota maziem ziediem vai k\u0101 atsevi\u0161\u0137s dekora elements, t\u0101 pie\u0161\u0137ir person\u012bbu un siltumu jebkurai telpai.<\/p>\n<p data-start=\"292\" data-end=\"674\">Izm\u0113ri: 7 x 9,8 x 10 cm<\/p>\n","protected":false},"excerpt":{"rendered":"<p data-start=\"670\" data-end=\"774\">Burv\u012bga ka\u0137a formas v\u0101ze ar maigu minim\u0101listisku dizainu, kas lieliski piem\u0113rota m\u0101j\u012bgas noska\u0146as rad\u012b\u0161anai J\u016bsu telp\u0101.<\/p>\n<p data-start=\"292\" data-end=\"674\">Izm\u0113ri: 7 x 9,8 x 100 cm<\/p>\n<p>Svars: 70 g<\/p>\n","protected":false},"featured_media":3846,"comment_status":"open","ping_status":"closed","template":"","meta":[],"product_brand":[],"product_cat":[96,94],"product_tag":[493,460,492,489,490,491],"class_list":{"0":"post-4059","1":"product","2":"type-product","3":"status-publish","4":"has-post-thumbnail","6":"product_cat-majas-dekori","7":"product_cat-maksla-dizains","8":"product_tag-3d-drukata-vaze","9":"product_tag-minimalisma-dekors","10":"product_tag-moderns-dekors","11":"product_tag-skulpturala-vaze","12":"product_tag-spiralveida-vaze","13":"product_tag-vita-vaze","15":"first","16":"instock","17":"virtual","18":"purchasable","19":"product-type-simple"},"_links":{"self":[{"href":"https:\/\/prinvent.lv\/lv\/wp-json\/wp\/v2\/product\/4059","targetHints":{"allow":["GET"]}}],"collection":[{"href":"https:\/\/prinvent.lv\/lv\/wp-json\/wp\/v2\/product"}],"about":[{"href":"https:\/\/prinvent.lv\/lv\/wp-json\/wp\/v2\/types\/product"}],"replies":[{"embeddable":true,"href":"https:\/\/prinvent.lv\/lv\/wp-json\/wp\/v2\/comments?post=4059"}],"wp:featuredmedia":[{"embeddable":true,"href":"https:\/\/prinvent.lv\/lv\/wp-json\/wp\/v2\/media\/3846"}],"wp:attachment":[{"href":"https:\/\/prinvent.lv\/lv\/wp-json\/wp\/v2\/media?parent=4059"}],"wp:term":[{"taxonomy":"product_brand","embeddable":true,"href":"https:\/\/prinvent.lv\/lv\/wp-json\/wp\/v2\/product_brand?post=4059"},{"taxonomy":"product_cat","embeddable":true,"href":"https:\/\/prinvent.lv\/lv\/wp-json\/wp\/v2\/product_cat?post=4059"},{"taxonomy":"product_tag","embeddable":true,"href":"https:\/\/prinvent.lv\/lv\/wp-json\/wp\/v2\/product_tag?post=4059"}],"curies":[{"name":"wp","href":"https:\/\/api.w.org\/{rel}","templated":true}]}}