{"id":4057,"date":"2026-03-31T22:32:02","date_gmt":"2026-03-31T20:32:02","guid":{"rendered":"https:\/\/prinvent.lv\/product\/bambu-lab-ptfe-padeves-vadotne-minimalais-radiuss\/"},"modified":"2026-04-08T15:04:07","modified_gmt":"2026-04-08T13:04:07","slug":"bambu-lab-ptfe-padeves-vadotne-minimalais-radiuss","status":"publish","type":"product","link":"https:\/\/prinvent.lv\/lv\/produkts\/bambu-lab-ptfe-padeves-vadotne-minimalais-radiuss\/","title":{"rendered":"Bambu Lab PTFE padeves vadotne \u2013 minim\u0101lais r\u0101diuss"},"content":{"rendered":"<p data-start=\"222\" data-end=\"616\">PTFE padeves vadotne ir paredz\u0113ta Bambu Lab 3D printeriem, lai nodro\u0161in\u0101tu vienm\u0113r\u012bgu un kontrol\u0113tu pavediena ce\u013cu ar optimiz\u0113tu minim\u0101lo lieces r\u0101diusu.<\/p>\n<p data-start=\"222\" data-end=\"616\">T\u0101 pal\u012bdz nov\u0113rst asus l\u012bkumus PTFE caurul\u0113, samazinot berzi, nodilumu un pavediena padeves probl\u0113mu risku.<\/p>\n<p data-start=\"222\" data-end=\"616\">Vienm\u0113r\u012bg\u0101k virzot pavedienu, t\u0101 uzlabo drukas uzticam\u012bbu un pagarina J\u016bsu PTFE caurules kalpo\u0161anas laiku.<\/p>\n<p data-start=\"292\" data-end=\"674\">Izm\u0113ri: 6 x 5 x 0,8 cm<\/p>\n<p>&nbsp;<\/p>\n","protected":false},"excerpt":{"rendered":"<p data-start=\"755\" data-end=\"850\">PTFE vadotne, kas uzlabo pavediena pl\u016bsmu, uzturot vienm\u0113r\u012bgu lieces r\u0101diusu un samazinot nodilumu.<\/p>\n<p data-start=\"292\" data-end=\"674\">Izm\u0113ri: 6 x 5 x 0,8 cm<\/p>\n<p>Svars: 6 g<\/p>\n","protected":false},"featured_media":3731,"comment_status":"open","ping_status":"closed","template":"","meta":[],"product_brand":[],"product_cat":[99],"product_tag":[486,488,476,477,485,478,484,487],"class_list":{"0":"post-4057","1":"product","2":"type-product","3":"status-publish","4":"has-post-thumbnail","6":"product_cat-3d-printeru-aksesuari","7":"product_tag-3d-printera-uzlabojums","8":"product_tag-3d-printeris","9":"product_tag-bambu-lab","10":"product_tag-bambu-piederums","11":"product_tag-pavediena-vadotne","12":"product_tag-piederums","13":"product_tag-ptfe-vadotne","14":"product_tag-vienmeriga-padeve","16":"first","17":"instock","18":"virtual","19":"purchasable","20":"product-type-simple"},"_links":{"self":[{"href":"https:\/\/prinvent.lv\/lv\/wp-json\/wp\/v2\/product\/4057","targetHints":{"allow":["GET"]}}],"collection":[{"href":"https:\/\/prinvent.lv\/lv\/wp-json\/wp\/v2\/product"}],"about":[{"href":"https:\/\/prinvent.lv\/lv\/wp-json\/wp\/v2\/types\/product"}],"replies":[{"embeddable":true,"href":"https:\/\/prinvent.lv\/lv\/wp-json\/wp\/v2\/comments?post=4057"}],"wp:featuredmedia":[{"embeddable":true,"href":"https:\/\/prinvent.lv\/lv\/wp-json\/wp\/v2\/media\/3731"}],"wp:attachment":[{"href":"https:\/\/prinvent.lv\/lv\/wp-json\/wp\/v2\/media?parent=4057"}],"wp:term":[{"taxonomy":"product_brand","embeddable":true,"href":"https:\/\/prinvent.lv\/lv\/wp-json\/wp\/v2\/product_brand?post=4057"},{"taxonomy":"product_cat","embeddable":true,"href":"https:\/\/prinvent.lv\/lv\/wp-json\/wp\/v2\/product_cat?post=4057"},{"taxonomy":"product_tag","embeddable":true,"href":"https:\/\/prinvent.lv\/lv\/wp-json\/wp\/v2\/product_tag?post=4057"}],"curies":[{"name":"wp","href":"https:\/\/api.w.org\/{rel}","templated":true}]}}