{"id":4054,"date":"2026-04-01T17:21:01","date_gmt":"2026-04-01T15:21:01","guid":{"rendered":"https:\/\/prinvent.lv\/product\/filamenta-spoles-turetajs-vienmerigas-rotacijas-stativs\/"},"modified":"2026-04-08T15:04:06","modified_gmt":"2026-04-08T13:04:06","slug":"filamenta-spoles-turetajs-vienmerigas-rotacijas-stativs","status":"publish","type":"product","link":"https:\/\/prinvent.lv\/lv\/produkts\/filamenta-spoles-turetajs-vienmerigas-rotacijas-stativs\/","title":{"rendered":"Filamenta spoles tur\u0113t\u0101js \u2013 vienm\u0113r\u012bgas rot\u0101cijas stat\u012bvs"},"content":{"rendered":"<p data-start=\"222\" data-end=\"616\">PTFE padeves vadotne ir paredz\u0113ta Bambu Lab 3D printeriem, lai nodro\u0161in\u0101tu vienm\u0113r\u012bgu un kontrol\u0113tu filamenta ce\u013cu ar optimiz\u0113tu minim\u0101lo lieces r\u0101diusu.<\/p>\n<p data-start=\"222\" data-end=\"616\">T\u0101 pal\u012bdz nov\u0113rst asus PTFE caurul\u012btes izliekumus, samazinot berzi, nodilumu un filamenta padeves probl\u0113mu risku.<\/p>\n<p data-start=\"222\" data-end=\"616\">Virzot filamentu dabisk\u0101k, t\u0101 uzlabo druk\u0101\u0161anas uzticam\u012bbu un pagarina J\u016bsu PTFE caurul\u012btes kalpo\u0161anas laiku.<\/p>\n<p data-start=\"292\" data-end=\"674\">Izm\u0113ri: 16 x 15 x 9,5 cm<\/p>\n<p>&nbsp;<\/p>\n","protected":false},"excerpt":{"rendered":"<p data-start=\"660\" data-end=\"747\">Vienm\u0113r\u012bgas rot\u0101cijas spoles tur\u0113t\u0101js, kas uzlabo filamenta padevi un druk\u0101\u0161anas konsekvenci.<\/p>\n<p data-start=\"292\" data-end=\"674\">Izm\u0113ri: 16 x 15 x 9,5 cm<\/p>\n<p>Svars: 90 g<\/p>\n","protected":false},"featured_media":3835,"comment_status":"open","ping_status":"closed","template":"","meta":[],"product_brand":[],"product_cat":[99],"product_tag":[481,476,477,483,482,480,478,479],"class_list":{"0":"post-4054","1":"product","2":"type-product","3":"status-publish","4":"has-post-thumbnail","6":"product_cat-3d-printeru-aksesuari","7":"product_tag-3d-printera-piederums","8":"product_tag-bambu-lab","9":"product_tag-bambu-piederums","10":"product_tag-drukasanas-uzlabojums","11":"product_tag-filamenta-stativs","12":"product_tag-filamenta-turetajs","13":"product_tag-piederums","14":"product_tag-spoles-turetajs","16":"first","17":"instock","18":"virtual","19":"purchasable","20":"product-type-simple"},"_links":{"self":[{"href":"https:\/\/prinvent.lv\/lv\/wp-json\/wp\/v2\/product\/4054","targetHints":{"allow":["GET"]}}],"collection":[{"href":"https:\/\/prinvent.lv\/lv\/wp-json\/wp\/v2\/product"}],"about":[{"href":"https:\/\/prinvent.lv\/lv\/wp-json\/wp\/v2\/types\/product"}],"replies":[{"embeddable":true,"href":"https:\/\/prinvent.lv\/lv\/wp-json\/wp\/v2\/comments?post=4054"}],"wp:featuredmedia":[{"embeddable":true,"href":"https:\/\/prinvent.lv\/lv\/wp-json\/wp\/v2\/media\/3835"}],"wp:attachment":[{"href":"https:\/\/prinvent.lv\/lv\/wp-json\/wp\/v2\/media?parent=4054"}],"wp:term":[{"taxonomy":"product_brand","embeddable":true,"href":"https:\/\/prinvent.lv\/lv\/wp-json\/wp\/v2\/product_brand?post=4054"},{"taxonomy":"product_cat","embeddable":true,"href":"https:\/\/prinvent.lv\/lv\/wp-json\/wp\/v2\/product_cat?post=4054"},{"taxonomy":"product_tag","embeddable":true,"href":"https:\/\/prinvent.lv\/lv\/wp-json\/wp\/v2\/product_tag?post=4054"}],"curies":[{"name":"wp","href":"https:\/\/api.w.org\/{rel}","templated":true}]}}