{"id":4047,"date":"2026-04-01T18:08:41","date_gmt":"2026-04-01T16:08:41","guid":{"rendered":"https:\/\/prinvent.lv\/product\/his-vase-modernisms-un-minimalisms\/"},"modified":"2026-04-08T15:04:05","modified_gmt":"2026-04-08T13:04:05","slug":"his-vase-modernisms-un-minimalisms","status":"publish","type":"product","link":"https:\/\/prinvent.lv\/lv\/produkts\/his-vase-modernisms-un-minimalisms\/","title":{"rendered":"\u201eHis Vase\u201c modernisms un minim\u0101lisms"},"content":{"rendered":"<p data-start=\"218\" data-end=\"576\">Modernajai rievotajai v\u0101zei ir maiga, organiska forma apvienojum\u0101 ar t\u012bru vertik\u0101lu tekst\u016bru, radot mier\u012bgu un elegantu t\u0113lu.<\/p>\n<p data-start=\"218\" data-end=\"576\">T\u0101s glud\u0101, mat\u0113t\u0101 apdare un dabiskais tonis padara to par lielisku papildin\u0101jumu minim\u0101lisma, skandin\u0101vu vai m\u016bsdienu interjeram.<\/p>\n<p data-start=\"218\" data-end=\"576\">Dekorat\u012bvs elements pats par sevi vai kop\u0101 ar sausajiem ziediem.<\/p>\n<p data-start=\"292\" data-end=\"674\">Izm\u0113ri: 16 x 16 x 18 cm<\/p>\n<p>&nbsp;<\/p>\n","protected":false},"excerpt":{"rendered":"<p data-start=\"609\" data-end=\"703\">Moderna rievota v\u0101ze ar organisku formu, kas pie\u0161\u0137ir mier\u012bgu un minim\u0101listisku akcentu jebkurai telpai.<\/p>\n<p data-start=\"292\" data-end=\"674\">Izm\u0113ri: 16 x 16 x 18 cm<\/p>\n<p>Svars: 187 g<\/p>\n","protected":false},"featured_media":3849,"comment_status":"open","ping_status":"closed","template":"","meta":[],"product_brand":[],"product_cat":[96,94],"product_tag":[426,391,460,459,475,461],"class_list":{"0":"post-4047","1":"product","2":"type-product","3":"status-publish","4":"has-post-thumbnail","6":"product_cat-majas-dekori","7":"product_cat-maksla-dizains","8":"product_tag-dekorativa-vaze","9":"product_tag-majas-dekors","10":"product_tag-minimalisma-dekors","11":"product_tag-moderna-vaze","12":"product_tag-organiska-forma","13":"product_tag-rievota-vaze","15":"first","16":"instock","17":"virtual","18":"purchasable","19":"product-type-simple"},"_links":{"self":[{"href":"https:\/\/prinvent.lv\/lv\/wp-json\/wp\/v2\/product\/4047","targetHints":{"allow":["GET"]}}],"collection":[{"href":"https:\/\/prinvent.lv\/lv\/wp-json\/wp\/v2\/product"}],"about":[{"href":"https:\/\/prinvent.lv\/lv\/wp-json\/wp\/v2\/types\/product"}],"replies":[{"embeddable":true,"href":"https:\/\/prinvent.lv\/lv\/wp-json\/wp\/v2\/comments?post=4047"}],"wp:featuredmedia":[{"embeddable":true,"href":"https:\/\/prinvent.lv\/lv\/wp-json\/wp\/v2\/media\/3849"}],"wp:attachment":[{"href":"https:\/\/prinvent.lv\/lv\/wp-json\/wp\/v2\/media?parent=4047"}],"wp:term":[{"taxonomy":"product_brand","embeddable":true,"href":"https:\/\/prinvent.lv\/lv\/wp-json\/wp\/v2\/product_brand?post=4047"},{"taxonomy":"product_cat","embeddable":true,"href":"https:\/\/prinvent.lv\/lv\/wp-json\/wp\/v2\/product_cat?post=4047"},{"taxonomy":"product_tag","embeddable":true,"href":"https:\/\/prinvent.lv\/lv\/wp-json\/wp\/v2\/product_tag?post=4047"}],"curies":[{"name":"wp","href":"https:\/\/api.w.org\/{rel}","templated":true}]}}