{"id":4041,"date":"2026-04-01T17:37:09","date_gmt":"2026-04-01T15:37:09","guid":{"rendered":"https:\/\/prinvent.lv\/product\/bambu-lab-platformas-skrapis-drukas-nonemsanas-riks\/"},"modified":"2026-04-08T15:03:20","modified_gmt":"2026-04-08T13:03:20","slug":"bambu-lab-platformas-skrapis-drukas-nonemsanas-riks","status":"publish","type":"product","link":"https:\/\/prinvent.lv\/lv\/produkts\/bambu-lab-platformas-skrapis-drukas-nonemsanas-riks\/","title":{"rendered":"Bambu Lab platformas skr\u0101pis \u2013 Drukas no\u0146em\u0161anas r\u012bks"},"content":{"rendered":"<p data-start=\"277\" data-end=\"674\">Bambu Lab platformas skr\u0101pis ir paredz\u0113ts dro\u0161ai un vieglai 3D izdruku no\u0146em\u0161anai no drukas platformas.<\/p>\n<p data-start=\"277\" data-end=\"674\">T\u0101 ergonomisk\u0101 forma nodro\u0161ina \u0113rtu satv\u0113rienu, vienlaikus \u013caujot prec\u012bzi kontrol\u0113t izdruku pacel\u0161anu, nesaboj\u0101jot virsmu.<\/p>\n<p data-start=\"277\" data-end=\"674\">Ide\u0101li piem\u0113rots ikdienas lieto\u0161anai, tas pal\u012bdz uztur\u0113t J\u016bsu drukas platformu lab\u0101 st\u0101vokl\u012b, uzlabojot darba pl\u016bsmas efektivit\u0101ti.<\/p>\n<p data-start=\"277\" data-end=\"674\">Vienk\u0101r\u0161s un b\u016btisks r\u012bks jebkurai 3D drukas iek\u0101rtai.<\/p>\n<p data-start=\"292\" data-end=\"674\">Izm\u0113ri: 15 x 5 x 0,8 cm<\/p>\n<p>&nbsp;<\/p>\n","protected":false},"excerpt":{"rendered":"<p data-start=\"707\" data-end=\"791\">Uzticams skr\u0101pis \u0113rtai un dro\u0161ai 3D izdruku no\u0146em\u0161anai no drukas platformas.<\/p>\n<p data-start=\"292\" data-end=\"674\">Izm\u0113ri: 15 x 5 x 0,8 cm<\/p>\n<p>Svars: 25 g<\/p>\n","protected":false},"featured_media":3842,"comment_status":"open","ping_status":"closed","template":"","meta":[],"product_brand":[],"product_cat":[99],"product_tag":[473,472,471,474,470],"class_list":{"0":"post-4041","1":"product","2":"type-product","3":"status-publish","4":"has-post-thumbnail","6":"product_cat-3d-printeru-aksesuari","7":"product_tag-3d-printera-riks","8":"product_tag-bambu-lab-piederums","9":"product_tag-drukas-nonemsanas-riks","10":"product_tag-drukas-platformas-skrapis","11":"product_tag-platformas-skrapis","13":"first","14":"instock","15":"virtual","16":"purchasable","17":"product-type-simple"},"_links":{"self":[{"href":"https:\/\/prinvent.lv\/lv\/wp-json\/wp\/v2\/product\/4041","targetHints":{"allow":["GET"]}}],"collection":[{"href":"https:\/\/prinvent.lv\/lv\/wp-json\/wp\/v2\/product"}],"about":[{"href":"https:\/\/prinvent.lv\/lv\/wp-json\/wp\/v2\/types\/product"}],"replies":[{"embeddable":true,"href":"https:\/\/prinvent.lv\/lv\/wp-json\/wp\/v2\/comments?post=4041"}],"wp:featuredmedia":[{"embeddable":true,"href":"https:\/\/prinvent.lv\/lv\/wp-json\/wp\/v2\/media\/3842"}],"wp:attachment":[{"href":"https:\/\/prinvent.lv\/lv\/wp-json\/wp\/v2\/media?parent=4041"}],"wp:term":[{"taxonomy":"product_brand","embeddable":true,"href":"https:\/\/prinvent.lv\/lv\/wp-json\/wp\/v2\/product_brand?post=4041"},{"taxonomy":"product_cat","embeddable":true,"href":"https:\/\/prinvent.lv\/lv\/wp-json\/wp\/v2\/product_cat?post=4041"},{"taxonomy":"product_tag","embeddable":true,"href":"https:\/\/prinvent.lv\/lv\/wp-json\/wp\/v2\/product_tag?post=4041"}],"curies":[{"name":"wp","href":"https:\/\/api.w.org\/{rel}","templated":true}]}}