{"id":4036,"date":"2026-03-31T00:20:08","date_gmt":"2026-03-30T22:20:08","guid":{"rendered":"https:\/\/prinvent.lv\/product\/bmw-disku-centrini-68-mm-ritenu-rumbu-vacini-4-gab-komplekts\/"},"modified":"2026-04-08T15:03:05","modified_gmt":"2026-04-08T13:03:05","slug":"bmw-disku-centrini-68-mm-ritenu-rumbu-vacini-4-gab-komplekts","status":"publish","type":"product","link":"https:\/\/prinvent.lv\/lv\/produkts\/bmw-disku-centrini-68-mm-ritenu-rumbu-vacini-4-gab-komplekts\/","title":{"rendered":"BMW disku centri\u0146i \u2013 68 mm rite\u0146u rumbu v\u0101ci\u0146i (4 gab. komplekts)"},"content":{"rendered":"<p data-start=\"287\" data-end=\"657\">Uzlabojiet sava transportl\u012bdzek\u013ca izskatu ar \u0161o 4 BMW disku centri\u0146u komplektu, kas paredz\u0113ts 68 mm rite\u0146u rumb\u0101m.<\/p>\n<p data-start=\"287\" data-end=\"657\">\u0160ie v\u0101ci\u0146i nodro\u0161ina gludu un stil\u012bgu apdari, vienlaikus aizsarg\u0101jot rite\u0146a centru no putek\u013ciem un net\u012brumiem.<\/p>\n<p data-start=\"287\" data-end=\"657\">Izstr\u0101d\u0101ti iztur\u012bbai un prec\u012bzai piegul\u0161anai, tie ir viegli uzst\u0101d\u0101mi un uzreiz uzlabo j\u016bsu rite\u0146u izskatu.<\/p>\n<p data-start=\"287\" data-end=\"657\">Vienk\u0101r\u0161s uzlabojums, kas pie\u0161\u0137ir j\u016bsu automa\u0161\u012bnai premium klases akcentu.<\/p>\n<p data-start=\"292\" data-end=\"674\">Izm\u0113ri: 6,8 \u00d7 6,8 \u00d7 1,6 cm<\/p>\n<p>&nbsp;<\/p>\n","protected":false},"excerpt":{"rendered":"<p data-start=\"611\" data-end=\"708\">Gluds un stil\u012bgs uzlabojums j\u016bsu rite\u0146iem ar prec\u012bzu 68 mm izm\u0113ru un vieglu uzst\u0101d\u012b\u0161anu.<\/p>\n<p data-start=\"292\" data-end=\"674\">Izm\u0113ri: 6,8 \u00d7 6,8 \u00d7 1,6 cm<\/p>\n<p>Svars: 100 g<\/p>\n","protected":false},"featured_media":3574,"comment_status":"open","ping_status":"closed","template":"","meta":[],"product_brand":[],"product_cat":[104],"product_tag":[468,398,467,469,464,465,466,399],"class_list":{"0":"post-4036","1":"product","2":"type-product","3":"status-publish","4":"has-post-thumbnail","6":"product_cat-transportlidzeklu-detalas","7":"product_tag-68-mm-vacini","8":"product_tag-auto","9":"product_tag-auto-aksesuari","10":"product_tag-bmw-aksesuari","11":"product_tag-bmw-disku-centrini","12":"product_tag-disku-vacini","13":"product_tag-rumbu-vacini","14":"product_tag-transportlidzeklis","16":"first","17":"instock","18":"virtual","19":"purchasable","20":"product-type-simple"},"_links":{"self":[{"href":"https:\/\/prinvent.lv\/lv\/wp-json\/wp\/v2\/product\/4036","targetHints":{"allow":["GET"]}}],"collection":[{"href":"https:\/\/prinvent.lv\/lv\/wp-json\/wp\/v2\/product"}],"about":[{"href":"https:\/\/prinvent.lv\/lv\/wp-json\/wp\/v2\/types\/product"}],"replies":[{"embeddable":true,"href":"https:\/\/prinvent.lv\/lv\/wp-json\/wp\/v2\/comments?post=4036"}],"wp:featuredmedia":[{"embeddable":true,"href":"https:\/\/prinvent.lv\/lv\/wp-json\/wp\/v2\/media\/3574"}],"wp:attachment":[{"href":"https:\/\/prinvent.lv\/lv\/wp-json\/wp\/v2\/media?parent=4036"}],"wp:term":[{"taxonomy":"product_brand","embeddable":true,"href":"https:\/\/prinvent.lv\/lv\/wp-json\/wp\/v2\/product_brand?post=4036"},{"taxonomy":"product_cat","embeddable":true,"href":"https:\/\/prinvent.lv\/lv\/wp-json\/wp\/v2\/product_cat?post=4036"},{"taxonomy":"product_tag","embeddable":true,"href":"https:\/\/prinvent.lv\/lv\/wp-json\/wp\/v2\/product_tag?post=4036"}],"curies":[{"name":"wp","href":"https:\/\/api.w.org\/{rel}","templated":true}]}}