{"id":4035,"date":"2026-03-31T21:17:16","date_gmt":"2026-03-31T19:17:16","guid":{"rendered":"https:\/\/prinvent.lv\/product\/pla-filaments-175-mm-1-kg-spole-peleks\/"},"modified":"2026-04-08T15:03:04","modified_gmt":"2026-04-08T13:03:04","slug":"pla-filaments-175-mm-1-kg-spole-peleks","status":"publish","type":"product","link":"https:\/\/prinvent.lv\/lv\/produkts\/pla-filaments-175-mm-1-kg-spole-peleks\/","title":{"rendered":"PLA filaments 1,75 mm \u2013 1 kg spole, pel\u0113ks"},"content":{"rendered":"<p data-start=\"222\" data-end=\"616\">PLA filaments 1,75 mm, 1 kg spole ir paredz\u0113ts vienm\u0113r\u012bgai un uzticamai 3D druk\u0101\u0161anai.<\/p>\n<p data-start=\"222\" data-end=\"616\">Tas nodro\u0161ina konsekventu ekstr\u016bziju un stabilu veiktsp\u0113ju, pal\u012bdzot Jums ieg\u016bt t\u012bras un prec\u012bzas izdrukas ar minim\u0101l\u0101m probl\u0113m\u0101m.<\/p>\n<p data-start=\"222\" data-end=\"616\">Ide\u0101li piem\u0113rots ikdienas lieto\u0161anai, prototipu izgatavo\u0161anai un neliel\u0101m ra\u017eo\u0161anas s\u0113rij\u0101m.<\/p>\n<p data-start=\"222\" data-end=\"616\">Vakuuma iepakojums pal\u012bdz saglab\u0101t kvalit\u0101ti un nodro\u0161ina optim\u0101lus drukas rezult\u0101tus.<\/p>\n<p data-start=\"292\" data-end=\"674\">Izm\u0113ri: 19,7 x 19,7 x 6 cm<\/p>\n<p>&nbsp;<\/p>\n","protected":false},"excerpt":{"rendered":"<p data-start=\"649\" data-end=\"726\">1 kg PLA filaments spole vienm\u0113r\u012bgai druk\u0101\u0161anai un konsekventiem rezult\u0101tiem.<\/p>\n<p data-start=\"649\" data-end=\"726\">Kr\u0101sa: Pel\u0113ka<\/p>\n<p data-start=\"292\" data-end=\"674\">Izm\u0113ri: 19,7 x 19,7 x 6 cm<\/p>\n<p>Svars: 1000 g<\/p>\n","protected":false},"featured_media":3707,"comment_status":"open","ping_status":"closed","template":"","meta":[],"product_brand":[],"product_cat":[100],"product_tag":[434,433,432,435,463,431],"class_list":{"0":"post-4035","1":"product","2":"type-product","3":"status-publish","4":"has-post-thumbnail","6":"product_cat-3d-printeru-filamenti","7":"product_tag-1-kg-kveldiegs","8":"product_tag-175-mm-kveldiegs","9":"product_tag-3d-printera-kveldiegs","10":"product_tag-drukasanas-materials","11":"product_tag-peleks-filaments","12":"product_tag-pla-kveldiegs","14":"first","15":"instock","16":"virtual","17":"purchasable","18":"product-type-simple"},"_links":{"self":[{"href":"https:\/\/prinvent.lv\/lv\/wp-json\/wp\/v2\/product\/4035","targetHints":{"allow":["GET"]}}],"collection":[{"href":"https:\/\/prinvent.lv\/lv\/wp-json\/wp\/v2\/product"}],"about":[{"href":"https:\/\/prinvent.lv\/lv\/wp-json\/wp\/v2\/types\/product"}],"replies":[{"embeddable":true,"href":"https:\/\/prinvent.lv\/lv\/wp-json\/wp\/v2\/comments?post=4035"}],"wp:featuredmedia":[{"embeddable":true,"href":"https:\/\/prinvent.lv\/lv\/wp-json\/wp\/v2\/media\/3707"}],"wp:attachment":[{"href":"https:\/\/prinvent.lv\/lv\/wp-json\/wp\/v2\/media?parent=4035"}],"wp:term":[{"taxonomy":"product_brand","embeddable":true,"href":"https:\/\/prinvent.lv\/lv\/wp-json\/wp\/v2\/product_brand?post=4035"},{"taxonomy":"product_cat","embeddable":true,"href":"https:\/\/prinvent.lv\/lv\/wp-json\/wp\/v2\/product_cat?post=4035"},{"taxonomy":"product_tag","embeddable":true,"href":"https:\/\/prinvent.lv\/lv\/wp-json\/wp\/v2\/product_tag?post=4035"}],"curies":[{"name":"wp","href":"https:\/\/api.w.org\/{rel}","templated":true}]}}