{"id":4034,"date":"2026-03-31T01:35:01","date_gmt":"2026-03-30T23:35:01","guid":{"rendered":"https:\/\/prinvent.lv\/product\/rievojotas-vazes\/"},"modified":"2026-04-08T15:02:29","modified_gmt":"2026-04-08T13:02:29","slug":"rievojotas-vazes","status":"publish","type":"product","link":"https:\/\/prinvent.lv\/lv\/produkts\/rievojotas-vazes\/","title":{"rendered":"Rievojotas v\u0101zes"},"content":{"rendered":"<p data-start=\"282\" data-end=\"707\">Rievojot\u0101m v\u0101z\u0113m ir moderns, tekstur\u0113ts dizains, kas pie\u0161\u0137ir dzi\u013cumu un eleganci jebkuram interjeram.<\/p>\n<p data-start=\"282\" data-end=\"707\">Vertik\u0101lais rievojums rada izsmalcin\u0101tu un stil\u012bgu izskatu, padarot t\u0101s ide\u0101li piem\u0113rotas sauso ziedu ekspon\u0113\u0161anai vai k\u0101 patst\u0101v\u012bgus dekorat\u012bvus elementus.<\/p>\n<p data-start=\"282\" data-end=\"707\">Izstr\u0101d\u0101tas, lai papildin\u0101tu gan minim\u0101lisma, gan m\u016bsdien\u012bga stila telpas, t\u0101s pie\u0161\u0137ir t\u012bru un izsmalcin\u0101tu akcentu J\u016bsu m\u0101jok\u013ca dekoram.<\/p>\n<p data-start=\"282\" data-end=\"707\">Ide\u0101li piem\u0113rotas plauktiem, galdiem vai dekorat\u012bv\u0101m kompoz\u012bcij\u0101m.<\/p>\n<p data-start=\"292\" data-end=\"674\">Izm\u0113ri: 11 x 11 x 10 cm<\/p>\n<p>&nbsp;<\/p>\n","protected":false},"excerpt":{"rendered":"<p data-start=\"758\" data-end=\"845\">Modernu rievotu v\u0101\u017eu komplekts, kas pie\u0161\u0137ir tekst\u016bru, stilu un augst\u0101k\u0101s klases izskatu jebkurai telpai.<\/p>\n<p data-start=\"292\" data-end=\"674\">Izm\u0113ri: 10 x 9,5 cm<\/p>\n<p>Svars: 115 g<\/p>\n","protected":false},"featured_media":3590,"comment_status":"open","ping_status":"closed","template":"","meta":[],"product_brand":[],"product_cat":[96,97,94],"product_tag":[426,391,460,459,461,462],"class_list":{"0":"post-4034","1":"product","2":"type-product","3":"status-publish","4":"has-post-thumbnail","6":"product_cat-majas-dekori","7":"product_cat-majsaimniecibas-preces","8":"product_cat-maksla-dizains","9":"product_tag-dekorativa-vaze","10":"product_tag-majas-dekors","11":"product_tag-minimalisma-dekors","12":"product_tag-moderna-vaze","13":"product_tag-rievota-vaze","14":"product_tag-tekstureta-vaze","16":"first","17":"instock","18":"virtual","19":"purchasable","20":"product-type-simple"},"_links":{"self":[{"href":"https:\/\/prinvent.lv\/lv\/wp-json\/wp\/v2\/product\/4034","targetHints":{"allow":["GET"]}}],"collection":[{"href":"https:\/\/prinvent.lv\/lv\/wp-json\/wp\/v2\/product"}],"about":[{"href":"https:\/\/prinvent.lv\/lv\/wp-json\/wp\/v2\/types\/product"}],"replies":[{"embeddable":true,"href":"https:\/\/prinvent.lv\/lv\/wp-json\/wp\/v2\/comments?post=4034"}],"wp:featuredmedia":[{"embeddable":true,"href":"https:\/\/prinvent.lv\/lv\/wp-json\/wp\/v2\/media\/3590"}],"wp:attachment":[{"href":"https:\/\/prinvent.lv\/lv\/wp-json\/wp\/v2\/media?parent=4034"}],"wp:term":[{"taxonomy":"product_brand","embeddable":true,"href":"https:\/\/prinvent.lv\/lv\/wp-json\/wp\/v2\/product_brand?post=4034"},{"taxonomy":"product_cat","embeddable":true,"href":"https:\/\/prinvent.lv\/lv\/wp-json\/wp\/v2\/product_cat?post=4034"},{"taxonomy":"product_tag","embeddable":true,"href":"https:\/\/prinvent.lv\/lv\/wp-json\/wp\/v2\/product_tag?post=4034"}],"curies":[{"name":"wp","href":"https:\/\/api.w.org\/{rel}","templated":true}]}}