{"id":4033,"date":"2026-03-31T02:01:48","date_gmt":"2026-03-31T00:01:48","guid":{"rendered":"https:\/\/prinvent.lv\/product\/zime-jautrs-3d-drukasanas-dekors\/"},"modified":"2026-04-08T15:02:28","modified_gmt":"2026-04-08T13:02:28","slug":"zime-jautrs-3d-drukasanas-dekors","status":"publish","type":"product","link":"https:\/\/prinvent.lv\/lv\/produkts\/zime-jautrs-3d-drukasanas-dekors\/","title":{"rendered":"Z\u012bme \u2013 jautrs 3D druk\u0101\u0161anas dekors"},"content":{"rendered":"<p data-start=\"238\" data-end=\"598\">Pie\u0161\u0137iriet savai darba vietai humora devu ar \u0161o \u201eNesitiet printerim\u201d z\u012bmi, kas rad\u012bta \u012bpa\u0161i 3D druk\u0101\u0161anas entuziastiem.<\/p>\n<p data-start=\"238\" data-end=\"598\">Ide\u0101li piem\u0113rota novieto\u0161anai pie printera, galda vai darbn\u012bc\u0101, t\u0101 kalpo k\u0101 jautrs atg\u0101din\u0101jums tajos kaitino\u0161ajos druk\u0101\u0161anas br\u012b\u017eos.<\/p>\n<p data-start=\"238\" data-end=\"598\">Lielisks dekorat\u012bvs elements meistariem, hobiju cien\u012bt\u0101jiem vai ikvienam, kur\u0161 pieredz\u0113jis neveiksm\u012bgas izdrukas.<\/p>\n<p data-start=\"292\" data-end=\"674\">Izm\u0113ri: 9,5 x 6 x 3,5 cm<\/p>\n<p>&nbsp;<\/p>\n","protected":false},"excerpt":{"rendered":"<p data-start=\"686\" data-end=\"772\">Jautra un saprotama z\u012bme katrai 3D druk\u0101\u0161anas videi \u2014 jo m\u0113s visi tur esam biju\u0161i.<\/p>\n<p data-start=\"292\" data-end=\"674\">Izm\u0113ri: 9,5 x 6 x 3,5 cm<\/p>\n<p>Svars: 15 g<\/p>\n","protected":false},"featured_media":3597,"comment_status":"open","ping_status":"closed","template":"","meta":[],"product_brand":[],"product_cat":[93,103],"product_tag":[453,457,458,454,455,456],"class_list":{"0":"post-4033","1":"product","2":"type-product","3":"status-publish","4":"has-post-thumbnail","6":"product_cat-3d-printeri","7":"product_cat-speles-rotallietas","8":"product_tag-3d-drukasanas-zime","9":"product_tag-darbnicas-dekors","10":"product_tag-davana-gikam","11":"product_tag-jautra-zime","12":"product_tag-meistara-dekors","13":"product_tag-printeru-humors","15":"first","16":"instock","17":"virtual","18":"purchasable","19":"product-type-simple"},"_links":{"self":[{"href":"https:\/\/prinvent.lv\/lv\/wp-json\/wp\/v2\/product\/4033","targetHints":{"allow":["GET"]}}],"collection":[{"href":"https:\/\/prinvent.lv\/lv\/wp-json\/wp\/v2\/product"}],"about":[{"href":"https:\/\/prinvent.lv\/lv\/wp-json\/wp\/v2\/types\/product"}],"replies":[{"embeddable":true,"href":"https:\/\/prinvent.lv\/lv\/wp-json\/wp\/v2\/comments?post=4033"}],"wp:featuredmedia":[{"embeddable":true,"href":"https:\/\/prinvent.lv\/lv\/wp-json\/wp\/v2\/media\/3597"}],"wp:attachment":[{"href":"https:\/\/prinvent.lv\/lv\/wp-json\/wp\/v2\/media?parent=4033"}],"wp:term":[{"taxonomy":"product_brand","embeddable":true,"href":"https:\/\/prinvent.lv\/lv\/wp-json\/wp\/v2\/product_brand?post=4033"},{"taxonomy":"product_cat","embeddable":true,"href":"https:\/\/prinvent.lv\/lv\/wp-json\/wp\/v2\/product_cat?post=4033"},{"taxonomy":"product_tag","embeddable":true,"href":"https:\/\/prinvent.lv\/lv\/wp-json\/wp\/v2\/product_tag?post=4033"}],"curies":[{"name":"wp","href":"https:\/\/api.w.org\/{rel}","templated":true}]}}