{"id":4028,"date":"2026-03-29T19:56:11","date_gmt":"2026-03-29T17:56:11","guid":{"rendered":"https:\/\/prinvent.lv\/product\/atspiesanas-rokturi-fitnesa-stieni\/"},"modified":"2026-04-08T15:01:44","modified_gmt":"2026-04-08T13:01:44","slug":"atspiesanas-rokturi-fitnesa-stieni","status":"publish","type":"product","link":"https:\/\/prinvent.lv\/lv\/produkts\/atspiesanas-rokturi-fitnesa-stieni\/","title":{"rendered":"Atspie\u0161an\u0101s rokturi \u2013 fitnesa stie\u0146i"},"content":{"rendered":"<p data-start=\"269\" data-end=\"656\">Atspie\u0161an\u0101s rokturi ir izstr\u0101d\u0101ti, lai uzlabotu j\u016bsu treni\u0146u, nodro\u0161inot lab\u0101ku satv\u0113rienu, stabilit\u0101ti un plaukstu loc\u012btavu izl\u012bdzin\u0101\u0161anu atspie\u0161an\u0101s laik\u0101.<\/p>\n<p data-start=\"269\" data-end=\"656\">Ergonomiskais dizains pal\u012bdz samazin\u0101t slodzi uz plaukstu loc\u012btav\u0101m, vienlaikus nodro\u0161inot dzi\u013c\u0101kas un efekt\u012bv\u0101kas kust\u012bbas.<\/p>\n<p data-start=\"269\" data-end=\"656\">\u0160ie rokturi ir ide\u0101li piem\u0113roti m\u0101jas treni\u0146iem, sp\u0113ka treni\u0146iem un fitnesa nodarb\u012bb\u0101m \u2013 tie ir viegli, iztur\u012bgi un \u0113rti lietojami jebkur\u0101 viet\u0101.<\/p>\n<p data-start=\"292\" data-end=\"674\">Izm\u0113ri: 15,5 \u00d7 68 \u00d7 68 cm<\/p>\n","protected":false},"excerpt":{"rendered":"<p data-start=\"611\" data-end=\"708\">Tren\u0113jieties gudr\u0101k ar atspie\u0161an\u0101s rokturiem, kas uzlabo komfortu, stabilit\u0101ti un kop\u0113jo treni\u0146a efektivit\u0101ti.<\/p>\n<p data-start=\"611\" data-end=\"708\">Izm\u0113ri: 15,5 \u00d7 68 \u00d7 68 cm<\/p>\n<p>Svars: 340 g<\/p>\n","protected":false},"featured_media":3776,"comment_status":"open","ping_status":"closed","template":"","meta":[],"product_brand":[],"product_cat":[102],"product_tag":[442,443,444,448,447,445,446,449],"class_list":{"0":"post-4028","1":"product","2":"type-product","3":"status-publish","4":"has-post-thumbnail","6":"product_cat-sporta-preces","7":"product_tag-atspiesanas-rokturi","8":"product_tag-atspiesanas-stieni","9":"product_tag-fitnesa-aprikojums","10":"product_tag-ielu-vingrosana","11":"product_tag-kalistenika","12":"product_tag-majas-trenins","13":"product_tag-speka-trenins","14":"product_tag-trenins","16":"first","17":"instock","18":"virtual","19":"purchasable","20":"product-type-simple"},"_links":{"self":[{"href":"https:\/\/prinvent.lv\/lv\/wp-json\/wp\/v2\/product\/4028","targetHints":{"allow":["GET"]}}],"collection":[{"href":"https:\/\/prinvent.lv\/lv\/wp-json\/wp\/v2\/product"}],"about":[{"href":"https:\/\/prinvent.lv\/lv\/wp-json\/wp\/v2\/types\/product"}],"replies":[{"embeddable":true,"href":"https:\/\/prinvent.lv\/lv\/wp-json\/wp\/v2\/comments?post=4028"}],"wp:featuredmedia":[{"embeddable":true,"href":"https:\/\/prinvent.lv\/lv\/wp-json\/wp\/v2\/media\/3776"}],"wp:attachment":[{"href":"https:\/\/prinvent.lv\/lv\/wp-json\/wp\/v2\/media?parent=4028"}],"wp:term":[{"taxonomy":"product_brand","embeddable":true,"href":"https:\/\/prinvent.lv\/lv\/wp-json\/wp\/v2\/product_brand?post=4028"},{"taxonomy":"product_cat","embeddable":true,"href":"https:\/\/prinvent.lv\/lv\/wp-json\/wp\/v2\/product_cat?post=4028"},{"taxonomy":"product_tag","embeddable":true,"href":"https:\/\/prinvent.lv\/lv\/wp-json\/wp\/v2\/product_tag?post=4028"}],"curies":[{"name":"wp","href":"https:\/\/api.w.org\/{rel}","templated":true}]}}