{"id":4007,"date":"2026-03-31T01:52:22","date_gmt":"2026-03-30T23:52:22","guid":{"rendered":"https:\/\/prinvent.lv\/product\/rozu-vaze-elegants-ziedu-dekors\/"},"modified":"2026-04-08T15:00:41","modified_gmt":"2026-04-08T13:00:41","slug":"rozu-vaze-elegants-ziedu-dekors","status":"publish","type":"product","link":"https:\/\/prinvent.lv\/lv\/produkts\/rozu-vaze-elegants-ziedu-dekors\/","title":{"rendered":"Ro\u017eu v\u0101ze \u2013 Elegants ziedu dekors"},"content":{"rendered":"<p data-start=\"238\" data-end=\"598\">\u0160\u012b ro\u017eu v\u0101ze pied\u0101v\u0101 maigu, ziedu iedvesmotu dizainu, kas pie\u0161\u0137ir eleganci un siltumu jebkurai telpai.<\/p>\n<p data-start=\"238\" data-end=\"598\">T\u0101s smalk\u0101 forma padara to ide\u0101li piem\u0113rotu \u017e\u0101v\u0113tu ziedu izvieto\u0161anai vai k\u0101 dekorat\u012bvu elementu pa\u0161u par sevi.<\/p>\n<p data-start=\"238\" data-end=\"598\">Izstr\u0101d\u0101ta, lai papildin\u0101tu modernus un m\u0101j\u012bgus interjerus, t\u0101 pie\u0161\u0137ir romantisku un stil\u012bgu akcentu J\u016bsu m\u0101jas interjeram.<\/p>\n<p data-start=\"238\" data-end=\"598\">Ide\u0101li piem\u0113rota plauktiem, galdiem vai k\u0101 p\u0101rdom\u0101ta d\u0101vana.<\/p>\n<p data-start=\"292\" data-end=\"674\">Izm\u0113ri: 11 x 11 x 10 cm<\/p>\n<p>&nbsp;<\/p>\n","protected":false},"excerpt":{"rendered":"<p data-start=\"649\" data-end=\"732\">Ziedu iedvesmota v\u0101ze, kas pie\u0161\u0137ir J\u016bsu telpai maigu, elegantu un romantisku akcentu.<\/p>\n<p data-start=\"292\" data-end=\"674\">Izm\u0113ri: 14 x 14 x 17 cm<\/p>\n<p>Svars: 450 g<\/p>\n","protected":false},"featured_media":3593,"comment_status":"open","ping_status":"closed","template":"","meta":[],"product_brand":[],"product_cat":[96,94],"product_tag":[426,391,429,427,430,428],"class_list":{"0":"post-4007","1":"product","2":"type-product","3":"status-publish","4":"has-post-thumbnail","6":"product_cat-majas-dekori","7":"product_cat-maksla-dizains","8":"product_tag-dekorativa-vaze","9":"product_tag-majas-dekors","10":"product_tag-romantisks-dekors","11":"product_tag-rozu-vaze","12":"product_tag-ziedu-dekors","13":"product_tag-ziedu-vaze","15":"first","16":"instock","17":"virtual","18":"purchasable","19":"product-type-simple"},"_links":{"self":[{"href":"https:\/\/prinvent.lv\/lv\/wp-json\/wp\/v2\/product\/4007","targetHints":{"allow":["GET"]}}],"collection":[{"href":"https:\/\/prinvent.lv\/lv\/wp-json\/wp\/v2\/product"}],"about":[{"href":"https:\/\/prinvent.lv\/lv\/wp-json\/wp\/v2\/types\/product"}],"replies":[{"embeddable":true,"href":"https:\/\/prinvent.lv\/lv\/wp-json\/wp\/v2\/comments?post=4007"}],"wp:featuredmedia":[{"embeddable":true,"href":"https:\/\/prinvent.lv\/lv\/wp-json\/wp\/v2\/media\/3593"}],"wp:attachment":[{"href":"https:\/\/prinvent.lv\/lv\/wp-json\/wp\/v2\/media?parent=4007"}],"wp:term":[{"taxonomy":"product_brand","embeddable":true,"href":"https:\/\/prinvent.lv\/lv\/wp-json\/wp\/v2\/product_brand?post=4007"},{"taxonomy":"product_cat","embeddable":true,"href":"https:\/\/prinvent.lv\/lv\/wp-json\/wp\/v2\/product_cat?post=4007"},{"taxonomy":"product_tag","embeddable":true,"href":"https:\/\/prinvent.lv\/lv\/wp-json\/wp\/v2\/product_tag?post=4007"}],"curies":[{"name":"wp","href":"https:\/\/api.w.org\/{rel}","templated":true}]}}