{"id":4006,"date":"2026-03-31T10:31:31","date_gmt":"2026-03-31T08:31:31","guid":{"rendered":"https:\/\/prinvent.lv\/product\/anatomiska-sirds-dalits-modelis-ar-vaciniem\/"},"modified":"2026-04-08T15:00:24","modified_gmt":"2026-04-08T13:00:24","slug":"anatomiska-sirds-dalits-modelis-ar-vaciniem","status":"publish","type":"product","link":"https:\/\/prinvent.lv\/lv\/produkts\/anatomiska-sirds-dalits-modelis-ar-vaciniem\/","title":{"rendered":"Anatomisk\u0101 sirds \u2013 dal\u012bts modelis ar v\u0101ci\u0146iem"},"content":{"rendered":"<p data-start=\"238\" data-end=\"598\">\u0160im anatomiskajam sirds modelim ir detaliz\u0113ts, dal\u012bts dizains ar no\u0146emam\u0101m da\u013c\u0101m, kas \u013cauj skaidr\u0101 un interakt\u012bv\u0101 veid\u0101 izp\u0113t\u012bt iek\u0161\u0113jo strukt\u016bru.<\/p>\n<p data-start=\"238\" data-end=\"598\">Izstr\u0101d\u0101ts gan izgl\u012btojo\u0161iem, gan dekorat\u012bviem nol\u016bkiem, tas sniedz re\u0101listisku cilv\u0113ka sirds att\u0113lojumu, saglab\u0101jot t\u012bru un modernu izskatu.<\/p>\n<p data-start=\"238\" data-end=\"598\">Ide\u0101li piem\u0113rots studentiem, medic\u012bnas entuziastiem vai k\u0101 unik\u0101ls galda dekors \u2013 \u0161is modelis apvieno funkcionalit\u0101ti ar paman\u0101mu vizu\u0101lo pievilc\u012bbu.<\/p>\n<p data-start=\"292\" data-end=\"674\">Izm\u0113ri: 15 x 6 x 6 cm<\/p>\n<p>&nbsp;<\/p>\n","protected":false},"excerpt":{"rendered":"<p data-start=\"788\" data-end=\"892\">Detaliz\u0113ts anatomisk\u0101s sirds modelis, kas ir ide\u0101li piem\u0113rots m\u0101c\u012bb\u0101m, ekspon\u0113\u0161anai vai kolekcion\u0101riem.<\/p>\n<p data-start=\"292\" data-end=\"674\">Izm\u0113ri: 15 x 6 x 6 cm<\/p>\n<p>Svars: 60 g<\/p>\n","protected":false},"featured_media":3662,"comment_status":"open","ping_status":"closed","template":"","meta":[],"product_brand":[],"product_cat":[94],"product_tag":[424,420,423,421,422,425],"class_list":{"0":"post-4006","1":"product","2":"type-product","3":"status-publish","4":"has-post-thumbnail","6":"product_cat-maksla-dizains","7":"product_tag-anatomija","8":"product_tag-anatomiska-sirds","9":"product_tag-izglitojoss-dekors","10":"product_tag-mediciniskais-modelis","11":"product_tag-sirds-modelis","12":"product_tag-zinatnes-dekors","14":"first","15":"instock","16":"virtual","17":"purchasable","18":"product-type-simple"},"_links":{"self":[{"href":"https:\/\/prinvent.lv\/lv\/wp-json\/wp\/v2\/product\/4006","targetHints":{"allow":["GET"]}}],"collection":[{"href":"https:\/\/prinvent.lv\/lv\/wp-json\/wp\/v2\/product"}],"about":[{"href":"https:\/\/prinvent.lv\/lv\/wp-json\/wp\/v2\/types\/product"}],"replies":[{"embeddable":true,"href":"https:\/\/prinvent.lv\/lv\/wp-json\/wp\/v2\/comments?post=4006"}],"wp:featuredmedia":[{"embeddable":true,"href":"https:\/\/prinvent.lv\/lv\/wp-json\/wp\/v2\/media\/3662"}],"wp:attachment":[{"href":"https:\/\/prinvent.lv\/lv\/wp-json\/wp\/v2\/media?parent=4006"}],"wp:term":[{"taxonomy":"product_brand","embeddable":true,"href":"https:\/\/prinvent.lv\/lv\/wp-json\/wp\/v2\/product_brand?post=4006"},{"taxonomy":"product_cat","embeddable":true,"href":"https:\/\/prinvent.lv\/lv\/wp-json\/wp\/v2\/product_cat?post=4006"},{"taxonomy":"product_tag","embeddable":true,"href":"https:\/\/prinvent.lv\/lv\/wp-json\/wp\/v2\/product_tag?post=4006"}],"curies":[{"name":"wp","href":"https:\/\/api.w.org\/{rel}","templated":true}]}}