{"id":4005,"date":"2026-03-31T01:24:03","date_gmt":"2026-03-30T23:24:03","guid":{"rendered":"https:\/\/prinvent.lv\/product\/tiklveida-lampa-moderna-un-dekorativa\/"},"modified":"2026-04-08T15:00:11","modified_gmt":"2026-04-08T13:00:11","slug":"tiklveida-lampa-moderna-un-dekorativa","status":"publish","type":"product","link":"https:\/\/prinvent.lv\/lv\/produkts\/tiklveida-lampa-moderna-un-dekorativa\/","title":{"rendered":"T\u012bklveida lampa \u2013 moderna un dekorat\u012bva"},"content":{"rendered":"<p data-start=\"253\" data-end=\"654\">\u0160im t\u012bklveida traukam ir m\u016bsdien\u012bgs, atv\u0113rta raksta dizains, kas apvieno funkcionalit\u0101ti ar stil\u012bgu izskatu.<\/p>\n<p data-start=\"253\" data-end=\"654\">T\u0101 viegl\u0101 konstrukcija ir ide\u0101li piem\u0113rota mazu priek\u0161metu, piem\u0113ram, pildspalvu, instrumentu vai piederumu k\u0101rto\u0161anai, vienlaikus pie\u0161\u0137irot dekorat\u012bvu akcentu j\u016bsu galdam vai telpai.<\/p>\n<p data-start=\"253\" data-end=\"654\">\u0122eometriskais t\u012bkla raksts rada vizu\u0101lu dzi\u013cumu, padarot to gan praktisku, gan est\u0113tiski pievilc\u012bgu.<\/p>\n<p data-start=\"292\" data-end=\"674\">Izm\u0113ri: 10 x 9,5 cm<\/p>\n<p>&nbsp;<\/p>\n","protected":false},"excerpt":{"rendered":"<p data-start=\"611\" data-end=\"708\">Moderns t\u012bklveida tur\u0113t\u0101js, kas paredz\u0113ts s\u012bkumu k\u0101rto\u0161anai, pie\u0161\u0137irot telpai gludu un dekorat\u012bvu izskatu.<\/p>\n<p data-start=\"292\" data-end=\"674\">Izm\u0113ri: 10 x 9,5 cm<\/p>\n<p>Svars: 50 g<\/p>\n","protected":false},"featured_media":3587,"comment_status":"open","ping_status":"closed","template":"","meta":[],"product_brand":[],"product_cat":[96,97,94],"product_tag":[417,336,419,416,415,418],"class_list":{"0":"post-4005","1":"product","2":"type-product","3":"status-publish","4":"has-post-thumbnail","6":"product_cat-majas-dekori","7":"product_cat-majsaimniecibas-preces","8":"product_cat-maksla-dizains","9":"product_tag-dekorativs-turetajs","10":"product_tag-galda-organizators","11":"product_tag-moderns-organizators","12":"product_tag-pildspalvu-turetajs","13":"product_tag-tiklveida-trauks","14":"product_tag-uzglabasanas-trauks","16":"first","17":"instock","18":"virtual","19":"purchasable","20":"product-type-simple"},"_links":{"self":[{"href":"https:\/\/prinvent.lv\/lv\/wp-json\/wp\/v2\/product\/4005","targetHints":{"allow":["GET"]}}],"collection":[{"href":"https:\/\/prinvent.lv\/lv\/wp-json\/wp\/v2\/product"}],"about":[{"href":"https:\/\/prinvent.lv\/lv\/wp-json\/wp\/v2\/types\/product"}],"replies":[{"embeddable":true,"href":"https:\/\/prinvent.lv\/lv\/wp-json\/wp\/v2\/comments?post=4005"}],"wp:featuredmedia":[{"embeddable":true,"href":"https:\/\/prinvent.lv\/lv\/wp-json\/wp\/v2\/media\/3587"}],"wp:attachment":[{"href":"https:\/\/prinvent.lv\/lv\/wp-json\/wp\/v2\/media?parent=4005"}],"wp:term":[{"taxonomy":"product_brand","embeddable":true,"href":"https:\/\/prinvent.lv\/lv\/wp-json\/wp\/v2\/product_brand?post=4005"},{"taxonomy":"product_cat","embeddable":true,"href":"https:\/\/prinvent.lv\/lv\/wp-json\/wp\/v2\/product_cat?post=4005"},{"taxonomy":"product_tag","embeddable":true,"href":"https:\/\/prinvent.lv\/lv\/wp-json\/wp\/v2\/product_tag?post=4005"}],"curies":[{"name":"wp","href":"https:\/\/api.w.org\/{rel}","templated":true}]}}