{"id":4001,"date":"2026-03-31T11:26:59","date_gmt":"2026-03-31T09:26:59","guid":{"rendered":"https:\/\/prinvent.lv\/product\/atlanta-stativs-skulptura\/"},"modified":"2026-04-08T15:00:10","modified_gmt":"2026-04-08T13:00:10","slug":"atlanta-stativs-skulptura","status":"publish","type":"product","link":"https:\/\/prinvent.lv\/lv\/produkts\/atlanta-stativs-skulptura\/","title":{"rendered":"Atlanta stat\u012bvs-skulpt\u016bra"},"content":{"rendered":"<p data-start=\"238\" data-end=\"598\">Atlanta stat\u012bvs ir moderns un minim\u0101listisks tur\u0113t\u0101js, kas rad\u012bts, lai J\u016bsu telpa b\u016btu sak\u0101rtota un vizu\u0101li t\u012bra.<\/p>\n<p data-start=\"238\" data-end=\"598\">T\u0101 kompaktais un stabilais dizains padara to ide\u0101li piem\u0113rotu ikdienas lieto\u0161anai uz galdiem, plauktiem vai darba virsm\u0101m.<\/p>\n<p data-start=\"238\" data-end=\"598\">Ar vienk\u0101r\u0161u, ta\u010du funkcion\u0101lu strukt\u016bru tas pie\u0161\u0137ir izsmalcin\u0101tu un sak\u0101rtotu izskatu jebkurai videi, vienlaikus saglab\u0101jot iztur\u012bbu un lieto\u0161anas \u0113rtumu.<\/p>\n<p data-start=\"292\" data-end=\"674\">Izm\u0113ri: 7 x 8 x 9 cm<\/p>\n<p>&nbsp;<\/p>\n","protected":false},"excerpt":{"rendered":"<p data-start=\"534\" data-end=\"619\">T\u012brs un minim\u0101listisks stat\u012bvs, kas rad\u012bts, lai J\u016bsu vide b\u016btu sak\u0101rtota un vizu\u0101li izsmalcin\u0101ta.<\/p>\n<p data-start=\"292\" data-end=\"674\">Izm\u0113ri: 7 x 8 x 9 cm<\/p>\n<p>Svars: 30 g<\/p>\n","protected":false},"featured_media":3690,"comment_status":"open","ping_status":"closed","template":"","meta":[],"product_brand":[],"product_cat":[94],"product_tag":[409,406,414,408,411,412,413,407,410],"class_list":{"0":"post-4001","1":"product","2":"type-product","3":"status-publish","4":"has-post-thumbnail","6":"product_cat-maksla-dizains","7":"product_tag-galda-piederums","8":"product_tag-klasiska-skulptura","9":"product_tag-maksla","10":"product_tag-minimalistisks-stativs","11":"product_tag-moderns-dizains","12":"product_tag-organizators","13":"product_tag-skulptura","14":"product_tag-stativs","15":"product_tag-turetajs","17":"first","18":"instock","19":"virtual","20":"purchasable","21":"product-type-simple"},"_links":{"self":[{"href":"https:\/\/prinvent.lv\/lv\/wp-json\/wp\/v2\/product\/4001","targetHints":{"allow":["GET"]}}],"collection":[{"href":"https:\/\/prinvent.lv\/lv\/wp-json\/wp\/v2\/product"}],"about":[{"href":"https:\/\/prinvent.lv\/lv\/wp-json\/wp\/v2\/types\/product"}],"replies":[{"embeddable":true,"href":"https:\/\/prinvent.lv\/lv\/wp-json\/wp\/v2\/comments?post=4001"}],"wp:featuredmedia":[{"embeddable":true,"href":"https:\/\/prinvent.lv\/lv\/wp-json\/wp\/v2\/media\/3690"}],"wp:attachment":[{"href":"https:\/\/prinvent.lv\/lv\/wp-json\/wp\/v2\/media?parent=4001"}],"wp:term":[{"taxonomy":"product_brand","embeddable":true,"href":"https:\/\/prinvent.lv\/lv\/wp-json\/wp\/v2\/product_brand?post=4001"},{"taxonomy":"product_cat","embeddable":true,"href":"https:\/\/prinvent.lv\/lv\/wp-json\/wp\/v2\/product_cat?post=4001"},{"taxonomy":"product_tag","embeddable":true,"href":"https:\/\/prinvent.lv\/lv\/wp-json\/wp\/v2\/product_tag?post=4001"}],"curies":[{"name":"wp","href":"https:\/\/api.w.org\/{rel}","templated":true}]}}