{"id":4000,"date":"2026-03-31T00:33:34","date_gmt":"2026-03-30T22:33:34","guid":{"rendered":"https:\/\/prinvent.lv\/product\/bmw-e39-e34-centralas-konsoles-glazu-turetajs\/"},"modified":"2026-04-08T14:59:57","modified_gmt":"2026-04-08T12:59:57","slug":"bmw-e39-e34-centralas-konsoles-glazu-turetajs","status":"publish","type":"product","link":"https:\/\/prinvent.lv\/lv\/produkts\/bmw-e39-e34-centralas-konsoles-glazu-turetajs\/","title":{"rendered":"BMW E39 \/ E34 centr\u0101l\u0101s konsoles gl\u0101\u017eu tur\u0113t\u0101js"},"content":{"rendered":"<p data-start=\"287\" data-end=\"657\">Centr\u0101l\u0101s konsoles gl\u0101\u017eu tur\u0113t\u0101js ir \u012bpa\u0161i izstr\u0101d\u0101ts BMW E39 un E34 mode\u013ciem, nodro\u0161inot praktisku un gl\u012btu risin\u0101jumu dz\u0113rienu tur\u0113\u0161anai brauk\u0161anas laik\u0101.<\/p>\n<p data-start=\"287\" data-end=\"657\">Tas nevainojami iek\u013caujas interjer\u0101, saglab\u0101jot transportl\u012bdzek\u013ca ori\u0123in\u0101lo izskatu, vienlaikus pie\u0161\u0137irot ikdienas \u0113rt\u012bbas.<\/p>\n<p data-start=\"287\" data-end=\"657\">Izstr\u0101d\u0101ts stabilit\u0101tei un iztur\u012bbai, tas dro\u0161i notur J\u016bsu dz\u0113rienus un padara tos viegli pieejamus ce\u013cojuma laik\u0101.<\/p>\n<p data-start=\"287\" data-end=\"657\">Vienk\u0101r\u0161s uzlabojums, kas paaugstina komfortu, neapdraudot stilu.<\/p>\n<p data-start=\"292\" data-end=\"674\">Izm\u0113ri: 11,7 \u00d7 9,4 \u00d7 7,9 cm<\/p>\n<p>&nbsp;<\/p>\n","protected":false},"excerpt":{"rendered":"<p data-start=\"611\" data-end=\"708\">Praktisks gl\u0101\u017eu tur\u0113t\u0101js, kas paredz\u0113ts BMW E39 un E34 interjeram, pie\u0161\u0137irot \u0113rt\u012bbas, vienlaikus saglab\u0101jot gl\u012btu r\u016bpn\u012bcas izskatu.<\/p>\n<p data-start=\"292\" data-end=\"674\">Izm\u0113ri: 11,7 \u00d7 9,4 \u00d7 7,9 cm<\/p>\n<p>Svars: 114 g<\/p>\n","protected":false},"featured_media":3577,"comment_status":"open","ping_status":"closed","template":"","meta":[],"product_brand":[],"product_cat":[104],"product_tag":[398,403,404,401,400,402,405,399],"class_list":{"0":"post-4000","1":"product","2":"type-product","3":"status-publish","4":"has-post-thumbnail","6":"product_cat-transportlidzeklu-detalas","7":"product_tag-auto","8":"product_tag-auto-interjers","9":"product_tag-bmw-aksesuars","10":"product_tag-bmw-e34","11":"product_tag-bmw-e39","12":"product_tag-glazu-turetajs","13":"product_tag-konsoles-glazu-turetajs","14":"product_tag-transportlidzeklis","16":"first","17":"instock","18":"virtual","19":"purchasable","20":"product-type-simple"},"_links":{"self":[{"href":"https:\/\/prinvent.lv\/lv\/wp-json\/wp\/v2\/product\/4000","targetHints":{"allow":["GET"]}}],"collection":[{"href":"https:\/\/prinvent.lv\/lv\/wp-json\/wp\/v2\/product"}],"about":[{"href":"https:\/\/prinvent.lv\/lv\/wp-json\/wp\/v2\/types\/product"}],"replies":[{"embeddable":true,"href":"https:\/\/prinvent.lv\/lv\/wp-json\/wp\/v2\/comments?post=4000"}],"wp:featuredmedia":[{"embeddable":true,"href":"https:\/\/prinvent.lv\/lv\/wp-json\/wp\/v2\/media\/3577"}],"wp:attachment":[{"href":"https:\/\/prinvent.lv\/lv\/wp-json\/wp\/v2\/media?parent=4000"}],"wp:term":[{"taxonomy":"product_brand","embeddable":true,"href":"https:\/\/prinvent.lv\/lv\/wp-json\/wp\/v2\/product_brand?post=4000"},{"taxonomy":"product_cat","embeddable":true,"href":"https:\/\/prinvent.lv\/lv\/wp-json\/wp\/v2\/product_cat?post=4000"},{"taxonomy":"product_tag","embeddable":true,"href":"https:\/\/prinvent.lv\/lv\/wp-json\/wp\/v2\/product_tag?post=4000"}],"curies":[{"name":"wp","href":"https:\/\/api.w.org\/{rel}","templated":true}]}}