{"id":3999,"date":"2026-03-31T00:49:33","date_gmt":"2026-03-30T22:49:33","guid":{"rendered":"https:\/\/prinvent.lv\/product\/tiklveida-lampa-moderns-dekorativs-gaismas-parsegs\/"},"modified":"2026-04-08T14:59:56","modified_gmt":"2026-04-08T12:59:56","slug":"tiklveida-lampa-moderns-dekorativs-gaismas-parsegs","status":"publish","type":"product","link":"https:\/\/prinvent.lv\/lv\/produkts\/tiklveida-lampa-moderns-dekorativs-gaismas-parsegs\/","title":{"rendered":"T\u012bklveida lampa \u2013 moderns dekorat\u012bvs gaismas p\u0101rsegs"},"content":{"rendered":"<p data-start=\"253\" data-end=\"654\">\u0160ai t\u012bklveida lampai ir m\u016bsdien\u012bgs, atv\u0113rta raksta dizains, kas iesl\u0113gt\u0101 veid\u0101 rada skaistus gaismas efektus un \u0113nas.<\/p>\n<p data-start=\"253\" data-end=\"654\">T\u0101s viegl\u0101 strukt\u016bra un t\u012brais \u0123eometriskais stils padara to par lielisku papildin\u0101jumu jebkuram m\u016bsdien\u012bgam interjeram.<\/p>\n<p data-start=\"253\" data-end=\"654\">Izstr\u0101d\u0101ta, lai uzlabotu gaisotni, t\u0101 kalpo gan k\u0101 funkcion\u0101ls gaismas p\u0101rsegs, gan k\u0101 dekorat\u012bvs elements j\u016bsu m\u0101j\u0101m vai darba vietai.<\/p>\n<p data-start=\"253\" data-end=\"654\">Ide\u0101li piem\u0113rota siltas un stil\u012bgas atmosf\u0113ras rad\u012b\u0161anai.<\/p>\n<p data-start=\"292\" data-end=\"674\">Izm\u0113ri: 24 \u00d7 24 \u00d7 24 cm<\/p>\n<p>&nbsp;<\/p>\n","protected":false},"excerpt":{"rendered":"<p data-start=\"611\" data-end=\"708\">Moderna t\u012bklveida lampa, kas p\u0101rv\u0113r\u0161 gaismu maig\u0101 un dekorat\u012bv\u0101 vizu\u0101l\u0101 efekt\u0101.<\/p>\n<p data-start=\"292\" data-end=\"674\">Izm\u0113ri: 24 \u00d7 24 \u00d7 24 cm<\/p>\n<p>Svars: 150 g<\/p>\n","protected":false},"featured_media":3580,"comment_status":"open","ping_status":"closed","template":"","meta":[],"product_brand":[],"product_cat":[96,94],"product_tag":[394,397,393,391,395,396,392],"class_list":{"0":"post-3999","1":"product","2":"type-product","3":"status-publish","4":"has-post-thumbnail","6":"product_cat-majas-dekori","7":"product_cat-maksla-dizains","8":"product_tag-dekorativa-gaisma","9":"product_tag-lampa","10":"product_tag-lampas-abazurs","11":"product_tag-majas-dekors","12":"product_tag-moderns-apgaismojums","13":"product_tag-noskanas-apgaismojums","14":"product_tag-tiklveida-lampa","16":"first","17":"instock","18":"virtual","19":"purchasable","20":"product-type-simple"},"_links":{"self":[{"href":"https:\/\/prinvent.lv\/lv\/wp-json\/wp\/v2\/product\/3999","targetHints":{"allow":["GET"]}}],"collection":[{"href":"https:\/\/prinvent.lv\/lv\/wp-json\/wp\/v2\/product"}],"about":[{"href":"https:\/\/prinvent.lv\/lv\/wp-json\/wp\/v2\/types\/product"}],"replies":[{"embeddable":true,"href":"https:\/\/prinvent.lv\/lv\/wp-json\/wp\/v2\/comments?post=3999"}],"wp:featuredmedia":[{"embeddable":true,"href":"https:\/\/prinvent.lv\/lv\/wp-json\/wp\/v2\/media\/3580"}],"wp:attachment":[{"href":"https:\/\/prinvent.lv\/lv\/wp-json\/wp\/v2\/media?parent=3999"}],"wp:term":[{"taxonomy":"product_brand","embeddable":true,"href":"https:\/\/prinvent.lv\/lv\/wp-json\/wp\/v2\/product_brand?post=3999"},{"taxonomy":"product_cat","embeddable":true,"href":"https:\/\/prinvent.lv\/lv\/wp-json\/wp\/v2\/product_cat?post=3999"},{"taxonomy":"product_tag","embeddable":true,"href":"https:\/\/prinvent.lv\/lv\/wp-json\/wp\/v2\/product_tag?post=3999"}],"curies":[{"name":"wp","href":"https:\/\/api.w.org\/{rel}","templated":true}]}}