{"id":3995,"date":"2026-03-30T12:27:42","date_gmt":"2026-03-30T10:27:42","guid":{"rendered":"https:\/\/prinvent.lv\/product\/taksis-atslegu-piekarins-teckel-suns\/"},"modified":"2026-04-08T14:59:43","modified_gmt":"2026-04-08T12:59:43","slug":"taksis-atslegu-piekarins-teckel-suns","status":"publish","type":"product","link":"https:\/\/prinvent.lv\/lv\/produkts\/taksis-atslegu-piekarins-teckel-suns\/","title":{"rendered":"Taksis atsl\u0113gu piekari\u0146\u0161 \u2013 Teckel suns"},"content":{"rendered":"<p data-start=\"194\" data-end=\"497\">Tak\u0161a atsl\u0113gu piekari\u0146am ir rota\u013c\u012bgs teke\u013ca dizains, kas ir ide\u0101li piem\u0113rots, lai pie\u0161\u0137irtu personisku akcentu j\u016bsu atsl\u0113g\u0101m vai somai.<\/p>\n<p data-start=\"194\" data-end=\"497\">Viegls un iztur\u012bgs, tas ir paredz\u0113ts ikdienas lieto\u0161anai, vienlaikus izce\u013cot j\u016bsu m\u012blest\u012bbu pret \u0161o ikonisko su\u0146u \u0161\u0137irni.<\/p>\n<p data-start=\"194\" data-end=\"497\">Lielisks aksesu\u0101rs su\u0146u m\u012b\u013cot\u0101jiem un p\u0101rdom\u0101ta d\u0101vana jebkur\u0101 gad\u012bjum\u0101.<\/p>\n<p data-start=\"292\" data-end=\"674\">Izm\u0113ri: 5 \u00d7 4 \u00d7 4 cm<\/p>\n","protected":false},"excerpt":{"rendered":"<p data-start=\"611\" data-end=\"708\">M\u012bl\u012bgs tak\u0161a atsl\u0113gu piekari\u0146\u0161, zin\u0101ms ar\u012b k\u0101 tekelis, ide\u0101li piem\u0113rots ikdienas lieto\u0161anai vai k\u0101 maza d\u0101vana su\u0146u m\u012b\u013cot\u0101jiem.<\/p>\n<p data-start=\"292\" data-end=\"674\">Izm\u0113ri: 5 \u00d7 4 \u00d7 4 cm<\/p>\n<p>Svars: 10 g<\/p>\n","protected":false},"featured_media":3450,"comment_status":"open","ping_status":"closed","template":"","meta":[],"product_brand":[],"product_cat":[103],"product_tag":[390,362,389,388,387,385,386],"class_list":{"0":"post-3995","1":"product","2":"type-product","3":"status-publish","4":"has-post-thumbnail","6":"product_cat-speles-rotallietas","7":"product_tag-atslegu-piekarins","8":"product_tag-davana-sunu-milotajam","9":"product_tag-majdzivnieku-aksesuars","10":"product_tag-miligs-atslegu-piekarins","11":"product_tag-suna-atslegu-piekarins","12":"product_tag-taksa-atslegu-piekarins","13":"product_tag-tekelis","15":"first","16":"instock","17":"virtual","18":"purchasable","19":"product-type-simple"},"_links":{"self":[{"href":"https:\/\/prinvent.lv\/lv\/wp-json\/wp\/v2\/product\/3995","targetHints":{"allow":["GET"]}}],"collection":[{"href":"https:\/\/prinvent.lv\/lv\/wp-json\/wp\/v2\/product"}],"about":[{"href":"https:\/\/prinvent.lv\/lv\/wp-json\/wp\/v2\/types\/product"}],"replies":[{"embeddable":true,"href":"https:\/\/prinvent.lv\/lv\/wp-json\/wp\/v2\/comments?post=3995"}],"wp:featuredmedia":[{"embeddable":true,"href":"https:\/\/prinvent.lv\/lv\/wp-json\/wp\/v2\/media\/3450"}],"wp:attachment":[{"href":"https:\/\/prinvent.lv\/lv\/wp-json\/wp\/v2\/media?parent=3995"}],"wp:term":[{"taxonomy":"product_brand","embeddable":true,"href":"https:\/\/prinvent.lv\/lv\/wp-json\/wp\/v2\/product_brand?post=3995"},{"taxonomy":"product_cat","embeddable":true,"href":"https:\/\/prinvent.lv\/lv\/wp-json\/wp\/v2\/product_cat?post=3995"},{"taxonomy":"product_tag","embeddable":true,"href":"https:\/\/prinvent.lv\/lv\/wp-json\/wp\/v2\/product_tag?post=3995"}],"curies":[{"name":"wp","href":"https:\/\/api.w.org\/{rel}","templated":true}]}}