{"id":3976,"date":"2026-03-26T19:06:47","date_gmt":"2026-03-26T17:06:47","guid":{"rendered":"https:\/\/prinvent.lv\/product\/talruna-stativs-universals-zala-krasa\/"},"modified":"2026-04-08T14:58:33","modified_gmt":"2026-04-08T12:58:33","slug":"talruna-stativs-universals-zala-krasa","status":"publish","type":"product","link":"https:\/\/prinvent.lv\/lv\/produkts\/talruna-stativs-universals-zala-krasa\/","title":{"rendered":"T\u0101lru\u0146a stat\u012bvs \u2013 univers\u0101ls \u2013 za\u013c\u0101 kr\u0101s\u0101"},"content":{"rendered":"<p>\u0160is univers\u0101lais za\u013cais t\u0101lru\u0146a stat\u012bvs ir paredz\u0113ts stabilai un \u0113rtai lieto\u0161anai uz jebkura galda. T\u0101 minim\u0101listiskais dizains lieliski iek\u013caujas m\u016bsdien\u012bg\u0101 darba vid\u0113, dro\u0161i turot viedt\u0101lruni videozvaniem, satura skat\u012b\u0161anai vai ikdienas lieto\u0161anai. Viegls, iztur\u012bgs un \u0113rti lietojams.  <\/p>\n","protected":false},"excerpt":{"rendered":"<p>\u2714 Stabils un iztur\u012bgs t\u0101lru\u0146a tur\u0113t\u0101js<br data-start=\"1176\" data-end=\"1179\">\u2714 Ide\u0101li piem\u0113rots galdam, birojam vai m\u0101j\u0101m<br data-start=\"1220\" data-end=\"1223\">\u2714 Savietojams ar visiem viedt\u0101lru\u0146iem<br data-start=\"1258\" data-end=\"1261\">\u2714 Minim\u0101listisks un m\u016bsdien\u012bgs dizains<\/p>\n","protected":false},"featured_media":3191,"comment_status":"open","ping_status":"closed","template":"","meta":[],"product_brand":[],"product_cat":[97],"product_tag":[370,371],"class_list":{"0":"post-3976","1":"product","2":"type-product","3":"status-publish","4":"has-post-thumbnail","6":"product_cat-majsaimniecibas-preces","7":"product_tag-talruna-stativs","8":"product_tag-viedtalruna-turetajs","10":"first","11":"instock","12":"virtual","13":"purchasable","14":"product-type-simple"},"_links":{"self":[{"href":"https:\/\/prinvent.lv\/lv\/wp-json\/wp\/v2\/product\/3976","targetHints":{"allow":["GET"]}}],"collection":[{"href":"https:\/\/prinvent.lv\/lv\/wp-json\/wp\/v2\/product"}],"about":[{"href":"https:\/\/prinvent.lv\/lv\/wp-json\/wp\/v2\/types\/product"}],"replies":[{"embeddable":true,"href":"https:\/\/prinvent.lv\/lv\/wp-json\/wp\/v2\/comments?post=3976"}],"wp:featuredmedia":[{"embeddable":true,"href":"https:\/\/prinvent.lv\/lv\/wp-json\/wp\/v2\/media\/3191"}],"wp:attachment":[{"href":"https:\/\/prinvent.lv\/lv\/wp-json\/wp\/v2\/media?parent=3976"}],"wp:term":[{"taxonomy":"product_brand","embeddable":true,"href":"https:\/\/prinvent.lv\/lv\/wp-json\/wp\/v2\/product_brand?post=3976"},{"taxonomy":"product_cat","embeddable":true,"href":"https:\/\/prinvent.lv\/lv\/wp-json\/wp\/v2\/product_cat?post=3976"},{"taxonomy":"product_tag","embeddable":true,"href":"https:\/\/prinvent.lv\/lv\/wp-json\/wp\/v2\/product_tag?post=3976"}],"curies":[{"name":"wp","href":"https:\/\/api.w.org\/{rel}","templated":true}]}}