{"id":3970,"date":"2026-03-29T18:10:26","date_gmt":"2026-03-29T16:10:26","guid":{"rendered":"https:\/\/prinvent.lv\/product\/fidget-zieds-rotejosa-stresa-mazinasanas-rotallieta\/"},"modified":"2026-04-08T14:58:15","modified_gmt":"2026-04-08T12:58:15","slug":"fidget-zieds-rotejosa-stresa-mazinasanas-rotallieta","status":"publish","type":"product","link":"https:\/\/prinvent.lv\/lv\/produkts\/fidget-zieds-rotejosa-stresa-mazinasanas-rotallieta\/","title":{"rendered":"Fidget zieds \u2013 rot\u0113jo\u0161a stresa mazin\u0101\u0161anas rota\u013clieta"},"content":{"rendered":"<p data-start=\"258\" data-end=\"560\">Fidget zieds ir vizu\u0101li pat\u012bkama stresa mazin\u0101\u0161anas rota\u013clieta ar glud\u0101m, rot\u0113jo\u0161\u0101m ziedlapi\u0146\u0101m, kas rada nomierino\u0161u kust\u012bbu.<\/p>\n<p data-start=\"258\" data-end=\"560\">T\u0101 unik\u0101lais ziedu iedvesmotais dizains padara to gan par funkcion\u0101lu fidget rota\u013clietu, gan par uzkr\u012bto\u0161u galda aksesu\u0101ru.<\/p>\n<p data-start=\"258\" data-end=\"560\">Lieliski piem\u0113rots stresa mazin\u0101\u0161anai, koncentr\u0113\u0161an\u0101s uzlabo\u0161anai vai vienk\u0101r\u0161i relaks\u0113jo\u0161u br\u012b\u017eu baud\u012b\u0161anai jebkur\u0101 dienas laik\u0101.<\/p>\n<p data-start=\"292\" data-end=\"674\">Izm\u0113ri: 7,5 \u00d7 7,5 \u00d7 1,6 cm<\/p>\n","protected":false},"excerpt":{"rendered":"<p data-start=\"611\" data-end=\"708\">Nomierino\u0161a un vizu\u0101li pat\u012bkama fidget rota\u013clieta ar glud\u0101m, rot\u0113jo\u0161\u0101m ziedlapi\u0146\u0101m, kas lieliski atsl\u0101bina pr\u0101tu un nodarbina rokas.<\/p>\n<p>Izm\u0113ri: 7,5 \u00d7 7,5 \u00d7 1,6 cm<\/p>\n","protected":false},"featured_media":3270,"comment_status":"open","ping_status":"closed","template":"","meta":[],"product_brand":[],"product_cat":[103],"product_tag":[348,355,326,353,350,354],"class_list":{"0":"post-3970","1":"product","2":"type-product","3":"status-publish","4":"has-post-thumbnail","6":"product_cat-speles-rotallietas","7":"product_tag-fidget-rotallieta","8":"product_tag-fidget-zieds","9":"product_tag-galda-rotallieta","10":"product_tag-rotejosa-rotallieta","11":"product_tag-stresa-mazinasanas-rotallieta","12":"product_tag-trauksmes-rotallieta","14":"first","15":"instock","16":"virtual","17":"purchasable","18":"product-type-simple"},"_links":{"self":[{"href":"https:\/\/prinvent.lv\/lv\/wp-json\/wp\/v2\/product\/3970","targetHints":{"allow":["GET"]}}],"collection":[{"href":"https:\/\/prinvent.lv\/lv\/wp-json\/wp\/v2\/product"}],"about":[{"href":"https:\/\/prinvent.lv\/lv\/wp-json\/wp\/v2\/types\/product"}],"replies":[{"embeddable":true,"href":"https:\/\/prinvent.lv\/lv\/wp-json\/wp\/v2\/comments?post=3970"}],"wp:featuredmedia":[{"embeddable":true,"href":"https:\/\/prinvent.lv\/lv\/wp-json\/wp\/v2\/media\/3270"}],"wp:attachment":[{"href":"https:\/\/prinvent.lv\/lv\/wp-json\/wp\/v2\/media?parent=3970"}],"wp:term":[{"taxonomy":"product_brand","embeddable":true,"href":"https:\/\/prinvent.lv\/lv\/wp-json\/wp\/v2\/product_brand?post=3970"},{"taxonomy":"product_cat","embeddable":true,"href":"https:\/\/prinvent.lv\/lv\/wp-json\/wp\/v2\/product_cat?post=3970"},{"taxonomy":"product_tag","embeddable":true,"href":"https:\/\/prinvent.lv\/lv\/wp-json\/wp\/v2\/product_tag?post=3970"}],"curies":[{"name":"wp","href":"https:\/\/api.w.org\/{rel}","templated":true}]}}