{"id":3968,"date":"2026-03-27T12:32:18","date_gmt":"2026-03-27T10:32:18","guid":{"rendered":"https:\/\/prinvent.lv\/product\/zakis-galda-dekors\/"},"modified":"2026-04-08T14:57:56","modified_gmt":"2026-04-08T12:57:56","slug":"zakis-galda-dekors","status":"publish","type":"product","link":"https:\/\/prinvent.lv\/lv\/produkts\/zakis-galda-dekors\/","title":{"rendered":"Za\u0137is \u2013 galda dekors"},"content":{"rendered":"<p data-start=\"292\" data-end=\"674\">Burv\u012bgs papildin\u0101jums jebkurai m\u0101jai vai darba vietai. Izstr\u0101d\u0101ts m\u012bl\u012bg\u0101 un minim\u0101listisk\u0101 stil\u0101, tas pie\u0161\u0137ir siltu un rota\u013c\u012bgu akcentu j\u016bsu galdam, plauktam vai darbvirsmai. Lieliski piem\u0113rots k\u0101 sezonas rot\u0101jums, d\u0101vana vai ikdienas dekora elements, \u0161is tru\u0161u ornaments lieliski iek\u013caujas modernos un m\u0101j\u012bgos interjeros. Viegls, iztur\u012bgs un ide\u0101li piem\u0113rots viesm\u012bl\u012bgas atmosf\u0113ras rad\u012b\u0161anai.   <\/p>\n<p data-start=\"281\" data-end=\"634\">\n","protected":false},"excerpt":{"rendered":"<p>\u2714 M\u012bl\u012bgs un stil\u012bgs za\u0137a dizains<br data-start=\"750\" data-end=\"753\">\u2714 Ide\u0101li piem\u0113rots galda, plaukta vai darbvirsmas dekor\u0113\u0161anai<br data-start=\"796\" data-end=\"799\">\u2714 Lieliska d\u0101vanas ideja jebkuram gad\u012bjumam<br data-start=\"835\" data-end=\"838\">\u2714 Pie\u0161\u0137ir m\u0101j\u012bgu un rota\u013c\u012bgu akcentu j\u016bsu telpai<\/p>\n<p>&nbsp;<\/p>\n","protected":false},"featured_media":3256,"comment_status":"open","ping_status":"closed","template":"","meta":[],"product_brand":[],"product_cat":[96,97,101],"product_tag":[319,329,369,326],"class_list":{"0":"post-3968","1":"product","2":"type-product","3":"status-publish","4":"has-post-thumbnail","6":"product_cat-majas-dekori","7":"product_cat-majsaimniecibas-preces","8":"product_cat-skolai-macibam","9":"product_tag-davanas-ideja","10":"product_tag-dekors","11":"product_tag-galda-dekors-2","12":"product_tag-galda-rotallieta","14":"first","15":"instock","16":"virtual","17":"purchasable","18":"product-type-simple"},"_links":{"self":[{"href":"https:\/\/prinvent.lv\/lv\/wp-json\/wp\/v2\/product\/3968","targetHints":{"allow":["GET"]}}],"collection":[{"href":"https:\/\/prinvent.lv\/lv\/wp-json\/wp\/v2\/product"}],"about":[{"href":"https:\/\/prinvent.lv\/lv\/wp-json\/wp\/v2\/types\/product"}],"replies":[{"embeddable":true,"href":"https:\/\/prinvent.lv\/lv\/wp-json\/wp\/v2\/comments?post=3968"}],"wp:featuredmedia":[{"embeddable":true,"href":"https:\/\/prinvent.lv\/lv\/wp-json\/wp\/v2\/media\/3256"}],"wp:attachment":[{"href":"https:\/\/prinvent.lv\/lv\/wp-json\/wp\/v2\/media?parent=3968"}],"wp:term":[{"taxonomy":"product_brand","embeddable":true,"href":"https:\/\/prinvent.lv\/lv\/wp-json\/wp\/v2\/product_brand?post=3968"},{"taxonomy":"product_cat","embeddable":true,"href":"https:\/\/prinvent.lv\/lv\/wp-json\/wp\/v2\/product_cat?post=3968"},{"taxonomy":"product_tag","embeddable":true,"href":"https:\/\/prinvent.lv\/lv\/wp-json\/wp\/v2\/product_tag?post=3968"}],"curies":[{"name":"wp","href":"https:\/\/api.w.org\/{rel}","templated":true}]}}