{"id":3966,"date":"2026-03-29T17:51:55","date_gmt":"2026-03-29T15:51:55","guid":{"rendered":"https:\/\/prinvent.lv\/product\/fleksi-koala-artikuleta-fidget-rotallieta\/"},"modified":"2026-04-08T14:57:55","modified_gmt":"2026-04-08T12:57:55","slug":"fleksi-koala-artikuleta-fidget-rotallieta","status":"publish","type":"product","link":"https:\/\/prinvent.lv\/lv\/produkts\/fleksi-koala-artikuleta-fidget-rotallieta\/","title":{"rendered":"Fleks\u012b koala \u2013 artikul\u0113ta fidget rota\u013clieta"},"content":{"rendered":"<p data-start=\"292\" data-end=\"674\">\u0160is iztur\u012bgais sienas \u0101\u0137is ir paredz\u0113ts sp\u0113c\u012bgam un uzticamam atbalstam, padarot to ide\u0101li piem\u0113rotu somu, jaku, instrumentu vai citu ikdienas priek\u0161metu pakarin\u0101\u0161anai.<\/p>\n<p data-start=\"292\" data-end=\"674\">T\u0101 iztur\u012bg\u0101 konstrukcija nodro\u0161ina stabilit\u0101ti, vienlaikus uzturot J\u016bsu telpu sak\u0101rtotu un br\u012bvu no nek\u0101rt\u012bbas.<\/p>\n<p data-start=\"292\" data-end=\"674\">Ide\u0101li piem\u0113rots lieto\u0161anai m\u0101j\u0101s, gar\u0101\u017e\u0101s vai darba telp\u0101s, \u0161is \u0101\u0137is apvieno iztur\u012bbu ar vienk\u0101r\u0161u un funkcion\u0101lu dizainu.<\/p>\n<p data-start=\"292\" data-end=\"674\">Izm\u0113ri: 6 \u00d7 3 \u00d7 3 cm<\/p>\n","protected":false},"excerpt":{"rendered":"<p data-start=\"647\" data-end=\"778\">M\u012bl\u012bga un elast\u012bga koala, kas gludi kustas J\u016bsu rok\u0101s, padarot to ide\u0101li piem\u0113rotu stresa mazin\u0101\u0161anai, rota\u013c\u0101m vai k\u0101 jautru galda kompanjonu.<\/p>\n<p>Izm\u0113ri: 6 \u00d7 3 \u00d7 3 cm<\/p>\n","protected":false},"featured_media":3277,"comment_status":"open","ping_status":"closed","template":"","meta":[],"product_brand":[],"product_cat":[98,103],"product_tag":[349,348,367,326,345,368],"class_list":{"0":"post-3966","1":"product","2":"type-product","3":"status-publish","4":"has-post-thumbnail","6":"product_cat-miniaturas","7":"product_cat-speles-rotallietas","8":"product_tag-3d-drukata-rotallieta","9":"product_tag-fidget-rotallieta","10":"product_tag-fleksi-koala","11":"product_tag-galda-rotallieta","12":"product_tag-locama-rotallieta","13":"product_tag-miliga-dzivnieku-rotallieta","15":"first","16":"instock","17":"virtual","18":"purchasable","19":"product-type-simple"},"_links":{"self":[{"href":"https:\/\/prinvent.lv\/lv\/wp-json\/wp\/v2\/product\/3966","targetHints":{"allow":["GET"]}}],"collection":[{"href":"https:\/\/prinvent.lv\/lv\/wp-json\/wp\/v2\/product"}],"about":[{"href":"https:\/\/prinvent.lv\/lv\/wp-json\/wp\/v2\/types\/product"}],"replies":[{"embeddable":true,"href":"https:\/\/prinvent.lv\/lv\/wp-json\/wp\/v2\/comments?post=3966"}],"wp:featuredmedia":[{"embeddable":true,"href":"https:\/\/prinvent.lv\/lv\/wp-json\/wp\/v2\/media\/3277"}],"wp:attachment":[{"href":"https:\/\/prinvent.lv\/lv\/wp-json\/wp\/v2\/media?parent=3966"}],"wp:term":[{"taxonomy":"product_brand","embeddable":true,"href":"https:\/\/prinvent.lv\/lv\/wp-json\/wp\/v2\/product_brand?post=3966"},{"taxonomy":"product_cat","embeddable":true,"href":"https:\/\/prinvent.lv\/lv\/wp-json\/wp\/v2\/product_cat?post=3966"},{"taxonomy":"product_tag","embeddable":true,"href":"https:\/\/prinvent.lv\/lv\/wp-json\/wp\/v2\/product_tag?post=3966"}],"curies":[{"name":"wp","href":"https:\/\/api.w.org\/{rel}","templated":true}]}}