{"id":3964,"date":"2026-03-30T23:43:13","date_gmt":"2026-03-30T21:43:13","guid":{"rendered":"https:\/\/prinvent.lv\/product\/zeltainais-retrivers-suna-galvas-skulptura\/"},"modified":"2026-04-08T14:57:54","modified_gmt":"2026-04-08T12:57:54","slug":"zeltainais-retrivers-suna-galvas-skulptura","status":"publish","type":"product","link":"https:\/\/prinvent.lv\/lv\/produkts\/zeltainais-retrivers-suna-galvas-skulptura\/","title":{"rendered":"Zeltainais retr\u012bvers \u2013 su\u0146a galvas skulpt\u016bra"},"content":{"rendered":"<p data-start=\"194\" data-end=\"497\">Zeltain\u0101 retr\u012bvera galvas skulpt\u016bra iem\u016b\u017eina vienas no iem\u012b\u013cot\u0101kaj\u0101m su\u0146u \u0161\u0137irn\u0113m draudz\u012bgo un uzticamo izteiksmi.<\/p>\n<p data-start=\"194\" data-end=\"497\">Izstr\u0101d\u0101ta ar prec\u012bz\u0101m deta\u013c\u0101m un modern\u0101 skulptur\u0101l\u0101 stil\u0101, t\u0101 pie\u0161\u0137ir siltu un personisku akcentu jebkuram interjeram.<\/p>\n<p data-start=\"194\" data-end=\"497\">Lieliski piem\u0113rota novieto\u0161anai uz rakst\u0101mgalda, plaukta vai k\u0101 m\u0101jas dekora elements \u2013 t\u0101 ir ide\u0101la izv\u0113le su\u0146u m\u012b\u013cot\u0101jiem un p\u0101rdom\u0101ta d\u0101vana jebkur\u0101 gad\u012bjum\u0101.<\/p>\n<p data-start=\"292\" data-end=\"674\">Izm\u0113ri: 25 \u00d7 16 \u00d7 12,5 cm<\/p>\n<p>&nbsp;<\/p>\n","protected":false},"excerpt":{"rendered":"<p data-start=\"611\" data-end=\"708\">Detaliz\u0113ta zeltain\u0101 retr\u012bvera skulpt\u016bra, kas ienes j\u016bsu telp\u0101 siltumu, raksturu un m\u012blest\u012bbu pret su\u0146iem.<\/p>\n<p data-start=\"292\" data-end=\"674\">Izm\u0113ri: 25 \u00d7 16 \u00d7 12,5 cm<\/p>\n<p>Svars: 500 g<\/p>\n","protected":false},"featured_media":3565,"comment_status":"open","ping_status":"closed","template":"","meta":[],"product_brand":[],"product_cat":[94],"product_tag":[362,320,366,365,364,363],"class_list":{"0":"post-3964","1":"product","2":"type-product","3":"status-publish","4":"has-post-thumbnail","6":"product_cat-maksla-dizains","7":"product_tag-davana-sunu-milotajam","8":"product_tag-dzivnieku-dekors","9":"product_tag-majdzivnieku-dekors","10":"product_tag-suna-galva","11":"product_tag-suna-skulptura","12":"product_tag-zeltainais-retrivers","14":"first","15":"instock","16":"virtual","17":"purchasable","18":"product-type-simple"},"_links":{"self":[{"href":"https:\/\/prinvent.lv\/lv\/wp-json\/wp\/v2\/product\/3964","targetHints":{"allow":["GET"]}}],"collection":[{"href":"https:\/\/prinvent.lv\/lv\/wp-json\/wp\/v2\/product"}],"about":[{"href":"https:\/\/prinvent.lv\/lv\/wp-json\/wp\/v2\/types\/product"}],"replies":[{"embeddable":true,"href":"https:\/\/prinvent.lv\/lv\/wp-json\/wp\/v2\/comments?post=3964"}],"wp:featuredmedia":[{"embeddable":true,"href":"https:\/\/prinvent.lv\/lv\/wp-json\/wp\/v2\/media\/3565"}],"wp:attachment":[{"href":"https:\/\/prinvent.lv\/lv\/wp-json\/wp\/v2\/media?parent=3964"}],"wp:term":[{"taxonomy":"product_brand","embeddable":true,"href":"https:\/\/prinvent.lv\/lv\/wp-json\/wp\/v2\/product_brand?post=3964"},{"taxonomy":"product_cat","embeddable":true,"href":"https:\/\/prinvent.lv\/lv\/wp-json\/wp\/v2\/product_cat?post=3964"},{"taxonomy":"product_tag","embeddable":true,"href":"https:\/\/prinvent.lv\/lv\/wp-json\/wp\/v2\/product_tag?post=3964"}],"curies":[{"name":"wp","href":"https:\/\/api.w.org\/{rel}","templated":true}]}}