{"id":3963,"date":"2026-03-29T17:35:11","date_gmt":"2026-03-29T15:35:11","guid":{"rendered":"https:\/\/prinvent.lv\/product\/izturigs-sienas-akis-specigs-iekarinasanas-akis\/"},"modified":"2026-04-08T14:57:21","modified_gmt":"2026-04-08T12:57:21","slug":"izturigs-sienas-akis-specigs-iekarinasanas-akis","status":"publish","type":"product","link":"https:\/\/prinvent.lv\/lv\/produkts\/izturigs-sienas-akis-specigs-iekarinasanas-akis\/","title":{"rendered":"Iztur\u012bgs sienas \u0101\u0137is \u2013 sp\u0113c\u012bgs iekarin\u0101\u0161anas \u0101\u0137is"},"content":{"rendered":"<p data-start=\"292\" data-end=\"674\">\u0160is iztur\u012bgais sienas \u0101\u0137is ir paredz\u0113ts sp\u0113c\u012bgam un dro\u0161am atbalstam, padarot to ide\u0101li piem\u0113rotu somu, jaku, instrumentu vai citu ikdienas priek\u0161metu pakarin\u0101\u0161anai.<\/p>\n<p data-start=\"292\" data-end=\"674\">T\u0101 iztur\u012bg\u0101 konstrukcija nodro\u0161ina stabilit\u0101ti, vienlaikus uzturot j\u016bsu telpu sak\u0101rtotu un br\u012bvu no nek\u0101rt\u012bbas.<\/p>\n<p data-start=\"292\" data-end=\"674\">Ide\u0101li piem\u0113rots lieto\u0161anai m\u0101j\u0101s, gar\u0101\u017e\u0101s vai darba telp\u0101s, \u0161is \u0101\u0137is apvieno iztur\u012bbu ar vienk\u0101r\u0161u un funkcion\u0101lu dizainu.<\/p>\n<p data-start=\"292\" data-end=\"674\">Izm\u0113ri: 5,5 \u00d7 5 \u00d7 3 cm<\/p>\n","protected":false},"excerpt":{"rendered":"<p>Rad\u012bts iztur\u012bbai un ikdienas lieto\u0161anai, \u0161is sienas \u0101\u0137is pal\u012bdz uztur\u0113t k\u0101rt\u012bbu, dro\u0161i noturot smag\u0101kus priek\u0161metus.<\/p>\n<p>Izm\u0113ri: 5,5 \u00d7 5 \u00d7 3 cm<\/p>\n","protected":false},"featured_media":3264,"comment_status":"open","ping_status":"closed","template":"","meta":[],"product_brand":[],"product_cat":[97],"product_tag":[361,357,358,356,360,359],"class_list":{"0":"post-3963","1":"product","2":"type-product","3":"status-publish","4":"has-post-thumbnail","6":"product_cat-majsaimniecibas-preces","7":"product_tag-garazas-akis","8":"product_tag-lieljaudas-akis","9":"product_tag-pakaramais","10":"product_tag-sienas-akis","11":"product_tag-sienas-organizators","12":"product_tag-uzglabasanas-akis","14":"first","15":"instock","16":"virtual","17":"purchasable","18":"product-type-simple"},"_links":{"self":[{"href":"https:\/\/prinvent.lv\/lv\/wp-json\/wp\/v2\/product\/3963","targetHints":{"allow":["GET"]}}],"collection":[{"href":"https:\/\/prinvent.lv\/lv\/wp-json\/wp\/v2\/product"}],"about":[{"href":"https:\/\/prinvent.lv\/lv\/wp-json\/wp\/v2\/types\/product"}],"replies":[{"embeddable":true,"href":"https:\/\/prinvent.lv\/lv\/wp-json\/wp\/v2\/comments?post=3963"}],"wp:featuredmedia":[{"embeddable":true,"href":"https:\/\/prinvent.lv\/lv\/wp-json\/wp\/v2\/media\/3264"}],"wp:attachment":[{"href":"https:\/\/prinvent.lv\/lv\/wp-json\/wp\/v2\/media?parent=3963"}],"wp:term":[{"taxonomy":"product_brand","embeddable":true,"href":"https:\/\/prinvent.lv\/lv\/wp-json\/wp\/v2\/product_brand?post=3963"},{"taxonomy":"product_cat","embeddable":true,"href":"https:\/\/prinvent.lv\/lv\/wp-json\/wp\/v2\/product_cat?post=3963"},{"taxonomy":"product_tag","embeddable":true,"href":"https:\/\/prinvent.lv\/lv\/wp-json\/wp\/v2\/product_tag?post=3963"}],"curies":[{"name":"wp","href":"https:\/\/api.w.org\/{rel}","templated":true}]}}