{"id":3962,"date":"2026-03-29T18:16:13","date_gmt":"2026-03-29T16:16:13","guid":{"rendered":"https:\/\/prinvent.lv\/product\/fidget-ziroskopa-gredzens-rotejosa-stresa-mazinasanas-rotallieta\/"},"modified":"2026-04-08T14:57:20","modified_gmt":"2026-04-08T12:57:20","slug":"fidget-ziroskopa-gredzens-rotejosa-stresa-mazinasanas-rotallieta","status":"publish","type":"product","link":"https:\/\/prinvent.lv\/lv\/produkts\/fidget-ziroskopa-gredzens-rotejosa-stresa-mazinasanas-rotallieta\/","title":{"rendered":"Fidget \u017eiroskopa gredzens \u2013 Rot\u0113jo\u0161a stresa mazin\u0101\u0161anas rota\u013clieta"},"content":{"rendered":"<p data-start=\"258\" data-end=\"560\">Fidget \u017eiroskopa gredzens ir kompakta un pat\u012bkama stresa mazin\u0101\u0161anas rota\u013clieta, kas paredz\u0113ta vienm\u0113r\u012bgai grie\u0161anai un nep\u0101rtrauktai kust\u012bbai.<\/p>\n<p data-start=\"258\" data-end=\"560\">T\u0101 rot\u0113jo\u0161ais dizains pal\u012bdz uzlabot koncentr\u0113\u0161anos, mazin\u0101t stresu un nodarbin\u0101t rokas visas dienas garum\u0101.<\/p>\n<p data-start=\"258\" data-end=\"560\">Viegls un viegli p\u0101rn\u0113s\u0101jams, tas ir ide\u0101li piem\u0113rots lieto\u0161anai darb\u0101, skol\u0101 vai ce\u013c\u0101.<\/p>\n<p data-start=\"292\" data-end=\"674\">Izm\u0113ri: 4,5 \u00d7 4,5 \u00d7 1,5 cm<\/p>\n","protected":false},"excerpt":{"rendered":"<p data-start=\"611\" data-end=\"708\">Nomierino\u0161a un vizu\u0101li pat\u012bkama fidget rota\u013clieta ar gludi rot\u0113jo\u0161\u0101m ziedlapi\u0146\u0101m, kas ir ide\u0101li piem\u0113rota pr\u0101ta atsl\u0101bin\u0101\u0161anai un roku nodarbin\u0101\u0161anai.<\/p>\n<p>Izm\u0113ri: 4,5 \u00d7 4,5 \u00d7 1,5 cm<\/p>\n<p>Svars: 15 g<\/p>\n","protected":false},"featured_media":3266,"comment_status":"open","ping_status":"closed","template":"","meta":[],"product_brand":[],"product_cat":[103],"product_tag":[348,355,326,353,350,354],"class_list":{"0":"post-3962","1":"product","2":"type-product","3":"status-publish","4":"has-post-thumbnail","6":"product_cat-speles-rotallietas","7":"product_tag-fidget-rotallieta","8":"product_tag-fidget-zieds","9":"product_tag-galda-rotallieta","10":"product_tag-rotejosa-rotallieta","11":"product_tag-stresa-mazinasanas-rotallieta","12":"product_tag-trauksmes-rotallieta","14":"first","15":"instock","16":"virtual","17":"purchasable","18":"product-type-simple"},"_links":{"self":[{"href":"https:\/\/prinvent.lv\/lv\/wp-json\/wp\/v2\/product\/3962","targetHints":{"allow":["GET"]}}],"collection":[{"href":"https:\/\/prinvent.lv\/lv\/wp-json\/wp\/v2\/product"}],"about":[{"href":"https:\/\/prinvent.lv\/lv\/wp-json\/wp\/v2\/types\/product"}],"replies":[{"embeddable":true,"href":"https:\/\/prinvent.lv\/lv\/wp-json\/wp\/v2\/comments?post=3962"}],"wp:featuredmedia":[{"embeddable":true,"href":"https:\/\/prinvent.lv\/lv\/wp-json\/wp\/v2\/media\/3266"}],"wp:attachment":[{"href":"https:\/\/prinvent.lv\/lv\/wp-json\/wp\/v2\/media?parent=3962"}],"wp:term":[{"taxonomy":"product_brand","embeddable":true,"href":"https:\/\/prinvent.lv\/lv\/wp-json\/wp\/v2\/product_brand?post=3962"},{"taxonomy":"product_cat","embeddable":true,"href":"https:\/\/prinvent.lv\/lv\/wp-json\/wp\/v2\/product_cat?post=3962"},{"taxonomy":"product_tag","embeddable":true,"href":"https:\/\/prinvent.lv\/lv\/wp-json\/wp\/v2\/product_tag?post=3962"}],"curies":[{"name":"wp","href":"https:\/\/api.w.org\/{rel}","templated":true}]}}