{"id":3958,"date":"2026-03-26T23:42:29","date_gmt":"2026-03-26T21:42:29","guid":{"rendered":"https:\/\/prinvent.lv\/product\/infinity-cube-fidget-rotallieta-sarkana-galda-rotallieta-stresa-mazinasanai\/"},"modified":"2026-04-08T14:57:08","modified_gmt":"2026-04-08T12:57:08","slug":"infinity-cube-fidget-rotallieta-sarkana-galda-rotallieta-stresa-mazinasanai","status":"publish","type":"product","link":"https:\/\/prinvent.lv\/lv\/produkts\/infinity-cube-fidget-rotallieta-sarkana-galda-rotallieta-stresa-mazinasanai\/","title":{"rendered":"Infinity Cube Fidget rota\u013clieta \u2013 Sarkana galda rota\u013clieta stresa mazin\u0101\u0161anai"},"content":{"rendered":"<p>Infinity Cube ir kompakta un apmierino\u0161a fidget rota\u013clieta, kas paredz\u0113ta stresa mazin\u0101\u0161anai un koncentr\u0113\u0161an\u0101s uzlabo\u0161anai. Ar t\u0101s vienm\u0113r\u012bgo loc\u012b\u0161anas kust\u012bbu J\u016bs varat bezgal\u012bgi loc\u012bt un p\u0101rveidot kubu sav\u0101s rok\u0101s. Ide\u0101li piem\u0113rota darbam, m\u0101c\u012bb\u0101m vai relaks\u0101cijas br\u012b\u017eiem, t\u0101 viegli ievietojas J\u016bsu kabat\u0101 un nodro\u0161ina nomierino\u0161u, taustes pieredzi. Iztur\u012bga, viegla un atkar\u012bbu izraiso\u0161a lieto\u0161an\u0101.   <\/p>\n","protected":false},"excerpt":{"rendered":"<p>\u2714 Bezgal\u012bga loc\u012b\u0161anas kust\u012bba stresa mazin\u0101\u0161anai<br data-start=\"742\" data-end=\"745\">\u2714 Uzlabo koncentr\u0113\u0161anos un mazina trauksmi<br data-start=\"783\" data-end=\"786\">\u2714 Kompakts un kabatai draudz\u012bgs dizains<br data-start=\"824\" data-end=\"827\">\u2714 Ide\u0101li piem\u0113rots darbam, skolai vai ce\u013cojumiem<\/p>\n<p>&nbsp;<\/p>\n","protected":false},"featured_media":3190,"comment_status":"open","ping_status":"closed","template":"","meta":[],"product_brand":[],"product_cat":[103],"product_tag":[346,319,347,326,342,343,345,344,340,341],"class_list":{"0":"post-3958","1":"product","2":"type-product","3":"status-publish","4":"has-post-thumbnail","6":"product_cat-speles-rotallietas","7":"product_tag-3d-drukats-pukis","8":"product_tag-davanas-ideja","9":"product_tag-elastiga-rotallieta","10":"product_tag-galda-rotallieta","11":"product_tag-galda-rotallietas","12":"product_tag-jautri","13":"product_tag-locama-rotallieta","14":"product_tag-pukis","15":"product_tag-rotallietas","16":"product_tag-speles","18":"first","19":"instock","20":"virtual","21":"purchasable","22":"product-type-simple"},"_links":{"self":[{"href":"https:\/\/prinvent.lv\/lv\/wp-json\/wp\/v2\/product\/3958","targetHints":{"allow":["GET"]}}],"collection":[{"href":"https:\/\/prinvent.lv\/lv\/wp-json\/wp\/v2\/product"}],"about":[{"href":"https:\/\/prinvent.lv\/lv\/wp-json\/wp\/v2\/types\/product"}],"replies":[{"embeddable":true,"href":"https:\/\/prinvent.lv\/lv\/wp-json\/wp\/v2\/comments?post=3958"}],"wp:featuredmedia":[{"embeddable":true,"href":"https:\/\/prinvent.lv\/lv\/wp-json\/wp\/v2\/media\/3190"}],"wp:attachment":[{"href":"https:\/\/prinvent.lv\/lv\/wp-json\/wp\/v2\/media?parent=3958"}],"wp:term":[{"taxonomy":"product_brand","embeddable":true,"href":"https:\/\/prinvent.lv\/lv\/wp-json\/wp\/v2\/product_brand?post=3958"},{"taxonomy":"product_cat","embeddable":true,"href":"https:\/\/prinvent.lv\/lv\/wp-json\/wp\/v2\/product_cat?post=3958"},{"taxonomy":"product_tag","embeddable":true,"href":"https:\/\/prinvent.lv\/lv\/wp-json\/wp\/v2\/product_tag?post=3958"}],"curies":[{"name":"wp","href":"https:\/\/api.w.org\/{rel}","templated":true}]}}