{"id":3957,"date":"2026-03-29T19:51:12","date_gmt":"2026-03-29T17:51:12","guid":{"rendered":"https:\/\/prinvent.lv\/product\/artikulets-astonkajis-elastiga-fidget-rotallieta\/"},"modified":"2026-04-08T14:57:07","modified_gmt":"2026-04-08T12:57:07","slug":"artikulets-astonkajis-elastiga-fidget-rotallieta","status":"publish","type":"product","link":"https:\/\/prinvent.lv\/lv\/produkts\/artikulets-astonkajis-elastiga-fidget-rotallieta\/","title":{"rendered":"Artikul\u0113ts asto\u0146k\u0101jis \u2013 elast\u012bga fidget rota\u013clieta"},"content":{"rendered":"<p data-start=\"269\" data-end=\"656\">Artikul\u0113ts asto\u0146k\u0101jis ir jautra un interakt\u012bva 3D druk\u0101ta rota\u013clieta ar elast\u012bgiem taustek\u013ciem, kas gludi kustas J\u016bsu rok\u0101s.<\/p>\n<p data-start=\"269\" data-end=\"656\">T\u0101 rota\u013c\u012bgais dizains padara to par ide\u0101lu fidget rota\u013clietu, galda kompanjonu vai dekorat\u012bvu elementu.<\/p>\n<p data-start=\"269\" data-end=\"656\">Viegls un pat\u012bkams lieto\u0161an\u0101, tas ir lieliski piem\u0113rots stresa mazin\u0101\u0161anai, koncentr\u0113\u0161an\u0101s uzlabo\u0161anai vai vienk\u0101r\u0161i unik\u0101la un saisto\u0161a priek\u0161meta baud\u012b\u0161anai.<\/p>\n<p data-start=\"292\" data-end=\"674\">Izm\u0113ri: 10 \u00d7 10 \u00d7 1 cm<\/p>\n","protected":false},"excerpt":{"rendered":"<p data-start=\"611\" data-end=\"708\">Elast\u012bga un pat\u012bkama asto\u0146k\u0101ja rota\u013clieta ar kust\u012bgiem taustek\u013ciem, ide\u0101li piem\u0113rota sp\u0113l\u0113m, stresa mazin\u0101\u0161anai vai k\u0101 jautrs galda kompanjons.<\/p>\n<p>Izm\u0113ri: 10 \u00d7 10 \u00d7 1 cm<\/p>\n","protected":false},"featured_media":3274,"comment_status":"open","ping_status":"closed","template":"","meta":[],"product_brand":[],"product_cat":[103],"product_tag":[349,351,352,348,326,350],"class_list":{"0":"post-3957","1":"product","2":"type-product","3":"status-publish","4":"has-post-thumbnail","6":"product_cat-speles-rotallietas","7":"product_tag-3d-drukata-rotallieta","8":"product_tag-artikulets-astonkajis","9":"product_tag-elastigais-astonkajis","10":"product_tag-fidget-rotallieta","11":"product_tag-galda-rotallieta","12":"product_tag-stresa-mazinasanas-rotallieta","14":"first","15":"instock","16":"virtual","17":"purchasable","18":"product-type-simple"},"_links":{"self":[{"href":"https:\/\/prinvent.lv\/lv\/wp-json\/wp\/v2\/product\/3957","targetHints":{"allow":["GET"]}}],"collection":[{"href":"https:\/\/prinvent.lv\/lv\/wp-json\/wp\/v2\/product"}],"about":[{"href":"https:\/\/prinvent.lv\/lv\/wp-json\/wp\/v2\/types\/product"}],"replies":[{"embeddable":true,"href":"https:\/\/prinvent.lv\/lv\/wp-json\/wp\/v2\/comments?post=3957"}],"wp:featuredmedia":[{"embeddable":true,"href":"https:\/\/prinvent.lv\/lv\/wp-json\/wp\/v2\/media\/3274"}],"wp:attachment":[{"href":"https:\/\/prinvent.lv\/lv\/wp-json\/wp\/v2\/media?parent=3957"}],"wp:term":[{"taxonomy":"product_brand","embeddable":true,"href":"https:\/\/prinvent.lv\/lv\/wp-json\/wp\/v2\/product_brand?post=3957"},{"taxonomy":"product_cat","embeddable":true,"href":"https:\/\/prinvent.lv\/lv\/wp-json\/wp\/v2\/product_cat?post=3957"},{"taxonomy":"product_tag","embeddable":true,"href":"https:\/\/prinvent.lv\/lv\/wp-json\/wp\/v2\/product_tag?post=3957"}],"curies":[{"name":"wp","href":"https:\/\/api.w.org\/{rel}","templated":true}]}}