{"id":3954,"date":"2026-03-24T15:03:41","date_gmt":"2026-03-24T13:03:41","guid":{"rendered":"https:\/\/prinvent.lv\/product\/telefona-turetajs-universals-zils\/"},"modified":"2026-04-08T14:56:56","modified_gmt":"2026-04-08T12:56:56","slug":"telefona-turetajs-universals-zils","status":"publish","type":"product","link":"https:\/\/prinvent.lv\/lv\/produkts\/telefona-turetajs-universals-zils\/","title":{"rendered":"Telefona tur\u0113t\u0101js \u2013 Univers\u0101ls \u2013 zils"},"content":{"rendered":"<p>Univers\u0101ls zils telefona tur\u0113t\u0101js, kas notur J\u016bsu t\u0101lruni stabilu un vertik\u0101li uz galda. Vienk\u0101r\u0161s un praktisks dizains satura skat\u012b\u0161anai, p\u0101rl\u016bko\u0161anai vai darba vietas sak\u0101rto\u0161anai. <\/p>\n","protected":false},"excerpt":{"rendered":"<p>Univers\u0101ls zils telefona tur\u0113t\u0101js \u0113rtai ikdienas lieto\u0161anai.<\/p>\n","protected":false},"featured_media":68,"comment_status":"open","ping_status":"closed","template":"","meta":[],"product_brand":[],"product_cat":[97],"product_tag":[],"class_list":{"0":"post-3954","1":"product","2":"type-product","3":"status-publish","4":"has-post-thumbnail","6":"product_cat-majsaimniecibas-preces","8":"first","9":"instock","10":"downloadable","11":"shipping-taxable","12":"purchasable","13":"product-type-simple"},"_links":{"self":[{"href":"https:\/\/prinvent.lv\/lv\/wp-json\/wp\/v2\/product\/3954","targetHints":{"allow":["GET"]}}],"collection":[{"href":"https:\/\/prinvent.lv\/lv\/wp-json\/wp\/v2\/product"}],"about":[{"href":"https:\/\/prinvent.lv\/lv\/wp-json\/wp\/v2\/types\/product"}],"replies":[{"embeddable":true,"href":"https:\/\/prinvent.lv\/lv\/wp-json\/wp\/v2\/comments?post=3954"}],"wp:featuredmedia":[{"embeddable":true,"href":"https:\/\/prinvent.lv\/lv\/wp-json\/wp\/v2\/media\/68"}],"wp:attachment":[{"href":"https:\/\/prinvent.lv\/lv\/wp-json\/wp\/v2\/media?parent=3954"}],"wp:term":[{"taxonomy":"product_brand","embeddable":true,"href":"https:\/\/prinvent.lv\/lv\/wp-json\/wp\/v2\/product_brand?post=3954"},{"taxonomy":"product_cat","embeddable":true,"href":"https:\/\/prinvent.lv\/lv\/wp-json\/wp\/v2\/product_cat?post=3954"},{"taxonomy":"product_tag","embeddable":true,"href":"https:\/\/prinvent.lv\/lv\/wp-json\/wp\/v2\/product_tag?post=3954"}],"curies":[{"name":"wp","href":"https:\/\/api.w.org\/{rel}","templated":true}]}}