{"id":3951,"date":"2026-03-26T23:52:04","date_gmt":"2026-03-26T21:52:04","guid":{"rendered":"https:\/\/prinvent.lv\/product\/galda-akis-somam-portativs-sominu-turetajs-zals\/"},"modified":"2026-04-08T14:56:45","modified_gmt":"2026-04-08T12:56:45","slug":"galda-akis-somam-portativs-sominu-turetajs-zals","status":"publish","type":"product","link":"https:\/\/prinvent.lv\/lv\/produkts\/galda-akis-somam-portativs-sominu-turetajs-zals\/","title":{"rendered":"Galda \u0101\u0137is som\u0101m \u2013 portat\u012bvs somi\u0146u tur\u0113t\u0101js \u2013 za\u013c\u0161"},"content":{"rendered":"<blockquote data-start=\"279\" data-end=\"634\">\n<p data-start=\"281\" data-end=\"634\">Portat\u012bvais galda \u0101\u0137is som\u0101m uztur j\u016bsu rokassomu t\u012bru, dro\u0161u un sasniedzamu. Vienk\u0101r\u0161i piestipriniet to pie galda malas, lai dro\u0161i pak\u0101rtu somu, nevis novietotu to uz gr\u012bdas. T\u0101 kompaktais un salok\u0101mais dizains \u013cauj to viegli pa\u0146emt l\u012bdzi jebkur, padarot to ide\u0101li piem\u0113rotu restor\u0101niem, kafejn\u012bc\u0101m, birojiem vai ce\u013cojumiem. Iztur\u012bgs, stil\u012bgs un \u0113rts ikdienas lieto\u0161anai.   <\/p>\n<\/blockquote>\n","protected":false},"excerpt":{"rendered":"<p>\u2714 Pasarg\u0101 somu no gr\u012bdas un uztur to t\u012bru<br data-start=\"724\" data-end=\"727\">\u2714 Sp\u0113c\u012bga un stabila sa\u0137ere ar galdu<br data-start=\"763\" data-end=\"766\">\u2714 Kompakts, salok\u0101ms un viegli p\u0101rn\u0113s\u0101jams<br data-start=\"806\" data-end=\"809\">\u2714 Ide\u0101li piem\u0113rots restor\u0101niem, kafejn\u012bc\u0101m un ce\u013cojumiem<\/p>\n<p>&nbsp;<\/p>\n","protected":false},"featured_media":3181,"comment_status":"open","ping_status":"closed","template":"","meta":[],"product_brand":[],"product_cat":[97,101],"product_tag":[319,327,326,328],"class_list":{"0":"post-3951","1":"product","2":"type-product","3":"status-publish","4":"has-post-thumbnail","6":"product_cat-majsaimniecibas-preces","7":"product_cat-skolai-macibam","8":"product_tag-davanas-ideja","9":"product_tag-galda-akis","10":"product_tag-galda-rotallieta","11":"product_tag-somas-turetajs","13":"first","14":"instock","15":"virtual","16":"purchasable","17":"product-type-simple"},"_links":{"self":[{"href":"https:\/\/prinvent.lv\/lv\/wp-json\/wp\/v2\/product\/3951","targetHints":{"allow":["GET"]}}],"collection":[{"href":"https:\/\/prinvent.lv\/lv\/wp-json\/wp\/v2\/product"}],"about":[{"href":"https:\/\/prinvent.lv\/lv\/wp-json\/wp\/v2\/types\/product"}],"replies":[{"embeddable":true,"href":"https:\/\/prinvent.lv\/lv\/wp-json\/wp\/v2\/comments?post=3951"}],"wp:featuredmedia":[{"embeddable":true,"href":"https:\/\/prinvent.lv\/lv\/wp-json\/wp\/v2\/media\/3181"}],"wp:attachment":[{"href":"https:\/\/prinvent.lv\/lv\/wp-json\/wp\/v2\/media?parent=3951"}],"wp:term":[{"taxonomy":"product_brand","embeddable":true,"href":"https:\/\/prinvent.lv\/lv\/wp-json\/wp\/v2\/product_brand?post=3951"},{"taxonomy":"product_cat","embeddable":true,"href":"https:\/\/prinvent.lv\/lv\/wp-json\/wp\/v2\/product_cat?post=3951"},{"taxonomy":"product_tag","embeddable":true,"href":"https:\/\/prinvent.lv\/lv\/wp-json\/wp\/v2\/product_tag?post=3951"}],"curies":[{"name":"wp","href":"https:\/\/api.w.org\/{rel}","templated":true}]}}