{"id":3947,"date":"2026-03-26T21:40:32","date_gmt":"2026-03-26T19:40:32","guid":{"rendered":"https:\/\/prinvent.lv\/product\/artikuleta-puka-figura-zelta-elastiga-rotallieta\/"},"modified":"2026-04-08T14:56:33","modified_gmt":"2026-04-08T12:56:33","slug":"artikuleta-puka-figura-zelta-elastiga-rotallieta","status":"publish","type":"product","link":"https:\/\/prinvent.lv\/lv\/produkts\/artikuleta-puka-figura-zelta-elastiga-rotallieta\/","title":{"rendered":"Artikul\u0113ta P\u016b\u0137a Fig\u016bra \u2013 Zelta Elast\u012bga Rota\u013clieta"},"content":{"rendered":"<p>Artikul\u0113ts zelta p\u016b\u0137is ir unik\u0101la 3D druk\u0101ta stresa mazin\u0101\u0161anas rota\u013clieta. Izstr\u0101d\u0101ts ar piln\u012bb\u0101 kust\u012bg\u0101m loc\u012btav\u0101m re\u0101listiskai un apmierino\u0161ai pieredzei. T\u0101 elast\u012bgais korpuss nodro\u0161ina vienm\u0113r\u012bgu kust\u012bbu, padarot to par ide\u0101lu galda rota\u013clietu, kolekcion\u0113jamu priek\u0161metu vai d\u0101vanu. Detaliz\u0113tais dizains un met\u0101liski zeltain\u0101 apdare pie\u0161\u0137ir tam augst\u0101k\u0101s klases izskatu, kas izce\u013cas jebkur\u0101 darba viet\u0101 vai ekspoz\u012bcij\u0101. Viegls, iztur\u012bgs un jautrs ikdienas lieto\u0161anai.    <\/p>\n","protected":false},"excerpt":{"rendered":"<p>Stresa mazin\u0101\u0161anas rota\u013clieta<\/p>\n<p>\u2714 Piln\u012bb\u0101 artikul\u0113ts un elast\u012bgs dizains<br data-start=\"843\" data-end=\"846\">\u2714 Uzman\u012bbu piesaisto\u0161a zelta met\u0101liska apdare<br data-start=\"883\" data-end=\"886\">\u2714 Ide\u0101li piem\u0113rots galdam, ekspoz\u012bcijai vai stresa mazin\u0101\u0161anai<br data-start=\"933\" data-end=\"936\">\u2714 Unik\u0101la d\u0101vanu ideja p\u016b\u0137u m\u012b\u013cot\u0101jiem<\/p>\n","protected":false},"featured_media":3174,"comment_status":"open","ping_status":"closed","template":"","meta":[],"product_brand":[],"product_cat":[103],"product_tag":[346,319,347,326,342,343,345,344,340,341],"class_list":{"0":"post-3947","1":"product","2":"type-product","3":"status-publish","4":"has-post-thumbnail","6":"product_cat-speles-rotallietas","7":"product_tag-3d-drukats-pukis","8":"product_tag-davanas-ideja","9":"product_tag-elastiga-rotallieta","10":"product_tag-galda-rotallieta","11":"product_tag-galda-rotallietas","12":"product_tag-jautri","13":"product_tag-locama-rotallieta","14":"product_tag-pukis","15":"product_tag-rotallietas","16":"product_tag-speles","18":"first","19":"instock","20":"virtual","21":"purchasable","22":"product-type-simple"},"_links":{"self":[{"href":"https:\/\/prinvent.lv\/lv\/wp-json\/wp\/v2\/product\/3947","targetHints":{"allow":["GET"]}}],"collection":[{"href":"https:\/\/prinvent.lv\/lv\/wp-json\/wp\/v2\/product"}],"about":[{"href":"https:\/\/prinvent.lv\/lv\/wp-json\/wp\/v2\/types\/product"}],"replies":[{"embeddable":true,"href":"https:\/\/prinvent.lv\/lv\/wp-json\/wp\/v2\/comments?post=3947"}],"wp:featuredmedia":[{"embeddable":true,"href":"https:\/\/prinvent.lv\/lv\/wp-json\/wp\/v2\/media\/3174"}],"wp:attachment":[{"href":"https:\/\/prinvent.lv\/lv\/wp-json\/wp\/v2\/media?parent=3947"}],"wp:term":[{"taxonomy":"product_brand","embeddable":true,"href":"https:\/\/prinvent.lv\/lv\/wp-json\/wp\/v2\/product_brand?post=3947"},{"taxonomy":"product_cat","embeddable":true,"href":"https:\/\/prinvent.lv\/lv\/wp-json\/wp\/v2\/product_cat?post=3947"},{"taxonomy":"product_tag","embeddable":true,"href":"https:\/\/prinvent.lv\/lv\/wp-json\/wp\/v2\/product_tag?post=3947"}],"curies":[{"name":"wp","href":"https:\/\/api.w.org\/{rel}","templated":true}]}}