{"id":3944,"date":"2026-03-24T14:39:15","date_gmt":"2026-03-24T12:39:15","guid":{"rendered":"https:\/\/prinvent.lv\/product\/telefona-turetajs-universals-sarkans\/"},"modified":"2026-04-08T14:56:23","modified_gmt":"2026-04-08T12:56:23","slug":"telefona-turetajs-universals-sarkans","status":"publish","type":"product","link":"https:\/\/prinvent.lv\/lv\/produkts\/telefona-turetajs-universals-sarkans\/","title":{"rendered":"Telefona tur\u0113t\u0101js \u2013 Univers\u0101ls \u2013 sarkans"},"content":{"rendered":"<p>3D druk\u0101ts univers\u0101ls sarkans telefona tur\u0113t\u0101js. Tas notur J\u016bsu t\u0101lruni stabili un vertik\u0101li uz galda \u0113rtai ikdienas lieto\u0161anai. <\/p>\n","protected":false},"excerpt":{"rendered":"<p>Univers\u0101ls sarkans telefona tur\u0113t\u0101js \u0113rtai ikdienas lieto\u0161anai.<\/p>\n","protected":false},"featured_media":61,"comment_status":"open","ping_status":"closed","template":"","meta":[],"product_brand":[],"product_cat":[97],"product_tag":[],"class_list":{"0":"post-3944","1":"product","2":"type-product","3":"status-publish","4":"has-post-thumbnail","6":"product_cat-majsaimniecibas-preces","8":"first","9":"instock","10":"downloadable","11":"shipping-taxable","12":"purchasable","13":"product-type-simple"},"_links":{"self":[{"href":"https:\/\/prinvent.lv\/lv\/wp-json\/wp\/v2\/product\/3944","targetHints":{"allow":["GET"]}}],"collection":[{"href":"https:\/\/prinvent.lv\/lv\/wp-json\/wp\/v2\/product"}],"about":[{"href":"https:\/\/prinvent.lv\/lv\/wp-json\/wp\/v2\/types\/product"}],"replies":[{"embeddable":true,"href":"https:\/\/prinvent.lv\/lv\/wp-json\/wp\/v2\/comments?post=3944"}],"wp:featuredmedia":[{"embeddable":true,"href":"https:\/\/prinvent.lv\/lv\/wp-json\/wp\/v2\/media\/61"}],"wp:attachment":[{"href":"https:\/\/prinvent.lv\/lv\/wp-json\/wp\/v2\/media?parent=3944"}],"wp:term":[{"taxonomy":"product_brand","embeddable":true,"href":"https:\/\/prinvent.lv\/lv\/wp-json\/wp\/v2\/product_brand?post=3944"},{"taxonomy":"product_cat","embeddable":true,"href":"https:\/\/prinvent.lv\/lv\/wp-json\/wp\/v2\/product_cat?post=3944"},{"taxonomy":"product_tag","embeddable":true,"href":"https:\/\/prinvent.lv\/lv\/wp-json\/wp\/v2\/product_tag?post=3944"}],"curies":[{"name":"wp","href":"https:\/\/api.w.org\/{rel}","templated":true}]}}