{"id":3938,"date":"2026-03-26T23:45:24","date_gmt":"2026-03-26T21:45:24","guid":{"rendered":"https:\/\/prinvent.lv\/product\/bezgalibas-kuba-nervu-nomierinasanas-rotallieta-stressa-mazinasanas-galda-rotallieta-violeta\/"},"modified":"2026-04-08T14:56:10","modified_gmt":"2026-04-08T12:56:10","slug":"bezgalibas-kuba-nervu-nomierinasanas-rotallieta-stressa-mazinasanas-galda-rotallieta-violeta","status":"publish","type":"product","link":"https:\/\/prinvent.lv\/lv\/produkts\/bezgalibas-kuba-nervu-nomierinasanas-rotallieta-stressa-mazinasanas-galda-rotallieta-violeta\/","title":{"rendered":"Bezgal\u012bbas kuba nervu nomierin\u0101\u0161anas rota\u013clieta \u2013 Stressa mazin\u0101\u0161anas galda rota\u013clieta \u2013 Violeta"},"content":{"rendered":"<p>Bezgal\u012bbas kubs ir kompakta un apmierino\u0161a nervu nomierin\u0101\u0161anas rota\u013clieta, kas paredz\u0113ta, lai pal\u012bdz\u0113tu mazin\u0101t stresu un uzlabotu koncentr\u0113\u0161anos. Ar savu gludo salok\u0101mo kust\u012bbu j\u016bs varat bezgal\u012bgi p\u0101rv\u0113rst kubu rok\u0101s. Ide\u0101li piem\u0113rota darbam, m\u0101c\u012bb\u0101m vai atp\u016btas br\u012b\u017eiem, t\u0101 viegli iel\u012bst kabat\u0101 un nodro\u0161ina nomierino\u0161u taustes pieredzi. Iztur\u012bga, viegla un rada atkar\u012bbu.   <\/p>\n","protected":false},"excerpt":{"rendered":"<p>\u2714 Bezgal\u012bga salok\u0101m\u0101 kust\u012bba stressa mazin\u0101\u0161anai<br data-start=\"742\" data-end=\"745\"><br \/>\n\u2714 Uzlabo koncentr\u0113\u0161anos un samazina trauksmi<br data-start=\"783\" data-end=\"786\"><br \/>\n\u2714 Kompakts un kabatai draudz\u012bgs dizains<br data-start=\"824\" data-end=\"827\"><br \/>\n\u2714 Ide\u0101li piem\u0113rota darbam, skolai vai ce\u013cojumiem<\/p>\n<p>&nbsp;<\/p>\n","protected":false},"featured_media":3186,"comment_status":"open","ping_status":"closed","template":"","meta":[],"product_brand":[],"product_cat":[103],"product_tag":[346,319,326,342,343,345,344,340,341],"class_list":{"0":"post-3938","1":"product","2":"type-product","3":"status-publish","4":"has-post-thumbnail","6":"product_cat-speles-rotallietas","7":"product_tag-3d-drukats-pukis","8":"product_tag-davanas-ideja","9":"product_tag-galda-rotallieta","10":"product_tag-galda-rotallietas","11":"product_tag-jautri","12":"product_tag-locama-rotallieta","13":"product_tag-pukis","14":"product_tag-rotallietas","15":"product_tag-speles","17":"first","18":"instock","19":"virtual","20":"purchasable","21":"product-type-simple"},"_links":{"self":[{"href":"https:\/\/prinvent.lv\/lv\/wp-json\/wp\/v2\/product\/3938","targetHints":{"allow":["GET"]}}],"collection":[{"href":"https:\/\/prinvent.lv\/lv\/wp-json\/wp\/v2\/product"}],"about":[{"href":"https:\/\/prinvent.lv\/lv\/wp-json\/wp\/v2\/types\/product"}],"replies":[{"embeddable":true,"href":"https:\/\/prinvent.lv\/lv\/wp-json\/wp\/v2\/comments?post=3938"}],"wp:featuredmedia":[{"embeddable":true,"href":"https:\/\/prinvent.lv\/lv\/wp-json\/wp\/v2\/media\/3186"}],"wp:attachment":[{"href":"https:\/\/prinvent.lv\/lv\/wp-json\/wp\/v2\/media?parent=3938"}],"wp:term":[{"taxonomy":"product_brand","embeddable":true,"href":"https:\/\/prinvent.lv\/lv\/wp-json\/wp\/v2\/product_brand?post=3938"},{"taxonomy":"product_cat","embeddable":true,"href":"https:\/\/prinvent.lv\/lv\/wp-json\/wp\/v2\/product_cat?post=3938"},{"taxonomy":"product_tag","embeddable":true,"href":"https:\/\/prinvent.lv\/lv\/wp-json\/wp\/v2\/product_tag?post=3938"}],"curies":[{"name":"wp","href":"https:\/\/api.w.org\/{rel}","templated":true}]}}