{"id":3932,"date":"2026-03-27T11:55:52","date_gmt":"2026-03-27T09:55:52","guid":{"rendered":"https:\/\/prinvent.lv\/product\/kabatas-izmera-turetajs-parnesajams-mini-somas-turetajs\/"},"modified":"2026-04-08T14:55:55","modified_gmt":"2026-04-08T12:55:55","slug":"kabatas-izmera-turetajs-parnesajams-mini-somas-turetajs","status":"publish","type":"product","link":"https:\/\/prinvent.lv\/lv\/produkts\/kabatas-izmera-turetajs-parnesajams-mini-somas-turetajs\/","title":{"rendered":"Kabatas izm\u0113ra tur\u0113t\u0101js \u2013 P\u0101rn\u0113s\u0101jams mini somas tur\u0113t\u0101js"},"content":{"rendered":"<p data-start=\"281\" data-end=\"634\">Kabatas izm\u0113ra tur\u0113t\u0101js ir kompakts un praktisks risin\u0101jums ikdienas lieto\u0161anai. Izstr\u0101d\u0101ts viegls un \u0113rti p\u0101rn\u0113s\u0101jams, tas lieliski iederas J\u016bsu kabat\u0101, som\u0101 vai mugursom\u0101. Ide\u0101li piem\u0113rots somas vai mazu priek\u0161metu tur\u0113\u0161anai, tas nodro\u0161ina stabilu atbalstu, lai kur J\u016bs dotos. T\u0101 minim\u0101listiskais dizains padara to par \u0113rtu un stil\u012bgu aksesu\u0101ru darbam, ce\u013cojumiem vai ikdienas lieto\u0161anai.   <\/p>\n<p data-start=\"281\" data-end=\"634\">\n<p data-start=\"281\" data-end=\"634\">\n<p data-start=\"281\" data-end=\"634\">\n","protected":false},"excerpt":{"rendered":"<p>\u2714 Pasarg\u0101 J\u016bsu somu no gr\u012bdas un saglab\u0101 to t\u012bru<br data-start=\"724\" data-end=\"727\">\u2714 Sp\u0113c\u012bgs un stabils satv\u0113riens uz galdiem<br data-start=\"763\" data-end=\"766\">\u2714 Kompakts, salok\u0101ms un viegli p\u0101rn\u0113s\u0101jams<br data-start=\"806\" data-end=\"809\">\u2714 Ide\u0101li piem\u0113rots restor\u0101niem, kafejn\u012bc\u0101m un ce\u013cojumiem<\/p>\n<p>&nbsp;<\/p>\n","protected":false},"featured_media":3195,"comment_status":"open","ping_status":"closed","template":"","meta":[],"product_brand":[],"product_cat":[97,101],"product_tag":[319,327,326,328],"class_list":{"0":"post-3932","1":"product","2":"type-product","3":"status-publish","4":"has-post-thumbnail","6":"product_cat-majsaimniecibas-preces","7":"product_cat-skolai-macibam","8":"product_tag-davanas-ideja","9":"product_tag-galda-akis","10":"product_tag-galda-rotallieta","11":"product_tag-somas-turetajs","13":"first","14":"instock","15":"virtual","16":"purchasable","17":"product-type-simple"},"_links":{"self":[{"href":"https:\/\/prinvent.lv\/lv\/wp-json\/wp\/v2\/product\/3932","targetHints":{"allow":["GET"]}}],"collection":[{"href":"https:\/\/prinvent.lv\/lv\/wp-json\/wp\/v2\/product"}],"about":[{"href":"https:\/\/prinvent.lv\/lv\/wp-json\/wp\/v2\/types\/product"}],"replies":[{"embeddable":true,"href":"https:\/\/prinvent.lv\/lv\/wp-json\/wp\/v2\/comments?post=3932"}],"wp:featuredmedia":[{"embeddable":true,"href":"https:\/\/prinvent.lv\/lv\/wp-json\/wp\/v2\/media\/3195"}],"wp:attachment":[{"href":"https:\/\/prinvent.lv\/lv\/wp-json\/wp\/v2\/media?parent=3932"}],"wp:term":[{"taxonomy":"product_brand","embeddable":true,"href":"https:\/\/prinvent.lv\/lv\/wp-json\/wp\/v2\/product_brand?post=3932"},{"taxonomy":"product_cat","embeddable":true,"href":"https:\/\/prinvent.lv\/lv\/wp-json\/wp\/v2\/product_cat?post=3932"},{"taxonomy":"product_tag","embeddable":true,"href":"https:\/\/prinvent.lv\/lv\/wp-json\/wp\/v2\/product_tag?post=3932"}],"curies":[{"name":"wp","href":"https:\/\/api.w.org\/{rel}","templated":true}]}}