{"id":3924,"date":"2026-03-29T16:25:35","date_gmt":"2026-03-29T14:25:35","guid":{"rendered":"https:\/\/prinvent.lv\/product\/dokumentu-stativs-galda-organizators-dokumentiem\/"},"modified":"2026-04-08T14:55:54","modified_gmt":"2026-04-08T12:55:54","slug":"dokumentu-stativs-galda-organizators-dokumentiem","status":"publish","type":"product","link":"https:\/\/prinvent.lv\/lv\/produkts\/dokumentu-stativs-galda-organizators-dokumentiem\/","title":{"rendered":"Dokumentu stat\u012bvs \u2013 galda organizators dokumentiem"},"content":{"rendered":"<p data-start=\"292\" data-end=\"674\">Uzturiet savu darba vietu t\u012bru un sak\u0101rtotu ar \u0161o dokumentu stat\u012bvu, kas paredz\u0113ts dokumentiem, map\u0113m un piez\u012bmju gr\u0101mati\u0146\u0101m.<\/p>\n<p data-start=\"292\" data-end=\"674\">T\u0101 praktiskais un stabilais dizains pal\u012bdz uzglab\u0101t dokumentus vertik\u0101li, padarot tos viegli pieejamus un ietaupot vietu uz galda.<\/p>\n<p data-start=\"292\" data-end=\"674\">Ide\u0101li piem\u0113rots birojam, skolai vai m\u0101jas lieto\u0161anai, \u0161is stat\u012bvs apvieno funkcionalit\u0101ti ar t\u012bru un modernu izskatu.<\/p>\n<p data-start=\"292\" data-end=\"674\">Izm\u0113ri: 17 \u00d7 17 \u00d7 6 cm<\/p>\n","protected":false},"excerpt":{"rendered":"<p>Vienk\u0101r\u0161s un praktisks veids, k\u0101 sak\u0101rtot dokumentus un uztur\u0113t k\u0101rt\u012bbu uz galda.<\/p>\n<p>Ide\u0101li piem\u0113rots ikdienas darbam vai m\u0101c\u012bb\u0101m.<\/p>\n<p>Izm\u0113ri: 17 \u00d7 17 \u00d7 6 cm<\/p>\n","protected":false},"featured_media":3263,"comment_status":"open","ping_status":"closed","template":"","meta":[],"product_brand":[],"product_cat":[101],"product_tag":[338,335,337,336,339],"class_list":{"0":"post-3924","1":"product","2":"type-product","3":"status-publish","4":"has-post-thumbnail","6":"product_cat-skolai-macibam","7":"product_tag-biroja-organizators","8":"product_tag-dokumentu-stativs","9":"product_tag-dokumentu-turetajs","10":"product_tag-galda-organizators","11":"product_tag-mapju-stativs","13":"first","14":"instock","15":"virtual","16":"purchasable","17":"product-type-simple"},"_links":{"self":[{"href":"https:\/\/prinvent.lv\/lv\/wp-json\/wp\/v2\/product\/3924","targetHints":{"allow":["GET"]}}],"collection":[{"href":"https:\/\/prinvent.lv\/lv\/wp-json\/wp\/v2\/product"}],"about":[{"href":"https:\/\/prinvent.lv\/lv\/wp-json\/wp\/v2\/types\/product"}],"replies":[{"embeddable":true,"href":"https:\/\/prinvent.lv\/lv\/wp-json\/wp\/v2\/comments?post=3924"}],"wp:featuredmedia":[{"embeddable":true,"href":"https:\/\/prinvent.lv\/lv\/wp-json\/wp\/v2\/media\/3263"}],"wp:attachment":[{"href":"https:\/\/prinvent.lv\/lv\/wp-json\/wp\/v2\/media?parent=3924"}],"wp:term":[{"taxonomy":"product_brand","embeddable":true,"href":"https:\/\/prinvent.lv\/lv\/wp-json\/wp\/v2\/product_brand?post=3924"},{"taxonomy":"product_cat","embeddable":true,"href":"https:\/\/prinvent.lv\/lv\/wp-json\/wp\/v2\/product_cat?post=3924"},{"taxonomy":"product_tag","embeddable":true,"href":"https:\/\/prinvent.lv\/lv\/wp-json\/wp\/v2\/product_tag?post=3924"}],"curies":[{"name":"wp","href":"https:\/\/api.w.org\/{rel}","templated":true}]}}