{"id":3923,"date":"2026-03-29T17:11:44","date_gmt":"2026-03-29T15:11:44","guid":{"rendered":"https:\/\/prinvent.lv\/product\/pielagojams-atslegu-piekarins-personalizeta-varda-zime\/"},"modified":"2026-04-08T14:55:53","modified_gmt":"2026-04-08T12:55:53","slug":"pielagojams-atslegu-piekarins-personalizeta-varda-zime","status":"publish","type":"product","link":"https:\/\/prinvent.lv\/lv\/produkts\/pielagojams-atslegu-piekarins-personalizeta-varda-zime\/","title":{"rendered":"Piel\u0101gojams atsl\u0113gu piekari\u0146\u0161 \u2013 personaliz\u0113ta v\u0101rda z\u012bme"},"content":{"rendered":"<p data-start=\"292\" data-end=\"674\">Izveidojiet savu personaliz\u0113to atsl\u0113gu piekari\u0146u ar piel\u0101gotu v\u0101rdu vai tekstu.<\/p>\n<p data-start=\"292\" data-end=\"674\">Piel\u0101gojamais atsl\u0113gu piekari\u0146\u0161 ir ide\u0101li piem\u0113rots, lai pie\u0161\u0137irtu unik\u0101lu akcentu j\u016bsu atsl\u0113g\u0101m, som\u0101m vai d\u0101van\u0101m.<\/p>\n<p data-start=\"292\" data-end=\"674\">Izstr\u0101d\u0101ts, lai b\u016btu viegls un iztur\u012bgs, tas ir ide\u0101li piem\u0113rots ikdienas lieto\u0161anai, padarot j\u016bsu mantas stil\u012bgas un viegli atpaz\u012bstamas.<\/p>\n<p data-start=\"292\" data-end=\"674\">Lieliska izv\u0113le person\u012bgai lieto\u0161anai vai k\u0101 p\u0101rdom\u0101ta d\u0101vana draugiem un \u0123imenei.<\/p>\n<p data-start=\"281\" data-end=\"634\">\n","protected":false},"excerpt":{"rendered":"<p>Personaliz\u0113jiet savas atsl\u0113gas ar piel\u0101gotu v\u0101rdu vai zi\u0146u.<\/p>\n<p>Vienk\u0101r\u0161s un unik\u0101ls aksesu\u0101rs, kas padara ikdienas priek\u0161metus \u012bpa\u0161us.<\/p>\n<p>Izm\u0113ri: 5 cm \u00d7 2 cm \u00d7 0,5 cm<\/p>\n","protected":false},"featured_media":3271,"comment_status":"open","ping_status":"closed","template":"","meta":[],"product_brand":[],"product_cat":[103],"product_tag":[333,319,329,326,331,334,330,332],"class_list":{"0":"post-3923","1":"product","2":"type-product","3":"status-publish","4":"has-post-thumbnail","6":"product_cat-speles-rotallietas","7":"product_tag-atslegu-zime","8":"product_tag-davanas-ideja","9":"product_tag-dekors","10":"product_tag-galda-rotallieta","11":"product_tag-personalizets-atslegu-piekarins","12":"product_tag-pielagota-davana","13":"product_tag-pielagots-atslegu-piekarins","14":"product_tag-varda-atslegu-piekarins","16":"first","17":"instock","18":"virtual","19":"purchasable","20":"product-type-simple"},"_links":{"self":[{"href":"https:\/\/prinvent.lv\/lv\/wp-json\/wp\/v2\/product\/3923","targetHints":{"allow":["GET"]}}],"collection":[{"href":"https:\/\/prinvent.lv\/lv\/wp-json\/wp\/v2\/product"}],"about":[{"href":"https:\/\/prinvent.lv\/lv\/wp-json\/wp\/v2\/types\/product"}],"replies":[{"embeddable":true,"href":"https:\/\/prinvent.lv\/lv\/wp-json\/wp\/v2\/comments?post=3923"}],"wp:featuredmedia":[{"embeddable":true,"href":"https:\/\/prinvent.lv\/lv\/wp-json\/wp\/v2\/media\/3271"}],"wp:attachment":[{"href":"https:\/\/prinvent.lv\/lv\/wp-json\/wp\/v2\/media?parent=3923"}],"wp:term":[{"taxonomy":"product_brand","embeddable":true,"href":"https:\/\/prinvent.lv\/lv\/wp-json\/wp\/v2\/product_brand?post=3923"},{"taxonomy":"product_cat","embeddable":true,"href":"https:\/\/prinvent.lv\/lv\/wp-json\/wp\/v2\/product_cat?post=3923"},{"taxonomy":"product_tag","embeddable":true,"href":"https:\/\/prinvent.lv\/lv\/wp-json\/wp\/v2\/product_tag?post=3923"}],"curies":[{"name":"wp","href":"https:\/\/api.w.org\/{rel}","templated":true}]}}