{"id":3921,"date":"2026-03-27T11:09:53","date_gmt":"2026-03-27T09:09:53","guid":{"rendered":"https:\/\/prinvent.lv\/product\/galda-akis-somam-parnesajams-somas-turetajs-zelta\/"},"modified":"2026-04-08T14:55:49","modified_gmt":"2026-04-08T12:55:49","slug":"galda-akis-somam-parnesajams-somas-turetajs-zelta","status":"publish","type":"product","link":"https:\/\/prinvent.lv\/lv\/produkts\/galda-akis-somam-parnesajams-somas-turetajs-zelta\/","title":{"rendered":"Galda \u0101\u0137is som\u0101m \u2013 P\u0101rn\u0113s\u0101jams somas tur\u0113t\u0101js \u2013 Zelta"},"content":{"rendered":"<p data-start=\"281\" data-end=\"634\">P\u0101rn\u0113s\u0101jams galda \u0101\u0137is som\u0101m saglab\u0101 J\u016bsu rokassomu t\u012bru, dro\u0161u un viegli sasniedzamu. Vienk\u0101r\u0161i piestipriniet to pie galda malas, lai dro\u0161i pakarin\u0101tu somu, nevis novietotu to uz gr\u012bdas. T\u0101 kompaktais un salok\u0101mais dizains \u013cauj to viegli n\u0113s\u0101t l\u012bdzi jebkur, ide\u0101li piem\u0113rots restor\u0101niem, kafejn\u012bc\u0101m, birojiem vai ce\u013cojumiem. Iztur\u012bgs, stil\u012bgs un \u0113rts ikdienas lieto\u0161anai.   <\/p>\n","protected":false},"excerpt":{"rendered":"<p>\u2714 Saglab\u0101 J\u016bsu somu t\u012bru un prom no gr\u012bdas<br data-start=\"724\" data-end=\"727\">\u2714 Sp\u0113c\u012bga un stabila fiks\u0101cija pie galdiem<br data-start=\"763\" data-end=\"766\">\u2714 Kompakts, salok\u0101ms un viegli p\u0101rn\u0113s\u0101jams<br data-start=\"806\" data-end=\"809\">\u2714 Ide\u0101li piem\u0113rots restor\u0101niem, kafejn\u012bc\u0101m un ce\u013cojumiem<\/p>\n<p>&nbsp;<\/p>\n","protected":false},"featured_media":3177,"comment_status":"open","ping_status":"closed","template":"","meta":[],"product_brand":[],"product_cat":[97,101],"product_tag":[319,327,326,328],"class_list":{"0":"post-3921","1":"product","2":"type-product","3":"status-publish","4":"has-post-thumbnail","6":"product_cat-majsaimniecibas-preces","7":"product_cat-skolai-macibam","8":"product_tag-davanas-ideja","9":"product_tag-galda-akis","10":"product_tag-galda-rotallieta","11":"product_tag-somas-turetajs","13":"first","14":"instock","15":"virtual","16":"purchasable","17":"product-type-simple"},"_links":{"self":[{"href":"https:\/\/prinvent.lv\/lv\/wp-json\/wp\/v2\/product\/3921","targetHints":{"allow":["GET"]}}],"collection":[{"href":"https:\/\/prinvent.lv\/lv\/wp-json\/wp\/v2\/product"}],"about":[{"href":"https:\/\/prinvent.lv\/lv\/wp-json\/wp\/v2\/types\/product"}],"replies":[{"embeddable":true,"href":"https:\/\/prinvent.lv\/lv\/wp-json\/wp\/v2\/comments?post=3921"}],"wp:featuredmedia":[{"embeddable":true,"href":"https:\/\/prinvent.lv\/lv\/wp-json\/wp\/v2\/media\/3177"}],"wp:attachment":[{"href":"https:\/\/prinvent.lv\/lv\/wp-json\/wp\/v2\/media?parent=3921"}],"wp:term":[{"taxonomy":"product_brand","embeddable":true,"href":"https:\/\/prinvent.lv\/lv\/wp-json\/wp\/v2\/product_brand?post=3921"},{"taxonomy":"product_cat","embeddable":true,"href":"https:\/\/prinvent.lv\/lv\/wp-json\/wp\/v2\/product_cat?post=3921"},{"taxonomy":"product_tag","embeddable":true,"href":"https:\/\/prinvent.lv\/lv\/wp-json\/wp\/v2\/product_tag?post=3921"}],"curies":[{"name":"wp","href":"https:\/\/api.w.org\/{rel}","templated":true}]}}