{"id":3918,"date":"2026-04-01T19:08:24","date_gmt":"2026-04-01T17:08:24","guid":{"rendered":"https:\/\/prinvent.lv\/product\/flow-twist-vaze-skulpturals-spirales-dizains\/"},"modified":"2026-04-08T14:55:22","modified_gmt":"2026-04-08T12:55:22","slug":"flow-twist-vaze-skulpturals-spirales-dizains","status":"publish","type":"product","link":"https:\/\/prinvent.lv\/lv\/produkts\/flow-twist-vaze-skulpturals-spirales-dizains\/","title":{"rendered":"Flow Twist v\u0101ze \u2013 skulptur\u0101ls spir\u0101les dizains"},"content":{"rendered":"<p data-start=\"218\" data-end=\"576\">Flow Twist v\u0101zei ir dinamiska skulptur\u0101la forma ar glud\u0101m, spir\u0101lveida l\u012bkn\u0113m, kas eleganti vijas ap t\u0101s korpusu.<\/p>\n<p data-start=\"218\" data-end=\"576\">V\u012btais dizains rada kust\u012bbas saj\u016btu, dabiski pl\u016bstot no plat\u0101s pamatnes l\u012bdz \u0161aurajam kakli\u0146am.<\/p>\n<p data-start=\"218\" data-end=\"576\">T\u0101s sl\u0101\u0146ain\u0101 virsmas tekst\u016bra izce\u013c 3D druk\u0101to strukt\u016bru, pie\u0161\u0137irot dzi\u013cumu un modernu industri\u0101lo est\u0113tiku.<\/p>\n<p data-start=\"218\" data-end=\"576\">\u0160\u012b v\u0101ze ir lieliski piem\u0113rota k\u0101 patst\u0101v\u012bgs akcenta elements vai sauso ziedu kompoz\u012bcij\u0101m, pie\u0161\u0137irot drosm\u012bgu un m\u016bsdien\u012bgu akcentu jebkuram interjeram.<\/p>\n<p data-start=\"292\" data-end=\"674\">Izm\u0113ri: 11 x 10 x 15 cm<\/p>\n","protected":false},"excerpt":{"rendered":"<p data-start=\"670\" data-end=\"774\">Burv\u012bga ka\u0137a formas v\u0101ze ar maigu minim\u0101lisma dizainu, kas lieliski piem\u0113rota m\u0101j\u012bguma rad\u012b\u0161anai J\u016bsu telp\u0101.<\/p>\n<p data-start=\"292\" data-end=\"674\">Izm\u0113ri: 11 x 10 x 15 cm<\/p>\n<p>Svars: 100 g<\/p>\n","protected":false},"featured_media":3848,"comment_status":"open","ping_status":"closed","template":"","meta":[],"product_brand":[],"product_cat":[96,94],"product_tag":[319,320,324,321,325,322,323],"class_list":{"0":"post-3918","1":"product","2":"type-product","3":"status-publish","4":"has-post-thumbnail","6":"product_cat-majas-dekori","7":"product_cat-maksla-dizains","8":"product_tag-davanas-ideja","9":"product_tag-dzivnieku-dekors","10":"product_tag-galda-dekors","11":"product_tag-kaka-vaze","12":"product_tag-kawaii-dekors","13":"product_tag-miligs-dekors","14":"product_tag-minimalisma-vaze","16":"first","17":"instock","18":"virtual","19":"purchasable","20":"product-type-simple"},"_links":{"self":[{"href":"https:\/\/prinvent.lv\/lv\/wp-json\/wp\/v2\/product\/3918","targetHints":{"allow":["GET"]}}],"collection":[{"href":"https:\/\/prinvent.lv\/lv\/wp-json\/wp\/v2\/product"}],"about":[{"href":"https:\/\/prinvent.lv\/lv\/wp-json\/wp\/v2\/types\/product"}],"replies":[{"embeddable":true,"href":"https:\/\/prinvent.lv\/lv\/wp-json\/wp\/v2\/comments?post=3918"}],"wp:featuredmedia":[{"embeddable":true,"href":"https:\/\/prinvent.lv\/lv\/wp-json\/wp\/v2\/media\/3848"}],"wp:attachment":[{"href":"https:\/\/prinvent.lv\/lv\/wp-json\/wp\/v2\/media?parent=3918"}],"wp:term":[{"taxonomy":"product_brand","embeddable":true,"href":"https:\/\/prinvent.lv\/lv\/wp-json\/wp\/v2\/product_brand?post=3918"},{"taxonomy":"product_cat","embeddable":true,"href":"https:\/\/prinvent.lv\/lv\/wp-json\/wp\/v2\/product_cat?post=3918"},{"taxonomy":"product_tag","embeddable":true,"href":"https:\/\/prinvent.lv\/lv\/wp-json\/wp\/v2\/product_tag?post=3918"}],"curies":[{"name":"wp","href":"https:\/\/api.w.org\/{rel}","templated":true}]}}