{"id":3911,"date":"2026-03-24T10:21:25","date_gmt":"2026-03-24T08:21:25","guid":{"rendered":"https:\/\/prinvent.lv\/product\/apple-watch-uzlades-stativs\/"},"modified":"2026-04-08T14:54:12","modified_gmt":"2026-04-08T12:54:12","slug":"apple-watch-uzlades-stativs","status":"publish","type":"product","link":"https:\/\/prinvent.lv\/lv\/produkts\/apple-watch-uzlades-stativs\/","title":{"rendered":"Apple Watch uzl\u0101des stat\u012bvs"},"content":{"rendered":"<p data-start=\"106\" data-end=\"452\">\ud83d\udcdd Praktisks Apple Watch uzl\u0101des stat\u012bvs ikdienas lieto\u0161anai.<\/p>\n<p data-start=\"106\" data-end=\"452\"><br data-start=\"229\" data-end=\"232\">\ud83e\uddf5 <strong data-start=\"235\" data-end=\"249\">Materi\u0101ls:<\/strong> PLA<br data-start=\"253\" data-end=\"256\">\ud83c\udfa8 <strong data-start=\"259\" data-end=\"269\">Kr\u0101sa:<\/strong> Zelta<br data-start=\"274\" data-end=\"277\">\ud83d\udccf <strong data-start=\"280\" data-end=\"291\">Izm\u0113ri:<\/strong> 100 \u00d7 86 \u00d7 42 mm<br data-start=\"308\" data-end=\"311\">\u2728 <strong data-start=\"313\" data-end=\"333\">Personaliz\u0101cija:<\/strong> N\u0113<br data-start=\"358\" data-end=\"361\">\u23f3 <strong data-start=\"363\" data-end=\"383\">Ra\u017eo\u0161anas laiks:<\/strong> 1\u20132 dienas<br data-start=\"394\" data-end=\"397\">\ud83d\udccc <strong data-start=\"400\" data-end=\"413\">Piez\u012bmes:<\/strong> Piem\u0113rots 1 kabelim un 1 pulkstenim.<\/p>\n","protected":false},"excerpt":{"rendered":"<div class=\"text-base my-auto mx-auto [--thread-content-margin:var(--thread-content-margin-xs,calc(var(--spacing)*4))] @w-sm\/main:[--thread-content-margin:var(--thread-content-margin-sm,calc(var(--spacing)*6))] @w-lg\/main:[--thread-content-margin:var(--thread-content-margin-lg,calc(var(--spacing)*16))] px-(--thread-content-margin)\">\n<div class=\"[--thread-content-max-width:40rem] @w-lg\/main:[--thread-content-max-width:48rem] mx-auto max-w-(--thread-content-max-width) flex-1 group\/turn-messages focus-visible:outline-hidden relative flex w-full min-w-0 flex-col agent-turn\">\n<div class=\"flex max-w-full flex-col gap-4 grow\">\n<div class=\"min-h-8 text-message relative flex w-full flex-col items-end gap-2 text-start break-words whitespace-normal outline-none keyboard-focused:focus-ring [.text-message+&amp;]:mt-1\" dir=\"auto\" data-message-author-role=\"assistant\" data-message-id=\"a63b6804-920f-4966-aece-d0794af42ae5\" data-message-model-slug=\"gpt-5-3\">\n<div class=\"flex w-full flex-col gap-1 empty:hidden\">\n<div class=\"markdown prose dark:prose-invert w-full wrap-break-word dark markdown-new-styling\">\n<p data-start=\"194\" data-end=\"330\" data-is-last-node=\"\" data-is-only-node=\"\">Univers\u0101ls Apple Watch stat\u012bvs \u0113rtai ikdienas uzl\u0101dei.<\/p>\n<\/div>\n<\/div>\n<\/div>\n<\/div>\n<div class=\"z-0 flex min-h-[46px] justify-start\"><\/div>\n<\/div>\n<\/div>\n","protected":false},"featured_media":39,"comment_status":"open","ping_status":"closed","template":"","meta":[],"product_brand":[],"product_cat":[97],"product_tag":[],"class_list":{"0":"post-3911","1":"product","2":"type-product","3":"status-publish","4":"has-post-thumbnail","6":"product_cat-majsaimniecibas-preces","8":"first","9":"instock","10":"downloadable","11":"shipping-taxable","12":"purchasable","13":"product-type-simple"},"_links":{"self":[{"href":"https:\/\/prinvent.lv\/lv\/wp-json\/wp\/v2\/product\/3911","targetHints":{"allow":["GET"]}}],"collection":[{"href":"https:\/\/prinvent.lv\/lv\/wp-json\/wp\/v2\/product"}],"about":[{"href":"https:\/\/prinvent.lv\/lv\/wp-json\/wp\/v2\/types\/product"}],"replies":[{"embeddable":true,"href":"https:\/\/prinvent.lv\/lv\/wp-json\/wp\/v2\/comments?post=3911"}],"wp:featuredmedia":[{"embeddable":true,"href":"https:\/\/prinvent.lv\/lv\/wp-json\/wp\/v2\/media\/39"}],"wp:attachment":[{"href":"https:\/\/prinvent.lv\/lv\/wp-json\/wp\/v2\/media?parent=3911"}],"wp:term":[{"taxonomy":"product_brand","embeddable":true,"href":"https:\/\/prinvent.lv\/lv\/wp-json\/wp\/v2\/product_brand?post=3911"},{"taxonomy":"product_cat","embeddable":true,"href":"https:\/\/prinvent.lv\/lv\/wp-json\/wp\/v2\/product_cat?post=3911"},{"taxonomy":"product_tag","embeddable":true,"href":"https:\/\/prinvent.lv\/lv\/wp-json\/wp\/v2\/product_tag?post=3911"}],"curies":[{"name":"wp","href":"https:\/\/api.w.org\/{rel}","templated":true}]}}