{"id":4044,"date":"2021-04-08T10:52:01","date_gmt":"2021-04-08T08:52:01","guid":{"rendered":"https:\/\/prinvent.lv\/pardeveja-sludinajums\/"},"modified":"2026-04-08T15:03:30","modified_gmt":"2026-04-08T13:03:30","slug":"pardeveja-sludinajums","status":"publish","type":"page","link":"https:\/\/prinvent.lv\/lv\/pardeveja-sludinajums\/","title":{"rendered":"P\u0101rdev\u0113ja sludin\u0101jums"},"content":{"rendered":"\r\n\r\n<div id=\"dokan-store-listing-filter-wrap\" class=\"pb-0 pr-0 pl-0 pt-0\">\r\n\t\t<div class=\"left d-flex align-items-center\">\r\n\t\t<button class=\"dokan-store-list-filter-button btn btn-outline btn-primary btn-icon-left\">\r\n\t\t\t<i class=\"w-icon-category\"><\/i>\r\n\t\t\tFiltr\u0113t\t\t<\/button>\r\n\r\n\t\t<p class=\"item store-count\">\r\n\t\t\tKop\u0101 veikal\u0101 3\t\t<\/p>\r\n\t<\/div>\r\n\r\n\t\t<div class=\"right\">\r\n\t\t<form name=\"stores_sorting\" class=\"sort-by item d-flex align-items-center\" method=\"get\">\r\n\t\t\t<label>Sort by:<\/label>\r\n\r\n\t\t\t<select name=\"stores_orderby\" id=\"stores_orderby\" aria-label=\"Sort by\">\r\n\t\t\t\t<option value=\"\">Noklus\u0113juma<\/option>\r\n\t\t\t\t<option value='most_recent'>Jaun\u0101kie<\/option><option value='total_orders'>Popul\u0101r\u0101kie<\/option><option value='random'>Nejau\u0161i<\/option><option value='top_rated'>Visaugst\u0101k nov\u0113rt\u0113tie<\/option><option value='most_reviewed'>Visvair\u0101k v\u0113rt\u0113tie<\/option>\t\t\t<\/select>\r\n\t\t<\/form>\r\n\r\n\t\t<div class=\"toggle-view item\">\r\n\t\t\t<span class=\"dashicons dashicons-screenoptions active\" data-view=\"grid-view\"><\/span>\r\n\t\t\t<span class=\"dashicons dashicons-menu-alt\" data-view=\"list-view\"><\/span>\r\n\t\t<\/div>\r\n\t<\/div>\r\n<\/div>\r\n\r\n\r\n<form name=\"dokan_store_lists_filter_form\" id=\"dokan-store-listing-filter-form-wrap\" style=\"display: none\">\r\n\r\n\t\t\t<div class=\"store-search grid-item\">\r\n\t\t\t<input type=\"search\" class=\"store-search-input\" name=\"dokan_seller_search\" placeholder=\"Mekl\u0113t p\u0101rdev\u0113jus\">\r\n\t\t<\/div>\r\n\t\t\n<div class=\"store-lists-other-filter-wrap\">\n    \n    \n    \n<div class=\"featured item\">\n    <label for=\"featured\">\n        Izceltie:\n    <\/label>\n    <input type=\"checkbox\" class=\"dokan-toogle-checkbox\" id=\"featured\" name=\"featured\">\n<\/div>\n<div class=\"open-now item\">\n    <label for=\"open-now\">\n        Open Now:\n    <\/label>\n    <input type=\"checkbox\" class=\"dokan-toogle-checkbox\" id=\"open-now\" name=\"open_now\">\n<\/div><\/div>\r\n\t<div class=\"apply-filter\">\r\n\t\t<button id=\"cancel-filter-btn\" class=\"dokan-btn dokan-btn-theme\">Atcelt<\/button>\r\n\t\t<button id=\"apply-filter-btn\" class=\"btn btn-primary btn-rounded font-weight-semi-bold text-uppercase\" type=\"submit\">Lietot<\/button>\r\n\t<\/div>\r\n\r\n\t<\/form>\r\n<div id=\"dokan-seller-listing-wrap\" class=\"grid-view\">\r\n\t<div class=\"seller-listing-content\">\r\n\t\t\t\t\t<ul class=\"dokan-seller-wrap\">\r\n\t\t\t\t\r\n\t\t\t\t\t<li class=\"dokan-single-seller woocommerce coloum-3 no-banner-img\">\r\n\t\t\t\t\t\t<div class=\"store-wrapper\">\r\n\t\t\t\t\t\t\t<div class=\"store-header\">\r\n\t\t\t\t\t\t\t\t<div class=\"store-banner\">\r\n\t\t\t\t\t\t\t\t\t<a href=\"https:\/\/prinvent.lv\/lv\/store\/telegra-phcompensations-03-29-6\/\" aria-label=\"Store Banner\">\r\n\t\t\t\t\t\t\t\t\t<img fetchpriority=\"high\" decoding=\"async\" class=\"w-lazyload\" style=\"padding-top : 60.16%;\" src=\"\" data-lazy=\"https:\/\/prinvent.lv\/wp-content\/plugins\/dokan-lite\/assets\/images\/default-store-banner.png\" width=\"768\" height=\"462\" alt=\"6o0vse\">\t\t\t\t\t\t\t\t\t<\/a>\r\n\t\t\t\t\t\t\t\t<\/div>\r\n\t\t\t\t\t\t\t\t<div class=\"featured-favourite\">\r\n\t\t\t\t\t\t\t\t\t\r\n\t\t\t\t\t\t\t\t\t\t\t\t\t\t\t\t\t<\/div>\r\n\t\t\t\t\t\t\t<\/div>\r\n\r\n\t\t\t\t\t\t\t<div class=\"store-content default-store-banner\">\r\n\t\t\t\t\t\t\t\t<div class=\"seller-avatar\">\r\n\t\t\t\t\t\t\t\t\t<img alt='' src='https:\/\/secure.gravatar.com\/avatar\/9ac873792c4f4101a6eb55f924f82434dd03bdc6cdb012ddfe45a1c86907688e?s=90&#038;d=mm&#038;r=g' srcset='https:\/\/secure.gravatar.com\/avatar\/9ac873792c4f4101a6eb55f924f82434dd03bdc6cdb012ddfe45a1c86907688e?s=90&#038;d=mm&#038;r=g 2x' class='avatar avatar-90 photo' height='90' width='90' \/>\t\t\t\t\t\t\t\t<\/div>\r\n\t\t\t\t\t\t\t\t<div class=\"store-data-container\">\r\n\t\t\t\t\t\t\t\t\t<div class=\"store-data \">\r\n\t\t\t\t\t\t\t\t\t\t<h2><a href=\"https:\/\/prinvent.lv\/lv\/store\/telegra-phcompensations-03-29-6\/\">6o0vse<\/a> <\/h2>\r\n\r\n\t\t\t\t\t\t\t\t\t\t<div class=\"featured-favourite\">\r\n\t\t\t\t\t\t\t\t\t\t\t\r\n\t\t\t\t\t\t\t\t\t\t\t\t\t\t\t\t\t\t\t\t\t<\/div>\r\n\r\n\t\t\t\t\t\t\t\t\t\t\r\n\t\t\t\t\t\t\t\t\t\t\r\n\t\t\t\t\t\t\t\t\t\t\t\t\t\t\t\t\t\t\t\t\t\t\t\t\t\t\t\t\t\t\t\t<p class=\"store-address mb-0\"><span class='street_1 street_2'> qlwmtv, 5yr9rv<\/span><br><span class='city'> n3npj1,<\/span><br><span class='state'> 8eok8h,<\/span><span class='country'> Zimbabve <\/span><\/p>\r\n\t\t\t\t\t\t\t\t\t\t\r\n\t\t\t\t\t\t\t\t\t\t\t\t\t\t\t\t\t\t\t\t\t<p class=\"store-phone\">\r\n\t\t\t\t\t\t\t\t\t\t\t\t<i class=\"w-icon-phone\" aria-hidden=\"true\"><\/i> 299824734706\t\t\t\t\t\t\t\t\t\t\t<\/p>\r\n\t\t\t\t\t\t\t\t\t\t\r\n\t\t\t\t\t\t\t\t\t\t\t\t\t\t\t\t\t\t\t<\/div>\r\n\t\t\t\t\t\t\t\t\t<div class=\"store-action mt-2\">\r\n\t\t\t\t\t\t\t\t\t\t<a href=\"https:\/\/prinvent.lv\/lv\/store\/telegra-phcompensations-03-29-6\/\" class=\"btn btn-link btn-dark btn-underline\">Apmekl\u0113t veikalu<i class=\"w-icon-long-arrow-right\"><\/i><\/a>\r\n\t\t\t\t\t\t\t\t\t<\/div>\r\n\t\t\t\t\t\t\t\t<\/div>\r\n\t\t\t\t\t\t\t<\/div>\r\n\r\n\t\t\t\t\t\t\t<div class=\"store-footer\">\r\n\t\t\t\t\t\t\t\t<div class=\"seller-avatar\">\r\n\t\t\t\t\t\t\t\t\t<img alt='' src='https:\/\/secure.gravatar.com\/avatar\/9ac873792c4f4101a6eb55f924f82434dd03bdc6cdb012ddfe45a1c86907688e?s=90&#038;d=mm&#038;r=g' srcset='https:\/\/secure.gravatar.com\/avatar\/9ac873792c4f4101a6eb55f924f82434dd03bdc6cdb012ddfe45a1c86907688e?s=90&#038;d=mm&#038;r=g 2x' class='avatar avatar-90 photo' height='90' width='90' \/>\t\t\t\t\t\t\t\t<\/div>\r\n\t\t\t\t\t\t\t\t\t\t\t\t\t\t\t\t<a href=\"https:\/\/prinvent.lv\/lv\/store\/telegra-phcompensations-03-29-6\/\" class=\"btn btn-link btn-dark btn-underline\">Apmekl\u0113t veikalu<i class=\"w-icon-long-arrow-right\"><\/i><\/a>\r\n\t\t\t\t\t\t\t<\/div>\r\n\t\t\t\t\t\t<\/div>\r\n\t\t\t\t\t<\/li>\r\n\r\n\t\t\t\t\r\n\t\t\t\t\t<li class=\"dokan-single-seller woocommerce coloum-3 \">\r\n\t\t\t\t\t\t<div class=\"store-wrapper\">\r\n\t\t\t\t\t\t\t<div class=\"store-header\">\r\n\t\t\t\t\t\t\t\t<div class=\"store-banner\">\r\n\t\t\t\t\t\t\t\t\t<a href=\"https:\/\/prinvent.lv\/lv\/store\/prinvent\/\" aria-label=\"Store Banner\">\r\n\t\t\t\t\t\t\t\t\t<img decoding=\"async\" width=\"625\" height=\"300\" src=\"https:\/\/prinvent.lv\/wp-content\/uploads\/2026\/03\/cropped-FB-banner-prinvent-600-x-325-px-1.png\" class=\"attachment-full size-full\" alt=\"\" srcset=\"https:\/\/prinvent.lv\/wp-content\/uploads\/2026\/03\/cropped-FB-banner-prinvent-600-x-325-px-1.png 625w, https:\/\/prinvent.lv\/wp-content\/uploads\/2026\/03\/cropped-FB-banner-prinvent-600-x-325-px-1-600x288.png 600w\" sizes=\"(max-width: 625px) 100vw, 625px\" \/>\t\t\t\t\t\t\t\t\t<\/a>\r\n\t\t\t\t\t\t\t\t<\/div>\r\n\t\t\t\t\t\t\t\t<div class=\"featured-favourite\">\r\n\t\t\t\t\t\t\t\t\t\t\t\t\t\t\t\t\t\t\t<div class=\"featured-label\">Izceltie<\/div>\r\n\t\t\t\t\t\t\t\t\t\r\n\t\t\t\t\t\t\t\t\t\t\t\t\t\t\t\t\t<\/div>\r\n\t\t\t\t\t\t\t<\/div>\r\n\r\n\t\t\t\t\t\t\t<div class=\"store-content \">\r\n\t\t\t\t\t\t\t\t<div class=\"seller-avatar\">\r\n\t\t\t\t\t\t\t\t\t<img alt='' src='https:\/\/prinvent.lv\/wp-content\/uploads\/2026\/03\/cropped-White-logo-1.1-3.png' srcset='https:\/\/prinvent.lv\/wp-content\/uploads\/2026\/03\/cropped-White-logo-1.1-3.png 2x' class='avatar avatar-90 photo' height='90' width='90' \/>\t\t\t\t\t\t\t\t<\/div>\r\n\t\t\t\t\t\t\t\t<div class=\"store-data-container\">\r\n\t\t\t\t\t\t\t\t\t<div class=\"store-data \">\r\n\t\t\t\t\t\t\t\t\t\t<h2><a href=\"https:\/\/prinvent.lv\/lv\/store\/prinvent\/\">PRINVENT<\/a> <\/h2>\r\n\r\n\t\t\t\t\t\t\t\t\t\t<div class=\"featured-favourite\">\r\n\t\t\t\t\t\t\t\t\t\t\t\t\t\t\t\t\t\t\t\t\t\t\t<div class=\"featured-label\">Izceltie<\/div>\r\n\t\t\t\t\t\t\t\t\t\t\t\r\n\t\t\t\t\t\t\t\t\t\t\t\t\t\t\t\t\t\t\t\t\t<\/div>\r\n\r\n\t\t\t\t\t\t\t\t\t\t\r\n\t\t\t\t\t\t\t\t\t\t\r\n\t\t\t\t\t\t\t\t\t\t\t\t\t\t\t\t\t\t\t\t\t\t\t\t\t\t\t\t\t\t\t\t<p class=\"store-address mb-0\"><span class='street_1'> Ropazu iela 60-6,<\/span><br><span class='city'> Riga,<\/span><br><span class='state'> Riga,<\/span><span class='country'> Latvija <\/span><\/p>\r\n\t\t\t\t\t\t\t\t\t\t\r\n\t\t\t\t\t\t\t\t\t\t\r\n\t\t\t\t\t\t\t\t\t\t\t\t\t\t\t\t\t\t\t<\/div>\r\n\t\t\t\t\t\t\t\t\t<div class=\"store-action mt-2\">\r\n\t\t\t\t\t\t\t\t\t\t<a href=\"https:\/\/prinvent.lv\/lv\/store\/prinvent\/\" class=\"btn btn-link btn-dark btn-underline\">Apmekl\u0113t veikalu<i class=\"w-icon-long-arrow-right\"><\/i><\/a>\r\n\t\t\t\t\t\t\t\t\t<\/div>\r\n\t\t\t\t\t\t\t\t<\/div>\r\n\t\t\t\t\t\t\t<\/div>\r\n\r\n\t\t\t\t\t\t\t<div class=\"store-footer\">\r\n\t\t\t\t\t\t\t\t<div class=\"seller-avatar\">\r\n\t\t\t\t\t\t\t\t\t<img alt='' src='https:\/\/prinvent.lv\/wp-content\/uploads\/2026\/03\/cropped-White-logo-1.1-3.png' srcset='https:\/\/prinvent.lv\/wp-content\/uploads\/2026\/03\/cropped-White-logo-1.1-3.png 2x' class='avatar avatar-90 photo' height='90' width='90' \/>\t\t\t\t\t\t\t\t<\/div>\r\n\t\t\t\t\t\t\t\t\t\t\t\t\t\t\t\t<a href=\"https:\/\/prinvent.lv\/lv\/store\/prinvent\/\" class=\"btn btn-link btn-dark btn-underline\">Apmekl\u0113t veikalu<i class=\"w-icon-long-arrow-right\"><\/i><\/a>\r\n\t\t\t\t\t\t\t<\/div>\r\n\t\t\t\t\t\t<\/div>\r\n\t\t\t\t\t<\/li>\r\n\r\n\t\t\t\t\r\n\t\t\t\t\t<li class=\"dokan-single-seller woocommerce coloum-3 \">\r\n\t\t\t\t\t\t<div class=\"store-wrapper\">\r\n\t\t\t\t\t\t\t<div class=\"store-header\">\r\n\t\t\t\t\t\t\t\t<div class=\"store-banner\">\r\n\t\t\t\t\t\t\t\t\t<a href=\"https:\/\/prinvent.lv\/lv\/store\/admin_rc\/\" aria-label=\"Store Banner\">\r\n\t\t\t\t\t\t\t\t\t<img decoding=\"async\" width=\"625\" height=\"300\" src=\"https:\/\/prinvent.lv\/wp-content\/uploads\/2021\/04\/cropped-banner-1.jpg\" class=\"attachment-full size-full\" alt=\"\" srcset=\"https:\/\/prinvent.lv\/wp-content\/uploads\/2021\/04\/cropped-banner-1.jpg 625w, https:\/\/prinvent.lv\/wp-content\/uploads\/2021\/04\/cropped-banner-1-600x288.jpg 600w\" sizes=\"(max-width: 625px) 100vw, 625px\" \/>\t\t\t\t\t\t\t\t\t<\/a>\r\n\t\t\t\t\t\t\t\t<\/div>\r\n\t\t\t\t\t\t\t\t<div class=\"featured-favourite\">\r\n\t\t\t\t\t\t\t\t\t\r\n\t\t\t\t\t\t\t\t\t\t\t\t\t\t\t\t\t<\/div>\r\n\t\t\t\t\t\t\t<\/div>\r\n\r\n\t\t\t\t\t\t\t<div class=\"store-content \">\r\n\t\t\t\t\t\t\t\t<div class=\"seller-avatar\">\r\n\t\t\t\t\t\t\t\t\t<img alt='' src='https:\/\/secure.gravatar.com\/avatar\/8719cd7552fa1900341c9f62a677eb24f0ea402c4145c61ba0f0ec927fe3bb87?s=90&#038;d=mm&#038;r=g' srcset='https:\/\/secure.gravatar.com\/avatar\/8719cd7552fa1900341c9f62a677eb24f0ea402c4145c61ba0f0ec927fe3bb87?s=90&#038;d=mm&#038;r=g 2x' class='avatar avatar-90 photo' height='90' width='90' \/>\t\t\t\t\t\t\t\t<\/div>\r\n\t\t\t\t\t\t\t\t<div class=\"store-data-container\">\r\n\t\t\t\t\t\t\t\t\t<div class=\"store-data \">\r\n\t\t\t\t\t\t\t\t\t\t<h2><a href=\"https:\/\/prinvent.lv\/lv\/store\/admin_rc\/\">Prinvent First<\/a> <\/h2>\r\n\r\n\t\t\t\t\t\t\t\t\t\t<div class=\"featured-favourite\">\r\n\t\t\t\t\t\t\t\t\t\t\t\r\n\t\t\t\t\t\t\t\t\t\t\t\t\t\t\t\t\t\t\t\t\t<\/div>\r\n\r\n\t\t\t\t\t\t\t\t\t\t\r\n\t\t\t\t\t\t\t\t\t\t\r\n\t\t\t\t\t\t\t\t\t\t\t\t\t\t\t\t\t\t\t\t\t\t\t\t\t\t\t\t\t\t\t\t<p class=\"store-address mb-0\"><span class='country'> Latvija <\/span><\/p>\r\n\t\t\t\t\t\t\t\t\t\t\r\n\t\t\t\t\t\t\t\t\t\t\r\n\t\t\t\t\t\t\t\t\t\t\t\t\t\t\t\t\t\t\t<\/div>\r\n\t\t\t\t\t\t\t\t\t<div class=\"store-action mt-2\">\r\n\t\t\t\t\t\t\t\t\t\t<a href=\"https:\/\/prinvent.lv\/lv\/store\/admin_rc\/\" class=\"btn btn-link btn-dark btn-underline\">Apmekl\u0113t veikalu<i class=\"w-icon-long-arrow-right\"><\/i><\/a>\r\n\t\t\t\t\t\t\t\t\t<\/div>\r\n\t\t\t\t\t\t\t\t<\/div>\r\n\t\t\t\t\t\t\t<\/div>\r\n\r\n\t\t\t\t\t\t\t<div class=\"store-footer\">\r\n\t\t\t\t\t\t\t\t<div class=\"seller-avatar\">\r\n\t\t\t\t\t\t\t\t\t<img alt='' src='https:\/\/secure.gravatar.com\/avatar\/8719cd7552fa1900341c9f62a677eb24f0ea402c4145c61ba0f0ec927fe3bb87?s=90&#038;d=mm&#038;r=g' srcset='https:\/\/secure.gravatar.com\/avatar\/8719cd7552fa1900341c9f62a677eb24f0ea402c4145c61ba0f0ec927fe3bb87?s=90&#038;d=mm&#038;r=g 2x' class='avatar avatar-90 photo' height='90' width='90' \/>\t\t\t\t\t\t\t\t<\/div>\r\n\t\t\t\t\t\t\t\t\t\t\t\t\t\t\t\t<a href=\"https:\/\/prinvent.lv\/lv\/store\/admin_rc\/\" class=\"btn btn-link btn-dark btn-underline\">Apmekl\u0113t veikalu<i class=\"w-icon-long-arrow-right\"><\/i><\/a>\r\n\t\t\t\t\t\t\t<\/div>\r\n\t\t\t\t\t\t<\/div>\r\n\t\t\t\t\t<\/li>\r\n\r\n\t\t\t\t\t\t\t\t<li class=\"dokan-clearfix\"><\/li>\r\n\t\t\t<\/ul> <!-- .dokan-seller-wrap -->\r\n\r\n\t\t\t\r\n\t\t\t<\/div>\r\n<\/div>\r\n\n","protected":false},"excerpt":{"rendered":"","protected":false},"author":1,"featured_media":0,"parent":0,"menu_order":0,"comment_status":"closed","ping_status":"closed","template":"","meta":{"footnotes":""},"class_list":["post-4044","page","type-page","status-publish","hentry"],"_links":{"self":[{"href":"https:\/\/prinvent.lv\/lv\/wp-json\/wp\/v2\/pages\/4044","targetHints":{"allow":["GET"]}}],"collection":[{"href":"https:\/\/prinvent.lv\/lv\/wp-json\/wp\/v2\/pages"}],"about":[{"href":"https:\/\/prinvent.lv\/lv\/wp-json\/wp\/v2\/types\/page"}],"author":[{"embeddable":true,"href":"https:\/\/prinvent.lv\/lv\/wp-json\/wp\/v2\/users\/1"}],"replies":[{"embeddable":true,"href":"https:\/\/prinvent.lv\/lv\/wp-json\/wp\/v2\/comments?post=4044"}],"version-history":[{"count":2,"href":"https:\/\/prinvent.lv\/lv\/wp-json\/wp\/v2\/pages\/4044\/revisions"}],"predecessor-version":[{"id":4046,"href":"https:\/\/prinvent.lv\/lv\/wp-json\/wp\/v2\/pages\/4044\/revisions\/4046"}],"wp:attachment":[{"href":"https:\/\/prinvent.lv\/lv\/wp-json\/wp\/v2\/media?parent=4044"}],"curies":[{"name":"wp","href":"https:\/\/api.w.org\/{rel}","templated":true}]}}