{"id":3897,"date":"2026-03-23T12:19:09","date_gmt":"2026-03-23T10:19:09","guid":{"rendered":"https:\/\/prinvent.lv\/privatuma-politika\/"},"modified":"2026-04-08T14:53:33","modified_gmt":"2026-04-08T12:53:33","slug":"privatuma-politika","status":"publish","type":"page","link":"https:\/\/prinvent.lv\/lv\/privatuma-politika\/","title":{"rendered":"Priv\u0101tuma politika"},"content":{"rendered":"\n<h3 class=\"wp-block-heading\">Laipni l\u016bdzam <strong>Prinvent Marketplace<\/strong> (\u201c<strong>Prinvent<\/strong>\u201d, \u201c<strong>m\u0113s<\/strong>\u201d, \u201c<strong>m\u016bs<\/strong>\u201d vai \u201c<strong>m\u016bsu<\/strong>\u201d).<\/h3>\n\n<p>\u0160\u012b Priv\u0101tuma politika paskaidro, k\u0101 m\u0113s v\u0101cam, izmantojam, glab\u0101jam, izpau\u017eam un aizsarg\u0101jam personas datus, kad j\u016bs apmekl\u0113jat vai izmantojat Prinvent Marketplace t\u012bmek\u013ca vietni, izveidojat kontu, veicat pas\u016bt\u012bjumu, p\u0101rdodat produktus platform\u0101, sazin\u0101ties ar mums vai cit\u0101di mijiedarbojaties ar m\u016bsu pakalpojumiem.<\/p>\n\n<p>M\u0113s esam ap\u0146\u0113mu\u0161ies apstr\u0101d\u0101t personas datus p\u0101rredzam\u0101 un likum\u012bg\u0101 veid\u0101 saska\u0146\u0101 ar <strong>Visp\u0101r\u012bgo datu aizsardz\u012bbas regulu (VDAR)<\/strong> un citiem piem\u0113rojamiem ties\u012bbu aktiem. VDAR pieprasa p\u0101rredzam\u012bbu attiec\u012bb\u0101 uz to, k\u0101 personas dati tiek apstr\u0101d\u0101ti, un pie\u0161\u0137ir priv\u0101tperson\u0101m vair\u0101kas ties\u012bbas attiec\u012bb\u0101 uz vi\u0146u datiem. <\/p>\n\n<h2 class=\"wp-block-heading\">1. Kas m\u0113s esam<\/h2>\n\n<p><strong>P\u0101rzinis:<\/strong><br\/>SIA ROICAVE<br\/>40203530697<br\/>R\u012bga, Orma\u0146u iela 15 \u2013 6, LV-1002<br\/>info@prinvent.com<\/p>\n\n<p>Visp\u0101r\u012bgu jaut\u0101jumu gad\u012bjum\u0101 par priv\u0101tumu varat sazin\u0101ties ar mums:<br\/><strong><a>info@prinvent.com<\/a><\/strong><\/p>\n\n<p>Gad\u012bjumos, kad tirgus platformas p\u0101rdev\u0113ji apstr\u0101d\u0101 klientu datus sav\u0101m vajadz\u012bb\u0101m saist\u012bb\u0101 ar p\u0101rdo\u0161anu, pas\u016bt\u012bjumu izpildi, klientu atbalstu vai juridiskiem pien\u0101kumiem, \u0161ie p\u0101rdev\u0113ji var darboties ar\u012b k\u0101 <strong>neatkar\u012bgi p\u0101rzi\u0146i<\/strong> sav\u0101m apstr\u0101des darb\u012bb\u0101m. Saska\u0146\u0101 ar VDAR p\u0101rzinis ir puse, kas nosaka apstr\u0101des nol\u016bkus un l\u012bdzek\u013cus. <\/p>\n\n<h2 class=\"wp-block-heading\">2. \u0160\u012bs Priv\u0101tuma politikas darb\u012bbas joma<\/h2>\n\n<p>\u0160\u012b Priv\u0101tuma politika attiecas uz personas datiem, kas tiek apstr\u0101d\u0101ti:<\/p>\n\n<ul class=\"wp-block-list\">\n<li>Prinvent Marketplace t\u012bmek\u013ca vietn\u0113<\/li>\n\n\n\n<li>klientu kontos<\/li>\n\n\n\n<li>p\u0101rdev\u0113ju kontos<\/li>\n\n\n\n<li>pas\u016bt\u012bjumos un dar\u012bjumos<\/li>\n\n\n\n<li>lejupiel\u0101d\u0113jamu produktu pieg\u0101d\u0113<\/li>\n\n\n\n<li>sazi\u0146\u0101 ar atbalsta dienestu<\/li>\n\n\n\n<li>informat\u012bvajos izdevumos vai m\u0101rketinga pazi\u0146ojumos, ja tie ir iesp\u0113joti<\/li>\n\n\n\n<li>t\u012bmek\u013ca vietnes tehniskaj\u0101 lieto\u0161an\u0101, anal\u012btik\u0101 un dro\u0161\u012bbas r\u012bkos<\/li>\n<\/ul>\n\n<p>\u0160\u012b Priv\u0101tuma politika ne vienm\u0113r attiecas uz tre\u0161o pu\u0161u t\u012bmek\u013ca vietn\u0113m, maks\u0101jumu pakalpojumu sniedz\u0113jiem, pieg\u0101des uz\u0146\u0113mumiem vai neatkar\u012bgu p\u0101rdev\u0113ju t\u012bmek\u013ca vietn\u0113m\/pakalpojumiem, uz kuriem var b\u016bt saites platform\u0101. \u0160\u012bm tre\u0161aj\u0101m pus\u0113m var b\u016bt sava priv\u0101tuma politika. <\/p>\n\n<h2 class=\"wp-block-heading\">3. K\u0101dus personas datus m\u0113s v\u0101cam<\/h2>\n\n<p>Atkar\u012bb\u0101 no t\u0101, k\u0101 j\u016bs izmantojat platformu, m\u0113s varam v\u0101kt \u0161\u0101du kategoriju personas datus:<\/p>\n\n<h3 class=\"wp-block-heading\">3.1. Inform\u0101cija, ko j\u016bs sniedzat tie\u0161i<\/h3>\n\n<ul class=\"wp-block-list\">\n<li>v\u0101rds un uzv\u0101rds<\/li>\n\n\n\n<li>e-pasta adrese<\/li>\n\n\n\n<li>t\u0101lru\u0146a numuru<\/li>\n\n\n\n<li>nor\u0113\u0137inu adrese<\/li>\n\n\n\n<li>pieg\u0101des adresi<\/li>\n\n\n\n<li>uz\u0146\u0113muma nosaukums, re\u0123istr\u0101cijas dati un PVN inform\u0101cija, ja piem\u0113rojams<\/li>\n\n\n\n<li>konta pieteik\u0161an\u0101s dati<\/li>\n\n\n\n<li>zi\u0146ojumi, kas nos\u016bt\u012bti mums vai caur platformu<\/li>\n\n\n\n<li>pas\u016bt\u012bjuma inform\u0101ciju<\/li>\n\n\n\n<li>bankas rekviz\u012bti, ja nepiecie\u0161ams atmaksai vai izmaks\u0101m p\u0101rdev\u0113jiem<\/li>\n\n\n\n<li>p\u0101rdev\u0113ja profila inform\u0101cija un uz\u0146\u0113m\u0113jdarb\u012bbas dati<\/li>\n\n\n\n<li>aug\u0161upiel\u0101d\u0113tais saturs, produktu saraksti, att\u0113li, apraksti un p\u0101rdev\u0113ju iesniegtie faili<\/li>\n<\/ul>\n\n<h3 class=\"wp-block-heading\">3.2. Dar\u012bjumu un pas\u016bt\u012bjumu inform\u0101cija<\/h3>\n\n<ul class=\"wp-block-list\">\n<li>ieg\u0101d\u0101tie produkti<\/li>\n\n\n\n<li>inform\u0101cija par p\u0101rdev\u0113ju<\/li>\n\n\n\n<li>ar maks\u0101jumiem saist\u012bti metadati<\/li>\n\n\n\n<li>pas\u016bt\u012bjuma v\u0113rt\u012bba<\/li>\n\n\n\n<li>pas\u016bt\u012bjuma statuss<\/li>\n\n\n\n<li>inform\u0101cija par naudas atmaksu un atgrie\u0161anu<\/li>\n\n\n\n<li>pieg\u0101des inform\u0101cija<\/li>\n<\/ul>\n\n<h3 class=\"wp-block-heading\">3.3. Tehniskie un lieto\u0161anas dati<\/h3>\n\n<ul class=\"wp-block-list\">\n<li>IP adrese<\/li>\n\n\n\n<li>p\u0101rl\u016bkprogrammas veids un versija<\/li>\n\n\n\n<li>ier\u012bces veids<\/li>\n\n\n\n<li>oper\u0113t\u0101jsist\u0113ma<\/li>\n\n\n\n<li>atsauces avots<\/li>\n\n\n\n<li>apskat\u012bt\u0101s lapas<\/li>\n\n\n\n<li>lap\u0101s pavad\u012btais laiks<\/li>\n\n\n\n<li>klik\u0161\u0137u un navig\u0101cijas aktivit\u0101tes<\/li>\n\n\n\n<li>\u017eurn\u0101ldati<\/li>\n\n\n\n<li>s\u012bkfailu un l\u012bdz\u012bgu tehnolo\u0123iju dati<\/li>\n<\/ul>\n\n<h3 class=\"wp-block-heading\">3.4. Dati no tre\u0161aj\u0101m pus\u0113m<\/h3>\n\n<p>M\u0113s varam sa\u0146emt personas datus no:<\/p>\n\n<ul class=\"wp-block-list\">\n<li>maks\u0101jumu pakalpojumu sniedz\u0113jiem<\/li>\n\n\n\n<li>pieg\u0101des pakalpojumu sniedz\u0113jiem<\/li>\n\n\n\n<li>tirgus platformas p\u0101rdev\u0113jiem<\/li>\n\n\n\n<li>identit\u0101tes p\u0101rbaudes vai kr\u0101p\u0161anas nov\u0113r\u0161anas pakalpojumu sniedz\u0113jiem<\/li>\n\n\n\n<li>anal\u012btikas un dro\u0161\u012bbas pakalpojumu sniedz\u0113jiem<\/li>\n\n\n\n<li>soci\u0101lo mediju vai pieteik\u0161an\u0101s integr\u0101cij\u0101m, ja t\u0101s tiek izmantotas<\/li>\n<\/ul>\n\n<p>Saska\u0146\u0101 ar VDAR personas dati ietver pla\u0161u inform\u0101cijas kl\u0101stu, kas attiecas uz identific\u0113tu vai identific\u0113jamu personu, un regula pieprasa organiz\u0101cij\u0101m apstr\u0101d\u0101t tikai to, kas ir nepiecie\u0161ams konkr\u0113tam nol\u016bkam.<\/p>\n\n<h2 class=\"wp-block-heading\">4. K\u0101 m\u0113s izmantojam personas datus<\/h2>\n\n<p>M\u0113s izmantojam personas datus \u0161\u0101diem nol\u016bkiem:<\/p>\n\n<h3 class=\"wp-block-heading\">4.1. Tirgus platformas pakalpojumu snieg\u0161anai<\/h3>\n\n<ul class=\"wp-block-list\">\n<li>lietot\u0101ju kontu izveidei un p\u0101rvald\u012bbai<\/li>\n\n\n\n<li>lai \u013cautu klientiem p\u0101rl\u016bkot, pirkt un lejupiel\u0101d\u0113t produktus<\/li>\n\n\n\n<li>lai \u013cautu p\u0101rdev\u0113jiem izveidot profilus un p\u0101rvald\u012bt pied\u0101v\u0101jumus<\/li>\n\n\n\n<li>pas\u016bt\u012bjumu, atgrie\u0161anu un atmaksu apstr\u0101dei<\/li>\n\n\n\n<li>sazi\u0146ai par pas\u016bt\u012bjumiem un konta darb\u012bb\u0101m<\/li>\n<\/ul>\n\n<h3 class=\"wp-block-heading\">4.2. Platformas darb\u012bbas nodro\u0161in\u0101\u0161anai un uzlabo\u0161anai<\/h3>\n\n<ul class=\"wp-block-list\">\n<li>t\u012bmek\u013ca vietnes funkcionalit\u0101tes uztur\u0113\u0161anai<\/li>\n\n\n\n<li>veiktsp\u0113jas uzraudz\u012bbai un probl\u0113mu nov\u0113r\u0161anai<\/li>\n\n\n\n<li>lietot\u0101ju pieredzes uzlabo\u0161anai<\/li>\n\n\n\n<li>jaunu funkciju izstr\u0101dei<\/li>\n\n\n\n<li>platformas administr\u0113\u0161anai<\/li>\n<\/ul>\n\n<h3 class=\"wp-block-heading\">4.3. Klientu un p\u0101rdev\u0113ju atbalsta snieg\u0161anai<\/h3>\n\n<ul class=\"wp-block-list\">\n<li>atbild\u0113\u0161anai uz jaut\u0101jumiem un piepras\u012bjumiem<\/li>\n\n\n\n<li>str\u012bdu, s\u016bdz\u012bbu, boj\u0101tu pre\u010du vai nepareizu pas\u016bt\u012bjumu izmekl\u0113\u0161anai<\/li>\n\n\n\n<li>platformas uzticam\u012bbas un dro\u0161\u012bbas p\u0101rvald\u012bbai<\/li>\n<\/ul>\n\n<h3 class=\"wp-block-heading\">4.4. Dro\u0161\u012bbai un kr\u0101p\u0161anas nov\u0113r\u0161anai<\/h3>\n\n<ul class=\"wp-block-list\">\n<li>aizdom\u012bgu darb\u012bbu noteik\u0161anai<\/li>\n\n\n\n<li>kontu un dar\u012bjumu aizsardz\u012bbai<\/li>\n\n\n\n<li>\u013caunpr\u0101t\u012bgas izmanto\u0161anas, kr\u0101p\u0161anas vai platformas nepareizas lieto\u0161anas nov\u0113r\u0161anai<\/li>\n<\/ul>\n\n<h3 class=\"wp-block-heading\">4.5. Juridiskiem un atbilst\u012bbas nol\u016bkiem<\/h3>\n\n<ul class=\"wp-block-list\">\n<li>gr\u0101matved\u012bbas, nodok\u013cu, pat\u0113r\u0113t\u0101ju aizsardz\u012bbas un juridisko pien\u0101kumu izpildei<\/li>\n\n\n\n<li>likum\u0101 noteikto ierakstu uztur\u0113\u0161anai<\/li>\n\n\n\n<li>atbild\u0113\u0161anai uz likum\u012bgiem valsts iest\u0101\u017eu piepras\u012bjumiem<\/li>\n<\/ul>\n\n<h3 class=\"wp-block-heading\">4.6. M\u0101rketinga pazi\u0146ojumiem<\/h3>\n\n<p>Ja to at\u013cauj ties\u012bbu akti vai ja esat devis savu piekri\u0161anu, m\u0113s varam s\u016bt\u012bt jaunumus, rekl\u0101mas saturu vai informat\u012bvos izdevumus. J\u016bs varat atteikties jebkur\u0101 laik\u0101. <\/p>\n\n<p>VDAR pamat\u0101 ir t\u0101di principi k\u0101 likum\u012bba, godpr\u0101t\u012bba, p\u0101rredzam\u012bba, nol\u016bka ierobe\u017eojums, datu minimiz\u0113\u0161ana, glab\u0101\u0161anas ierobe\u017eojums, integrit\u0101te\/konfidencialit\u0101te un p\u0101rskatatbild\u012bba.<\/p>\n\n<h2 class=\"wp-block-heading\">5. Apstr\u0101des juridiskais pamats<\/h2>\n\n<p>Saska\u0146\u0101 ar VDAR m\u0113s pa\u013caujamies uz vienu vai vair\u0101kiem no \u0161\u0101diem juridiskajiem pamatiem personas datu apstr\u0101dei:<\/p>\n\n<ul class=\"wp-block-list\">\n<li><strong>L\u012bgums<\/strong> \u2013 ja apstr\u0101de ir nepiecie\u0161ama, lai sniegtu m\u016bsu pakalpojumus, p\u0101rvald\u012btu j\u016bsu kontu vai izpild\u012btu pas\u016bt\u012bjumu<\/li>\n\n\n\n<li><strong>Juridisks pien\u0101kums<\/strong> \u2013 ja apstr\u0101de ir nepiecie\u0161ama, lai izpild\u012btu ties\u012bbu aktu pras\u012bbas<\/li>\n\n\n\n<li><strong>Le\u0123it\u012bm\u0101s intereses<\/strong> \u2013 ja apstr\u0101de ir nepiecie\u0161ama platformas darb\u012bbai, dro\u0161\u012bbai un uzlabo\u0161anai, ja vien j\u016bsu ties\u012bbas nav svar\u012bg\u0101kas par \u0161\u012bm interes\u0113m<\/li>\n\n\n\n<li><strong>Piekri\u0161ana<\/strong> \u2013 ja nepiecie\u0161ams, piem\u0113ram, noteikt\u0101m m\u0101rketinga aktivit\u0101t\u0113m vai izv\u0113les s\u012bkfailiem<\/li>\n<\/ul>\n\n<h2 class=\"wp-block-heading\">6. Tirgus platformas p\u0101rdev\u0113ji un atbild\u012bba par datiem<\/h2>\n\n<p>Prinvent Marketplace ir <strong>vair\u0101ku p\u0101rdev\u0113ju platforma<\/strong>. Tas noz\u012bm\u0113, ka noteikti personas dati var tikt kop\u012bgoti ar tirgus platformas p\u0101rdev\u0113jiem, ja tas ir nepiecie\u0161ams pas\u016bt\u012bjuma pabeig\u0161anai un p\u0101rvald\u012bbai. <\/p>\n\n<p>Piem\u0113ram, p\u0101rdev\u0113ji var sa\u0146emt attiec\u012bgos klientu datus, piem\u0113ram:<\/p>\n\n<ul class=\"wp-block-list\">\n<li>klienta v\u0101rdu un uzv\u0101rdu<\/li>\n\n\n\n<li>pieg\u0101des inform\u0101ciju<\/li>\n\n\n\n<li>pas\u016bt\u012bjuma inform\u0101ciju<\/li>\n\n\n\n<li>kontaktinform\u0101ciju, ja t\u0101 nepiecie\u0161ama izpildei vai atbalstam<\/li>\n<\/ul>\n\n<p>Ja p\u0101rdev\u0113js izlemj, k\u0101 klientu dati tiek izmantoti pas\u016bt\u012bjuma izpildei, sazi\u0146ai ar klientiem, ties\u012bbu aktu iev\u0113ro\u0161anai vai iek\u0161\u0113jai uz\u0146\u0113m\u0113jdarb\u012bbas uzskaitei, \u0161is p\u0101rdev\u0113js var darboties k\u0101 <strong>atsevi\u0161\u0137s p\u0101rzinis<\/strong> \u0161\u012bm darb\u012bb\u0101m. VDAR vadl\u012bnij\u0101s ir skaidri nor\u0101d\u012bts, ka p\u0101rzi\u0146a\/apstr\u0101d\u0101t\u0101ja lomas ir atkar\u012bgas no t\u0101, kur\u0161 nosaka apstr\u0101des nol\u016bkus un l\u012bdzek\u013cus. <\/p>\n\n<p>Prinvent nav atbild\u012bgs par priv\u0101tuma praksi, ko neatkar\u012bgi pie\u0146\u0113mu\u0161i tre\u0161o pu\u0161u p\u0101rdev\u0113ji \u0101rpus platformas darb\u012bbas jomas. No p\u0101rdev\u0113jiem tiek sagaid\u012bta atbilst\u012bba piem\u0113rojamajiem datu aizsardz\u012bbas ties\u012bbu aktiem. <\/p>\n\n<h2 class=\"wp-block-heading\">7. Maks\u0101jumi<\/h2>\n\n<p>Maks\u0101jumi var tikt apstr\u0101d\u0101ti caur tre\u0161o pu\u0161u maks\u0101jumu pakalpojumu sniedz\u0113jiem. Prinvent ne vienm\u0113r glab\u0101 pilnu maks\u0101jumu kar\u0161u inform\u0101ciju sav\u0101s sist\u0113m\u0101s, ja tiek izmantoti dro\u0161i \u0101r\u0113jie maks\u0101jumu apstr\u0101d\u0101t\u0101ji. <\/p>\n\n<p>M\u0113s varam sa\u0146emt ierobe\u017eotu ar maks\u0101jumiem saist\u012btu inform\u0101ciju, piem\u0113ram:<\/p>\n\n<ul class=\"wp-block-list\">\n<li>dar\u012bjuma statusu<\/li>\n\n\n\n<li>maks\u0101juma atsauci<\/li>\n\n\n\n<li>da\u013c\u0113jus maks\u0101juma metadatus<\/li>\n\n\n\n<li>atmaksas statusu<\/li>\n<\/ul>\n\n<p>Maks\u0101jumu pakalpojumu sniedz\u0113ji apstr\u0101d\u0101 personas datus saska\u0146\u0101 ar saviem priv\u0101tuma un atbilst\u012bbas noteikumiem.<\/p>\n\n<h2 class=\"wp-block-heading\">8. Pieg\u0101des un lo\u0123istikas partneri<\/h2>\n\n<p>Ja nepiecie\u0161ams pas\u016bt\u012bjumu pieg\u0101dei, personas dati var tikt kop\u012bgoti ar pieg\u0101des pakalpojumu sniedz\u0113jiem, piem\u0113ram:<\/p>\n\n<ul class=\"wp-block-list\">\n<li>Omniva<\/li>\n\n\n\n<li>DPD<\/li>\n\n\n\n<li>Venipak<\/li>\n\n\n\n<li>Latvijas Pasts<\/li>\n\n\n\n<li>citiem lo\u0123istikas partneriem, kurus izmanto p\u0101rdev\u0113ji vai Prinvent<\/li>\n<\/ul>\n\n<p>Kop\u012bgotie dati var ietvert:<\/p>\n\n<ul class=\"wp-block-list\">\n<li>klienta v\u0101rdu un uzv\u0101rdu<\/li>\n\n\n\n<li>pieg\u0101des adresi<\/li>\n\n\n\n<li>t\u0101lru\u0146a numuru<\/li>\n\n\n\n<li>s\u016bt\u012bjuma inform\u0101ciju<\/li>\n<\/ul>\n\n<p>Tas tiek dar\u012bts tikai tad, ja nepiecie\u0161ams pas\u016bt\u012bjuma izpildei.<\/p>\n\n<h2 class=\"wp-block-heading\">9. Digit\u0101lie produkti un lejupiel\u0101des<\/h2>\n\n<p>Ja ieg\u0101d\u0101jaties lejupiel\u0101d\u0113jamus produktus, m\u0113s varam apstr\u0101d\u0101t personas datus, lai:<\/p>\n\n<ul class=\"wp-block-list\">\n<li>apstiprin\u0101tu j\u016bsu pirkumu<\/li>\n\n\n\n<li>nodro\u0161in\u0101tu piek\u013cuvi digit\u0101lajam saturam<\/li>\n\n\n\n<li>nov\u0113rstu neautoriz\u0113tu piek\u013cuvi vai \u013caunpr\u0101t\u012bgu izmanto\u0161anu<\/li>\n\n\n\n<li>uztur\u0113tu dar\u012bjumu ierakstus<\/li>\n\n\n\n<li>sniegtu atbalstu<\/li>\n<\/ul>\n\n<p>Klientiem j\u0101saprot, ka digit\u0101l\u0101 pieg\u0101de dro\u0161\u012bbas un darb\u012bbas apsv\u0113rumu d\u0113\u013c var rad\u012bt \u017eurn\u0101lierakstus saist\u012bb\u0101 ar piek\u013cuvi, lejupiel\u0101d\u0113m un konta darb\u012bb\u0101m.<\/p>\n\n<h2 class=\"wp-block-heading\">10. S\u012bkfaili un l\u012bdz\u012bgas tehnolo\u0123ijas<\/h2>\n\n<p>M\u0113s varam izmantot s\u012bkfailus un l\u012bdz\u012bgas tehnolo\u0123ijas \u0161\u0101diem nol\u016bkiem:<\/p>\n\n<ul class=\"wp-block-list\">\n<li>b\u016btiskai vietnes funkcionalit\u0101tei<\/li>\n\n\n\n<li>izv\u0113\u013cu atcer\u0113\u0161anai<\/li>\n\n\n\n<li>anal\u012btikai un veiktsp\u0113jas m\u0113r\u012b\u0161anai<\/li>\n\n\n\n<li>dro\u0161\u012bbai<\/li>\n\n\n\n<li>m\u0101rketingam, ja piem\u0113rojams un at\u013cauts<\/li>\n<\/ul>\n\n<p>Ja to pieprasa likums, neb\u016btiskus s\u012bkfailus dr\u012bkst izmantot tikai ar j\u016bsu piekri\u0161anu. J\u016bs varat ar\u012b p\u0101rvald\u012bt s\u012bkfailu iestat\u012bjumus sav\u0101 p\u0101rl\u016bkprogramm\u0101 vai s\u012bkfailu izv\u0113\u013cu r\u012bk\u0101. <\/p>\n\n<p>Parasti lab\u0101k\u0101 prakse ir public\u0113t atsevi\u0161\u0137u <strong>S\u012bkfailu politiku<\/strong> vai pazi\u0146ojumu par s\u012bkfailiem l\u012bdz\u0101s Priv\u0101tuma politikai.<\/p>\n\n<h2 class=\"wp-block-heading\">11. Cik ilgi m\u0113s glab\u0101jam personas datus<\/h2>\n\n<p>M\u0113s glab\u0101jam personas datus tikai tik ilgi, cik nepiecie\u0161ams \u0161aj\u0101 Priv\u0101tuma politik\u0101 aprakst\u012btajiem nol\u016bkiem, ja vien likum\u0101 nav noteikts vai at\u013cauts ilg\u0101ks glab\u0101\u0161anas periods.<\/p>\n\n<p>Glab\u0101\u0161anas periodi var b\u016bt atkar\u012bgi no:<\/p>\n\n<ul class=\"wp-block-list\">\n<li>t\u0101, vai jums ir akt\u012bvs konts<\/li>\n\n\n\n<li>klienta vai p\u0101rdev\u0113ja attiec\u012bbu ilguma<\/li>\n\n\n\n<li>juridiskajiem, nodok\u013cu un gr\u0101matved\u012bbas pien\u0101kumiem<\/li>\n\n\n\n<li>str\u012bdu risin\u0101\u0161anas vajadz\u012bb\u0101m<\/li>\n\n\n\n<li>kr\u0101p\u0161anas nov\u0113r\u0161anas un dro\u0161\u012bbas vajadz\u012bb\u0101m<\/li>\n<\/ul>\n\n<p>Kad dati vairs nav nepiecie\u0161ami, m\u0113s tos izdz\u0113s\u012bsim, anonimiz\u0113sim vai dro\u0161i uzglab\u0101sim tikai tad, ja to pieprasa likums.<\/p>\n\n<p>VDAR glab\u0101\u0161anas ierobe\u017eojuma princips pieprasa, lai personas dati netiktu glab\u0101ti ilg\u0101k, k\u0101 nepiecie\u0161ams nol\u016bkiem, kuriem tie tiek apstr\u0101d\u0101ti.<\/p>\n\n<h2 class=\"wp-block-heading\">12. Personas datu kop\u012bgo\u0161ana<\/h2>\n\n<p>M\u0113s varam kop\u012bgot personas datus ar:<\/p>\n\n<ul class=\"wp-block-list\">\n<li>tirgus platformas p\u0101rdev\u0113jiem<\/li>\n\n\n\n<li>maks\u0101jumu pakalpojumu sniedz\u0113jiem<\/li>\n\n\n\n<li>vieso\u0161anas un m\u0101ko\u0146pakalpojumu sniedz\u0113jiem<\/li>\n\n\n\n<li>t\u012bmek\u013ca vietnes un IT pakalpojumu sniedz\u0113jiem<\/li>\n\n\n\n<li>anal\u012btikas pakalpojumu sniedz\u0113jiem<\/li>\n\n\n\n<li>pieg\u0101des un lo\u0123istikas pakalpojumu sniedz\u0113jiem<\/li>\n\n\n\n<li>profesion\u0101liem konsultantiem, piem\u0113ram, juristiem vai gr\u0101matve\u017eiem<\/li>\n\n\n\n<li>valsts iest\u0101d\u0113m, ja to pieprasa likums<\/li>\n\n\n\n<li>kr\u0101p\u0161anas nov\u0113r\u0161anas vai dro\u0161\u012bbas partneriem<\/li>\n<\/ul>\n\n<p>Ja tre\u0161\u0101s puses darbojas k\u0101 apstr\u0101d\u0101t\u0101ji m\u016bsu v\u0101rd\u0101, VDAR pieprasa atbilsto\u0161u l\u012bgumisku vieno\u0161anos un nor\u0101d\u012bjumus, kas reglament\u0113 \u0161o apstr\u0101di.<\/p>\n\n<h2 class=\"wp-block-heading\">13. Starptautisk\u0101 datu p\u0101rs\u016bt\u012b\u0161ana<\/h2>\n\n<p>Ja personas dati tiek p\u0101rs\u016bt\u012bti \u0101rpus Eiropas Ekonomikas zonas (EEZ), m\u0113s veiksim pas\u0101kumus, lai nodro\u0161in\u0101tu atbilsto\u0161as garantijas saska\u0146\u0101 ar piem\u0113rojamiem ties\u012bbu aktiem. Tie var ietvert: <\/p>\n\n<ul class=\"wp-block-list\">\n<li>l\u0113mumus par aizsardz\u012bbas l\u012bme\u0146a pietiekam\u012bbu<\/li>\n\n\n\n<li>standarta l\u012bguma klauzulas<\/li>\n\n\n\n<li>citus likum\u012bgus p\u0101rs\u016bt\u012b\u0161anas meh\u0101nismus<\/li>\n<\/ul>\n\n<p>Ja visi j\u016bsu pakalpojumu sniedz\u0113ji atrodas ES\/EEZ, \u0161\u012b sada\u013ca var palikt \u012bsa. Ja izmantojat r\u012bkus \u0101rpus ES, piem\u0113ram, noteiktus anal\u012btikas, e-pasta vai vieso\u0161anas pakalpojumus, t\u0101 k\u013c\u016bst svar\u012bg\u0101ka. <\/p>\n\n<h2 class=\"wp-block-heading\">14. Datu dro\u0161\u012bba<\/h2>\n\n<p>M\u0113s izmantojam atbilsto\u0161us tehniskos un organizatoriskos pas\u0101kumus, lai aizsarg\u0101tu personas datus pret neautoriz\u0113tu piek\u013cuvi, nejau\u0161u nozaud\u0113\u0161anu, nepareizu izmanto\u0161anu, p\u0101rveido\u0161anu vai izpau\u0161anu.<\/p>\n\n<p>\u0160ie pas\u0101kumi var ietvert:<\/p>\n\n<ul class=\"wp-block-list\">\n<li>dro\u0161u vieso\u0161anu<\/li>\n\n\n\n<li>piek\u013cuves kontroli<\/li>\n\n\n\n<li>aizsardz\u012bbu ar parol\u0113m<\/li>\n\n\n\n<li>\u0161ifr\u0113\u0161anu, kur tas ir piem\u0113roti<\/li>\n\n\n\n<li>iek\u0161\u0113jus piek\u013cuves ierobe\u017eojumus<\/li>\n\n\n\n<li>uzraudz\u012bbu un dro\u0161\u012bbas \u017eurnal\u0113\u0161anu<\/li>\n<\/ul>\n\n<p>Neviena p\u0101rraides vai glab\u0101\u0161anas metode nav piln\u012bgi dro\u0161a, ta\u010du m\u0113s veicam sapr\u0101t\u012bgus pas\u0101kumus, lai aizsarg\u0101tu personas datus.<\/p>\n\n<h2 class=\"wp-block-heading\">15. J\u016bsu ties\u012bbas<\/h2>\n\n<p>Saska\u0146\u0101 ar VDAR priv\u0101tperson\u0101m var b\u016bt \u0161\u0101das ties\u012bbas, iev\u0113rojot juridiskos ierobe\u017eojumus un iz\u0146\u0113mumus:<\/p>\n\n<ul class=\"wp-block-list\">\n<li>ties\u012bbas tikt inform\u0113tam<\/li>\n\n\n\n<li>ties\u012bbas piek\u013c\u016bt datiem<\/li>\n\n\n\n<li>ties\u012bbas uz labo\u0161anu<\/li>\n\n\n\n<li>ties\u012bbas uz dz\u0113\u0161anu<\/li>\n\n\n\n<li>ties\u012bbas ierobe\u017eot apstr\u0101di<\/li>\n\n\n\n<li>ties\u012bbas uz datu p\u0101rnesam\u012bbu<\/li>\n\n\n\n<li>ties\u012bbas iebilst<\/li>\n\n\n\n<li>ties\u012bbas saist\u012bb\u0101 ar automatiz\u0113tu l\u0113mumu pie\u0146em\u0161anu un profil\u0113\u0161anu, ja piem\u0113rojams<\/li>\n<\/ul>\n\n<p>Eiropas Komisijas VDAR vadl\u012bnij\u0101s \u0161\u012bs ties\u012bbas ir min\u0113tas k\u0101 personu pamatties\u012bbas saska\u0146\u0101 ar regulu.<\/p>\n\n<p>Lai \u012bstenotu savas ties\u012bbas, l\u016bdzu, sazinieties ar mums:<br\/><strong><a>info@prinvent.com<\/a><\/strong><\/p>\n\n<p>Pirms atbild\u0113\u0161anas uz j\u016bsu piepras\u012bjumu mums var b\u016bt nepiecie\u0161ams p\u0101rbaud\u012bt j\u016bsu identit\u0101ti.<\/p>\n\n<h2 class=\"wp-block-heading\">16. S\u016bdz\u012bbas<\/h2>\n\n<p>Ja uzskat\u0101t, ka j\u016bsu personas dati ir apstr\u0101d\u0101ti nelikum\u012bgi, jums ir ties\u012bbas iesniegt s\u016bdz\u012bbu attiec\u012bgajai uzraudz\u012bbas iest\u0101dei.<\/p>\n\n<p>Latvij\u0101 uzraudz\u012bbas iest\u0101de ir <strong>Datu valsts inspekcija<\/strong>.<\/p>\n\n<p>J\u016bs varat ar\u012b vispirms sazin\u0101ties ar mums, un m\u0113s m\u0113\u0123in\u0101sim atrisin\u0101t j\u016bsu jaut\u0101jumu.<\/p>\n\n<h2 class=\"wp-block-heading\">17. B\u0113rnu priv\u0101tums<\/h2>\n\n<p>Prinvent Marketplace nav paredz\u0113ts b\u0113rniem, kuri ir p\u0101r\u0101k jauni, lai likum\u012bgi izmantotu e-komercijas pakalpojumus bez atbilsto\u0161as piekri\u0161anas vai uzraudz\u012bbas saska\u0146\u0101 ar piem\u0113rojamiem ties\u012bbu aktiem. M\u0113s apzin\u0101ti nev\u0101cam personas datus no b\u0113rniem, p\u0101rk\u0101pjot piem\u0113rojam\u0101s juridisk\u0101s pras\u012bbas. <\/p>\n\n<p>Ja uzskat\u0101t, ka b\u0113rns ir sniedzis personas datus nelikum\u012bgi, l\u016bdzu, sazinieties ar mums, lai m\u0113s var\u0113tu izmekl\u0113t un veikt atbilsto\u0161as darb\u012bbas.<\/p>\n\n<h2 class=\"wp-block-heading\">18. Izmai\u0146as \u0161aj\u0101 Priv\u0101tuma politik\u0101<\/h2>\n\n<p>M\u0113s varam laiku pa laikam atjaunin\u0101t \u0161o Priv\u0101tuma politiku, lai atspogu\u013cotu:<\/p>\n\n<ul class=\"wp-block-list\">\n<li>izmai\u0146as ties\u012bbu aktos<\/li>\n\n\n\n<li>izmai\u0146as platform\u0101<\/li>\n\n\n\n<li>izmai\u0146as taj\u0101, k\u0101 m\u0113s apstr\u0101d\u0101jam personas datus<\/li>\n\n\n\n<li>dro\u0161\u012bbas vai darb\u012bbas atjaunin\u0101jumus<\/li>\n<\/ul>\n\n<p>Jaun\u0101k\u0101 versija vienm\u0113r tiks public\u0113ta t\u012bmek\u013ca vietn\u0113 ar nor\u0101d\u012btu atjaunin\u0101to sp\u0113k\u0101 st\u0101\u0161an\u0101s datumu.<\/p>\n\n<h2 class=\"wp-block-heading\">19. Kontakti<\/h2>\n\n<p>Ja jums ir jaut\u0101jumi par \u0161o Priv\u0101tuma politiku vai par to, k\u0101 personas dati tiek apstr\u0101d\u0101ti Prinvent Marketplace, l\u016bdzu, sazinieties:<\/p>\n\n<p><strong>Prinvent Marketplace<\/strong><br\/>SIA ROICAVE<\/p>\n\n<p>40203530697<br\/>R\u012bga, Orma\u0146u iela 15 \u2013 6, LV-1002<br\/><strong>E-pasts:<\/strong> <a>info@prinvent.com<\/a><\/p>\n","protected":false},"excerpt":{"rendered":"<p>Laipni l\u016bdzam Prinvent Marketplace (\u201cPrinvent\u201d, \u201cm\u0113s\u201d, \u201cm\u016bs\u201d vai \u201cm\u016bsu\u201d). \u0160\u012b Priv\u0101tuma politika paskaidro, k\u0101 m\u0113s v\u0101cam, izmantojam, glab\u0101jam, izpau\u017eam un aizsarg\u0101jam personas datus, kad j\u016bs apmekl\u0113jat vai izmantojat Prinvent Marketplace t\u012bmek\u013ca vietni, izveidojat kontu, veicat pas\u016bt\u012bjumu, p\u0101rdodat produktus platform\u0101, sazin\u0101ties ar mums vai cit\u0101di mijiedarbojaties ar m\u016bsu pakalpojumiem. M\u0113s esam ap\u0146\u0113mu\u0161ies apstr\u0101d\u0101t personas datus p\u0101rredzam\u0101 [&hellip;]<\/p>\n","protected":false},"author":1,"featured_media":0,"parent":0,"menu_order":0,"comment_status":"closed","ping_status":"open","template":"","meta":{"footnotes":""},"class_list":["post-3897","page","type-page","status-publish","hentry"],"_links":{"self":[{"href":"https:\/\/prinvent.lv\/lv\/wp-json\/wp\/v2\/pages\/3897","targetHints":{"allow":["GET"]}}],"collection":[{"href":"https:\/\/prinvent.lv\/lv\/wp-json\/wp\/v2\/pages"}],"about":[{"href":"https:\/\/prinvent.lv\/lv\/wp-json\/wp\/v2\/types\/page"}],"author":[{"embeddable":true,"href":"https:\/\/prinvent.lv\/lv\/wp-json\/wp\/v2\/users\/1"}],"replies":[{"embeddable":true,"href":"https:\/\/prinvent.lv\/lv\/wp-json\/wp\/v2\/comments?post=3897"}],"version-history":[{"count":2,"href":"https:\/\/prinvent.lv\/lv\/wp-json\/wp\/v2\/pages\/3897\/revisions"}],"predecessor-version":[{"id":3899,"href":"https:\/\/prinvent.lv\/lv\/wp-json\/wp\/v2\/pages\/3897\/revisions\/3899"}],"wp:attachment":[{"href":"https:\/\/prinvent.lv\/lv\/wp-json\/wp\/v2\/media?parent=3897"}],"curies":[{"name":"wp","href":"https:\/\/api.w.org\/{rel}","templated":true}]}}