{"id":3526,"date":"2026-03-23T16:10:54","date_gmt":"2026-03-23T14:10:54","guid":{"rendered":"https:\/\/prinvent.lv\/piegade-un-atgriesana\/"},"modified":"2026-03-30T13:24:44","modified_gmt":"2026-03-30T11:24:44","slug":"piegade-un-atgriesana","status":"publish","type":"page","link":"https:\/\/prinvent.lv\/lv\/piegade-un-atgriesana\/","title":{"rendered":"Pieg\u0101de un atgrie\u0161ana"},"content":{"rendered":"\n<p><strong>Prinvent Marketplace<\/strong> pas\u016bt\u012bjumos var b\u016bt gan fiziskas preces, gan lejupiel\u0101d\u0113jami vienumi. T\u0101 k\u0101 Prinvent darbojas k\u0101 tirdzniec\u012bbas platforma, fizisko pre\u010du pieg\u0101di un izpildi katrs p\u0101rdev\u0113js veic individu\u0101li. <\/p>\n\n<p>Pirms pas\u016bt\u012bjuma veik\u0161anas, l\u016bdzu, r\u016bp\u012bgi izlasiet t\u0101l\u0101k sniegto inform\u0101ciju.<\/p>\n\n<h2 class=\"wp-block-heading\">Pieg\u0101de<\/h2>\n\n<h3 class=\"wp-block-heading\">Pieg\u0101des vietas<\/h3>\n\n<p>Prinvent Marketplace pa\u0161laik pied\u0101v\u0101:<\/p>\n\n<ul class=\"wp-block-list\">\n<li><strong>pieg\u0101di Latvijas teritorij\u0101<\/strong> fizisk\u0101m prec\u0113m<\/li>\n\n\n\n<li><strong>lejupiel\u0101des piek\u013cuvi<\/strong> digit\u0101lajiem produktiem, kur tas ir attiecin\u0101ms<\/li>\n<\/ul>\n\n<p>Pa\u0161laik fiziska pieg\u0101de ir pieejama tikai Latvij\u0101, ja vien p\u0101rdev\u0113js nav nor\u0101d\u012bjis cit\u0101di.<\/p>\n\n<h3 class=\"wp-block-heading\">Pieg\u0101des veidi<\/h3>\n\n<p>Pieejamie pieg\u0101des veidi var ietvert:<\/p>\n\n<ul class=\"wp-block-list\">\n<li><strong>pakom\u0101tus<\/strong><\/li>\n\n\n\n<li><strong>kurjera pieg\u0101di<\/strong><\/li>\n<\/ul>\n\n<p>Katram pas\u016bt\u012bjumam pieejam\u0101s pieg\u0101des iesp\u0113jas b\u016bs atkar\u012bgas no preces, p\u0101rdev\u0113ja un pieg\u0101des adreses.<\/p>\n\n<h3 class=\"wp-block-heading\">Pieg\u0101des laiki<\/h3>\n\n<p>Pieg\u0101des laiki var at\u0161\u0137irties atkar\u012bb\u0101 no p\u0101rdev\u0113ja, preces veida, pas\u016bt\u012bjuma apstr\u0101des laika un izv\u0113l\u0113t\u0101 pieg\u0101des veida.<\/p>\n\n<p>T\u0101 k\u0101 preces tiek p\u0101rdotas ar neatkar\u012bgu p\u0101rdev\u0113ju starpniec\u012bbu, <strong>aptuvenie pieg\u0101des laiki vis\u0101 platform\u0101 nav fiks\u0113ti<\/strong>. Klientiem r\u016bp\u012bgi j\u0101p\u0101rskata inform\u0101cija par preci un j\u0101sazin\u0101s ar p\u0101rdev\u0113ju vai Prinvent Marketplace atbalsta dienestu, ja nepiecie\u0161ami papildu paskaidrojumi. <\/p>\n\n<h3 class=\"wp-block-heading\">Pieg\u0101des maksa<\/h3>\n\n<p>Pieg\u0101des izmaksas tiek apr\u0113\u0137in\u0101tas atsevi\u0161\u0137i un tiek pievienotas nor\u0113\u0137inu br\u012bd\u012b, kur tas ir attiecin\u0101ms.<\/p>\n\n<p><strong>Bezmaksas pieg\u0101de netiek pied\u0101v\u0101ta<\/strong>, ja vien nav skaidri nor\u0101d\u012bts cit\u0101di.<\/p>\n\n<h3 class=\"wp-block-heading\">Pas\u016bt\u012bjumi no vair\u0101kiem p\u0101rdev\u0113jiem<\/h3>\n\n<p>Prinvent Marketplace ir vair\u0101ku p\u0101rdev\u0113ju platforma. Ja j\u016bsu pas\u016bt\u012bjum\u0101 ir preces no vair\u0101kiem p\u0101rdev\u0113jiem: <\/p>\n\n<ul class=\"wp-block-list\">\n<li>preces var tikt apstr\u0101d\u0101tas atsevi\u0161\u0137i<\/li>\n\n\n\n<li>preces var tikt nos\u016bt\u012btas atsevi\u0161\u0137i<\/li>\n\n\n\n<li>var tikt piem\u0113rota atsevi\u0161\u0137a pieg\u0101des maksa atkar\u012bb\u0101 no iesaist\u012btajiem p\u0101rdev\u0113jiem<\/li>\n<\/ul>\n\n<p>Tas noz\u012bm\u0113, ka viens pas\u016bt\u012bjums var tikt pieg\u0101d\u0101ts vair\u0101kos s\u016bt\u012bjumos.<\/p>\n\n<h3 class=\"wp-block-heading\">P\u0101rdev\u0113ja atbild\u012bba<\/h3>\n\n<p>Katrs tirdzniec\u012bbas platformas p\u0101rdev\u0113js ir atbild\u012bgs par savu pre\u010du apstr\u0101di un pieg\u0101di. Tas ietver: <\/p>\n\n<ul class=\"wp-block-list\">\n<li>pas\u016bt\u012bjuma sagatavo\u0161anu nos\u016bt\u012b\u0161anai<\/li>\n\n\n\n<li>atbilsto\u0161a pieg\u0101des veida izv\u0113li<\/li>\n\n\n\n<li>dro\u0161u preces iepako\u0161anu<\/li>\n\n\n\n<li>preces nos\u016bt\u012b\u0161anu klientam<\/li>\n<\/ul>\n\n<p>Prinvent platform\u0101 var pied\u0101v\u0101t ar\u012b savas preces. \u0160\u0101dos gad\u012bjumos pieg\u0101di nodro\u0161ina Prinvent saska\u0146\u0101 ar tiem pa\u0161iem visp\u0101r\u012bgajiem noteikumiem, ja vien nav nor\u0101d\u012bts cit\u0101di. <\/p>\n\n<h3 class=\"wp-block-heading\">Digit\u0101lie produkti un lejupiel\u0101des<\/h3>\n\n<p>Produktiem, kas tiek pied\u0101v\u0101ti k\u0101 lejupiel\u0101des, fiziska pieg\u0101de netiek piem\u0113rota. Piek\u013cuve lejupiel\u0101d\u0113jamam saturam tiek nodro\u0161in\u0101ta digit\u0101li p\u0113c pirkuma veik\u0161anas saska\u0146\u0101 ar preces aprakstu un pirkuma noteikumiem. <\/p>\n\n<p>Klienti ir atbild\u012bgi par r\u016bp\u012bgu pre\u010du aprakstu izskat\u012b\u0161anu pirms lejupiel\u0101d\u0113jamu vienumu ieg\u0101des.<\/p>\n\n<hr class=\"wp-block-separator has-alpha-channel-opacity\"\/>\n\n<h1 class=\"wp-block-heading\">Atgrie\u0161ana<\/h1>\n\n<h2 class=\"wp-block-heading\">Atgrie\u0161anas periods<\/h2>\n\n<p>Klienti var piepras\u012bt atgrie\u0161anu <strong>14 dienu<\/strong> laik\u0101 p\u0113c preces sa\u0146em\u0161anas.<\/p>\n\n<p>\u0160ie atgrie\u0161anas noteikumi attiecas uz abiem:<\/p>\n\n<ul class=\"wp-block-list\">\n<li>produktus, ko tie\u0161i p\u0101rdod Prinvent<\/li>\n\n\n\n<li>prec\u0113m, ko p\u0101rdod tirdzniec\u012bbas platformas p\u0101rdev\u0113ji<\/li>\n<\/ul>\n\n<h2 class=\"wp-block-heading\">Atgrie\u0161anas nosac\u012bjumi<\/h2>\n\n<p>Lai prece b\u016btu piem\u0113rota atgrie\u0161anai, tai j\u0101atbilst \u0161\u0101d\u0101m pras\u012bb\u0101m:<\/p>\n\n<ul class=\"wp-block-list\">\n<li>j\u0101b\u016bt atgrieztai 14 dienu atgrie\u0161anas period\u0101<\/li>\n\n\n\n<li>j\u0101b\u016bt ori\u0123in\u0101laj\u0101 st\u0101vokl\u012b<\/li>\n\n\n\n<li>j\u0101iek\u013cauj <strong>ori\u0123in\u0101lais iepakojums<\/strong><\/li>\n\n\n\n<li>j\u0101iek\u013cauj visi piederumi, dokument\u0101cija vai komplekt\u0101cij\u0101 eso\u0161\u0101s deta\u013cas, kur tas ir attiecin\u0101ms<\/li>\n<\/ul>\n\n<p>Atgrieztaj\u0101m prec\u0113m j\u0101b\u016bt pien\u0101c\u012bgi iepakot\u0101m, lai nov\u0113rstu boj\u0101jumus atpaka\u013cs\u016bt\u012b\u0161anas laik\u0101.<\/p>\n\n<h2 class=\"wp-block-heading\">Lietotas preces, kuras nevar atgriezt<\/h2>\n\n<p><strong>Atv\u0113rtas vai lietotas preces nevar atgriezt.<\/strong><\/p>\n\n<p>Ja atgrieztajai precei ir lieto\u0161anas paz\u012bmes, boj\u0101jumi, kas radu\u0161ies p\u0113c pieg\u0101des, tr\u016bksto\u0161as deta\u013cas vai tr\u016bkst ori\u0123in\u0101l\u0101 iepakojuma, atgrie\u0161ana var tikt atteikta.<\/p>\n\n<h2 class=\"wp-block-heading\">P\u0113c pas\u016bt\u012bjuma izgatavotas vai druk\u0101tas preces<\/h2>\n\n<p>P\u0113c pas\u016bt\u012bjuma izgatavotas vai druk\u0101tas preces <strong>var tikt atgrieztas<\/strong>, ja t\u0101s atbilst iepriek\u0161 min\u0113tajiem atgrie\u0161anas nosac\u012bjumiem un tiek atgrieztas noteiktaj\u0101 atgrie\u0161anas period\u0101.<\/p>\n\n<h2 class=\"wp-block-heading\">Atgrie\u0161anas pieg\u0101des izmaksas<\/h2>\n\n<p>Ja vien nav pan\u0101kta cita vieno\u0161an\u0101s, <strong>klients ir atbild\u012bgs par atgrie\u0161anas pieg\u0101des izmaks\u0101m<\/strong>.<\/p>\n\n<p>Klientiem ieteicams izmantot dro\u0161u un izsekojamu atgrie\u0161anas veidu, kur vien iesp\u0113jams, jo s\u016bt\u012bt\u0101js paliek atbild\u012bgs par preci, l\u012bdz to sa\u0146em attiec\u012bgais p\u0101rdev\u0113js vai Prinvent.<\/p>\n\n<hr class=\"wp-block-separator has-alpha-channel-opacity\"\/>\n\n<h1 class=\"wp-block-heading\">Atmaksas<\/h1>\n\n<h2 class=\"wp-block-heading\">Atmaksas process<\/h2>\n\n<p>Kad atgriezt\u0101 prece b\u016bs sa\u0146emta un p\u0101rbaud\u012bta, tiks veikts atgrie\u0161anas nov\u0113rt\u0113jums.<\/p>\n\n<p>Atmaksas veik\u0161anas laiks var at\u0161\u0137irties atkar\u012bb\u0101 no:<\/p>\n\n<ul class=\"wp-block-list\">\n<li>pieg\u0101des un atgrie\u0161anas procesa<\/li>\n\n\n\n<li>t\u0101, kad atgriezt\u0101 prece tiek sa\u0146emta<\/li>\n\n\n\n<li>p\u0101rbaudes rezult\u0101tiem<\/li>\n\n\n\n<li>iesaist\u012bt\u0101 p\u0101rdev\u0113ja<\/li>\n<\/ul>\n\n<p>T\u0101 k\u0101 tirdzniec\u012bbas platformas pas\u016bt\u012bjumi tiek apstr\u0101d\u0101ti individu\u0101li, atmaksas apstr\u0101des laiki <strong>nav fiks\u0113ti<\/strong> un var at\u0161\u0137irties da\u017e\u0101diem pas\u016bt\u012bjumiem.<\/p>\n\n<h2 class=\"wp-block-heading\">Atmaksas veids<\/h2>\n\n<p>Atmaksas <strong>parasti tiek veiktas ar bankas p\u0101rskait\u012bjumu<\/strong> un ne vienm\u0113r tiek atgrieztas, izmantojot s\u0101kotn\u0113jo maks\u0101\u0161anas veidu.<\/p>\n\n<p>Ja atmaksa tiek apstiprin\u0101ta, klientam var tikt l\u016bgts nor\u0101d\u012bt nepiecie\u0161amos bankas rekviz\u012btus atmaksas veik\u0161anai.<\/p>\n\n<h2 class=\"wp-block-heading\">Boj\u0101tas vai nepareizas preces<\/h2>\n\n<p>Ja prece tiek pieg\u0101d\u0101ta boj\u0101ta vai nepareiza, gad\u012bjums tiks izskat\u012bts individu\u0101li.<\/p>\n\n<p>\u0160\u0101dos gad\u012bjumos:<\/p>\n\n<ul class=\"wp-block-list\">\n<li>par probl\u0113mu j\u0101zi\u0146o p\u0113c iesp\u0113jas \u0101tr\u0101k<\/li>\n\n\n\n<li>var tikt piepras\u012bta attiec\u012bga inform\u0101cija un pier\u0101d\u012bjumi<\/li>\n\n\n\n<li>pirms jebk\u0101da l\u0113muma pie\u0146em\u0161anas jaut\u0101jums tiks izmekl\u0113ts<\/li>\n<\/ul>\n\n<p>Atmaksas par boj\u0101t\u0101m vai nepareiz\u0101m prec\u0113m <strong>netiek veiktas autom\u0101tiski<\/strong>. Katrs gad\u012bjums tiek izmekl\u0113ts. <\/p>\n\n<hr class=\"wp-block-separator has-alpha-channel-opacity\"\/>\n\n<h1 class=\"wp-block-heading\">Svar\u012bgas piez\u012bmes<\/h1>\n\n<p>T\u0101 k\u0101 Prinvent Marketplace ir vair\u0101ku p\u0101rdev\u0113ju platforma, noteiktas pieg\u0101des, atgrie\u0161anas un apstr\u0101des deta\u013cas var at\u0161\u0137irties atkar\u012bb\u0101 no p\u0101rdev\u0113ja un ieg\u0101d\u0101t\u0101s preces. Klientiem pirms pas\u016bt\u012bjuma veik\u0161anas vienm\u0113r r\u016bp\u012bgi j\u0101p\u0101rskata inform\u0101cija par preci. <\/p>\n\n<p>Veicot pas\u016bt\u012bjumu Prinvent Marketplace, klients piekr\u012bt \u0161iem pieg\u0101des un atgrie\u0161anas noteikumiem.<\/p>\n\n<hr class=\"wp-block-separator has-alpha-channel-opacity\"\/>\n\n<h1 class=\"wp-block-heading\">Kontakti<\/h1>\n\n<p>Visu ar pieg\u0101di un atgrie\u0161anu saist\u012bto jaut\u0101jumu gad\u012bjum\u0101, l\u016bdzu, sazinieties:<\/p>\n\n<p><strong><a>info@prinvent.com<\/a><\/strong><\/p>\n\n<p><\/p>\n","protected":false},"excerpt":{"rendered":"<p>Prinvent Marketplace pas\u016bt\u012bjumos var b\u016bt gan fiziskas preces, gan lejupiel\u0101d\u0113jami vienumi. T\u0101 k\u0101 Prinvent darbojas k\u0101 tirdzniec\u012bbas platforma, fizisko pre\u010du pieg\u0101di un izpildi katrs p\u0101rdev\u0113js veic individu\u0101li. Pirms pas\u016bt\u012bjuma veik\u0161anas, l\u016bdzu, r\u016bp\u012bgi izlasiet t\u0101l\u0101k sniegto inform\u0101ciju. Pieg\u0101de Pieg\u0101des vietas Prinvent Marketplace pa\u0161laik pied\u0101v\u0101: Pa\u0161laik fiziska pieg\u0101de ir pieejama tikai Latvij\u0101, ja vien p\u0101rdev\u0113js nav nor\u0101d\u012bjis [&hellip;]<\/p>\n","protected":false},"author":1,"featured_media":0,"parent":0,"menu_order":0,"comment_status":"closed","ping_status":"closed","template":"","meta":{"footnotes":""},"class_list":["post-3526","page","type-page","status-publish","hentry"],"yoast_head":"<!-- This site is optimized with the Yoast SEO plugin v27.5 - https:\/\/yoast.com\/product\/yoast-seo-wordpress\/ -->\n<title>Pieg\u0101de un atgrie\u0161ana - Prinvent<\/title>\n<meta name=\"robots\" content=\"index, follow, max-snippet:-1, max-image-preview:large, max-video-preview:-1\" \/>\n<link rel=\"canonical\" href=\"https:\/\/prinvent.lv\/lv\/piegade-un-atgriesana\/\" \/>\n<meta property=\"og:locale\" content=\"lv_LV\" \/>\n<meta property=\"og:type\" content=\"article\" \/>\n<meta property=\"og:title\" content=\"Pieg\u0101de un atgrie\u0161ana - Prinvent\" \/>\n<meta property=\"og:description\" content=\"Prinvent Marketplace pas\u016bt\u012bjumos var b\u016bt gan fiziskas preces, gan lejupiel\u0101d\u0113jami vienumi. T\u0101 k\u0101 Prinvent darbojas k\u0101 tirdzniec\u012bbas platforma, fizisko pre\u010du pieg\u0101di un izpildi katrs p\u0101rdev\u0113js veic individu\u0101li. Pirms pas\u016bt\u012bjuma veik\u0161anas, l\u016bdzu, r\u016bp\u012bgi izlasiet t\u0101l\u0101k sniegto inform\u0101ciju. Pieg\u0101de Pieg\u0101des vietas Prinvent Marketplace pa\u0161laik pied\u0101v\u0101: Pa\u0161laik fiziska pieg\u0101de ir pieejama tikai Latvij\u0101, ja vien p\u0101rdev\u0113js nav nor\u0101d\u012bjis [&hellip;]\" \/>\n<meta property=\"og:url\" content=\"https:\/\/prinvent.lv\/lv\/piegade-un-atgriesana\/\" \/>\n<meta property=\"og:site_name\" content=\"Prinvent\" \/>\n<meta property=\"article:publisher\" content=\"https:\/\/facebook.com\/prinvent\" \/>\n<meta property=\"article:modified_time\" content=\"2026-03-30T11:24:44+00:00\" \/>\n<meta name=\"twitter:card\" content=\"summary_large_image\" \/>\n<meta name=\"twitter:label1\" content=\"Est. reading time\" \/>\n\t<meta name=\"twitter:data1\" content=\"5 min\u016btes\" \/>\n<script type=\"application\/ld+json\" class=\"yoast-schema-graph\">{\"@context\":\"https:\\\/\\\/schema.org\",\"@graph\":[{\"@type\":\"WebPage\",\"@id\":\"https:\\\/\\\/prinvent.lv\\\/lv\\\/piegade-un-atgriesana\\\/\",\"url\":\"https:\\\/\\\/prinvent.lv\\\/lv\\\/piegade-un-atgriesana\\\/\",\"name\":\"Pieg\u0101de un atgrie\u0161ana - Prinvent\",\"isPartOf\":{\"@id\":\"https:\\\/\\\/prinvent.lv\\\/lv\\\/en\\\/#website\"},\"datePublished\":\"2026-03-23T14:10:54+00:00\",\"dateModified\":\"2026-03-30T11:24:44+00:00\",\"breadcrumb\":{\"@id\":\"https:\\\/\\\/prinvent.lv\\\/lv\\\/piegade-un-atgriesana\\\/#breadcrumb\"},\"inLanguage\":\"lv-LV\",\"potentialAction\":[{\"@type\":\"ReadAction\",\"target\":[\"https:\\\/\\\/prinvent.lv\\\/lv\\\/piegade-un-atgriesana\\\/\"]}]},{\"@type\":\"BreadcrumbList\",\"@id\":\"https:\\\/\\\/prinvent.lv\\\/lv\\\/piegade-un-atgriesana\\\/#breadcrumb\",\"itemListElement\":[{\"@type\":\"ListItem\",\"position\":1,\"name\":\"Home\",\"item\":\"https:\\\/\\\/prinvent.lv\\\/lv\\\/\"},{\"@type\":\"ListItem\",\"position\":2,\"name\":\"Pieg\u0101de un atgrie\u0161ana\"}]},{\"@type\":\"WebSite\",\"@id\":\"https:\\\/\\\/prinvent.lv\\\/lv\\\/en\\\/#website\",\"url\":\"https:\\\/\\\/prinvent.lv\\\/lv\\\/en\\\/\",\"name\":\"Prinvent\",\"description\":\"\",\"publisher\":{\"@id\":\"https:\\\/\\\/prinvent.lv\\\/lv\\\/en\\\/#organization\"},\"potentialAction\":[{\"@type\":\"SearchAction\",\"target\":{\"@type\":\"EntryPoint\",\"urlTemplate\":\"https:\\\/\\\/prinvent.lv\\\/lv\\\/en\\\/?s={search_term_string}\"},\"query-input\":{\"@type\":\"PropertyValueSpecification\",\"valueRequired\":true,\"valueName\":\"search_term_string\"}}],\"inLanguage\":\"lv-LV\"},{\"@type\":\"Organization\",\"@id\":\"https:\\\/\\\/prinvent.lv\\\/lv\\\/en\\\/#organization\",\"name\":\"Prinvent\",\"url\":\"https:\\\/\\\/prinvent.lv\\\/lv\\\/en\\\/\",\"logo\":{\"@type\":\"ImageObject\",\"inLanguage\":\"lv-LV\",\"@id\":\"https:\\\/\\\/prinvent.lv\\\/lv\\\/en\\\/#\\\/schema\\\/logo\\\/image\\\/\",\"url\":\"https:\\\/\\\/prinvent.lv\\\/wp-content\\\/uploads\\\/2026\\\/03\\\/cropped-1.png\",\"contentUrl\":\"https:\\\/\\\/prinvent.lv\\\/wp-content\\\/uploads\\\/2026\\\/03\\\/cropped-1.png\",\"width\":500,\"height\":147,\"caption\":\"Prinvent\"},\"image\":{\"@id\":\"https:\\\/\\\/prinvent.lv\\\/lv\\\/en\\\/#\\\/schema\\\/logo\\\/image\\\/\"},\"sameAs\":[\"https:\\\/\\\/facebook.com\\\/prinvent\"]}]}<\/script>\n<!-- \/ Yoast SEO plugin. -->","yoast_head_json":{"title":"Pieg\u0101de un atgrie\u0161ana - Prinvent","robots":{"index":"index","follow":"follow","max-snippet":"max-snippet:-1","max-image-preview":"max-image-preview:large","max-video-preview":"max-video-preview:-1"},"canonical":"https:\/\/prinvent.lv\/lv\/piegade-un-atgriesana\/","og_locale":"lv_LV","og_type":"article","og_title":"Pieg\u0101de un atgrie\u0161ana - Prinvent","og_description":"Prinvent Marketplace pas\u016bt\u012bjumos var b\u016bt gan fiziskas preces, gan lejupiel\u0101d\u0113jami vienumi. T\u0101 k\u0101 Prinvent darbojas k\u0101 tirdzniec\u012bbas platforma, fizisko pre\u010du pieg\u0101di un izpildi katrs p\u0101rdev\u0113js veic individu\u0101li. Pirms pas\u016bt\u012bjuma veik\u0161anas, l\u016bdzu, r\u016bp\u012bgi izlasiet t\u0101l\u0101k sniegto inform\u0101ciju. Pieg\u0101de Pieg\u0101des vietas Prinvent Marketplace pa\u0161laik pied\u0101v\u0101: Pa\u0161laik fiziska pieg\u0101de ir pieejama tikai Latvij\u0101, ja vien p\u0101rdev\u0113js nav nor\u0101d\u012bjis [&hellip;]","og_url":"https:\/\/prinvent.lv\/lv\/piegade-un-atgriesana\/","og_site_name":"Prinvent","article_publisher":"https:\/\/facebook.com\/prinvent","article_modified_time":"2026-03-30T11:24:44+00:00","twitter_card":"summary_large_image","twitter_misc":{"Est. reading time":"5 min\u016btes"},"schema":{"@context":"https:\/\/schema.org","@graph":[{"@type":"WebPage","@id":"https:\/\/prinvent.lv\/lv\/piegade-un-atgriesana\/","url":"https:\/\/prinvent.lv\/lv\/piegade-un-atgriesana\/","name":"Pieg\u0101de un atgrie\u0161ana - Prinvent","isPartOf":{"@id":"https:\/\/prinvent.lv\/lv\/en\/#website"},"datePublished":"2026-03-23T14:10:54+00:00","dateModified":"2026-03-30T11:24:44+00:00","breadcrumb":{"@id":"https:\/\/prinvent.lv\/lv\/piegade-un-atgriesana\/#breadcrumb"},"inLanguage":"lv-LV","potentialAction":[{"@type":"ReadAction","target":["https:\/\/prinvent.lv\/lv\/piegade-un-atgriesana\/"]}]},{"@type":"BreadcrumbList","@id":"https:\/\/prinvent.lv\/lv\/piegade-un-atgriesana\/#breadcrumb","itemListElement":[{"@type":"ListItem","position":1,"name":"Home","item":"https:\/\/prinvent.lv\/lv\/"},{"@type":"ListItem","position":2,"name":"Pieg\u0101de un atgrie\u0161ana"}]},{"@type":"WebSite","@id":"https:\/\/prinvent.lv\/lv\/en\/#website","url":"https:\/\/prinvent.lv\/lv\/en\/","name":"Prinvent","description":"","publisher":{"@id":"https:\/\/prinvent.lv\/lv\/en\/#organization"},"potentialAction":[{"@type":"SearchAction","target":{"@type":"EntryPoint","urlTemplate":"https:\/\/prinvent.lv\/lv\/en\/?s={search_term_string}"},"query-input":{"@type":"PropertyValueSpecification","valueRequired":true,"valueName":"search_term_string"}}],"inLanguage":"lv-LV"},{"@type":"Organization","@id":"https:\/\/prinvent.lv\/lv\/en\/#organization","name":"Prinvent","url":"https:\/\/prinvent.lv\/lv\/en\/","logo":{"@type":"ImageObject","inLanguage":"lv-LV","@id":"https:\/\/prinvent.lv\/lv\/en\/#\/schema\/logo\/image\/","url":"https:\/\/prinvent.lv\/wp-content\/uploads\/2026\/03\/cropped-1.png","contentUrl":"https:\/\/prinvent.lv\/wp-content\/uploads\/2026\/03\/cropped-1.png","width":500,"height":147,"caption":"Prinvent"},"image":{"@id":"https:\/\/prinvent.lv\/lv\/en\/#\/schema\/logo\/image\/"},"sameAs":["https:\/\/facebook.com\/prinvent"]}]}},"_links":{"self":[{"href":"https:\/\/prinvent.lv\/lv\/wp-json\/wp\/v2\/pages\/3526","targetHints":{"allow":["GET"]}}],"collection":[{"href":"https:\/\/prinvent.lv\/lv\/wp-json\/wp\/v2\/pages"}],"about":[{"href":"https:\/\/prinvent.lv\/lv\/wp-json\/wp\/v2\/types\/page"}],"author":[{"embeddable":true,"href":"https:\/\/prinvent.lv\/lv\/wp-json\/wp\/v2\/users\/1"}],"replies":[{"embeddable":true,"href":"https:\/\/prinvent.lv\/lv\/wp-json\/wp\/v2\/comments?post=3526"}],"version-history":[{"count":1,"href":"https:\/\/prinvent.lv\/lv\/wp-json\/wp\/v2\/pages\/3526\/revisions"}],"predecessor-version":[{"id":3527,"href":"https:\/\/prinvent.lv\/lv\/wp-json\/wp\/v2\/pages\/3526\/revisions\/3527"}],"wp:attachment":[{"href":"https:\/\/prinvent.lv\/lv\/wp-json\/wp\/v2\/media?parent=3526"}],"curies":[{"name":"wp","href":"https:\/\/api.w.org\/{rel}","templated":true}]}}